{"id":629,"date":"2015-10-19T08:23:48","date_gmt":"2015-10-19T08:23:48","guid":{"rendered":"https:\/\/www.rarom.ro\/?page_id=629"},"modified":"2021-12-09T15:42:53","modified_gmt":"2021-12-09T13:42:53","slug":"modificarea-inscrisurilor-din-cartea-de-identitate","status":"publish","type":"page","link":"https:\/\/www.rarom.ro\/?page_id=629","title":{"rendered":"Modificarea \u00eenscrisurilor din cartea de identitate"},"content":{"rendered":"<p style=\"text-align: justify;\">Dac\u0103 unui vehicul i s-au modificat cel pu\u0163in una dintre caracteristicile tehnice men\u0163ionate \u00een cartea de identitate, <span style=\"text-decoration: underline;\">de\u0163in\u0103torul<\/span> acestuia trebuie s\u0103-l prezinte la una dintre reprezentan\u0163ele RAR pentru \u00eenscrierea \u00een cartea de identitate a respectivelor modific\u0103ri.<\/p>\n<p style=\"text-align: justify;\">Modificarea c\u0103r\u0163ii de identitate se realizeaz\u0103 dup\u0103 ce se constat\u0103 c\u0103 vehiculul modificat respect\u0103 condi\u0163iile constructive \u015fi pe cele privind starea sa tehnic\u0103.<\/p>\n<p style=\"text-align: justify;\"><span style=\"text-decoration: underline;\">De\u0163in\u0103torul<\/span> vehiculului poate fi:<\/p>\n<ul>\n<li style=\"text-align: justify;\">persoana \u00eenscris\u0103 de c\u0103tre autoritatea de \u00eenmatriculare \u00een CIV;<\/li>\n<li style=\"text-align: justify;\">\u00eemputernicitul de\u0163in\u0103torului, prin \u00eemputernicire notarial\u0103, \u00een cazul persoanelor fizice, sau delega\u0163ie, \u00een cazul persoanelor juridice. \u00cen ambele cazuri trebuie specificat clar c\u0103 persoana este \u00eemputernicit\u0103 pentru efectuarea respectivei modific\u0103ri \u00een CIV;<\/li>\n<li style=\"text-align: justify;\">persoana care a dob\u00e2ndit vehiculul. Se prezint\u0103 factura dac\u0103 fostul de\u0163in\u0103tor este persoan\u0103 juridic\u0103 sau contractul de v\u00e2nzare-cump\u0103rare, dac\u0103 fostul de\u0163in\u0103tor este persoana fizic\u0103.<\/li>\n<\/ul>\n","protected":false},"excerpt":{"rendered":"<p>Dac\u0103 unui vehicul i s-au modificat cel pu\u0163in una dintre caracteristicile tehnice men\u0163ionate \u00een cartea de identitate, de\u0163in\u0103torul acestuia trebuie s\u0103-l prezinte la una dintre reprezentan\u0163ele RAR pentru \u00eenscrierea \u00een cartea de identitate a respectivelor modific\u0103ri. Modificarea c\u0103r\u0163ii de identitate se realizeaz\u0103 dup\u0103 ce se constat\u0103 c\u0103 vehiculul modificat respect\u0103 condi\u0163iile constructive \u015fi pe cele [&hellip;]<\/p>\n","protected":false},"author":1,"featured_media":0,"parent":37,"menu_order":4,"comment_status":"closed","ping_status":"closed","template":"","meta":{"_acf_changed":false,"footnotes":""},"class_list":["post-629","page","type-page","status-publish","hentry"],"acf":[],"_links":{"self":[{"href":"https:\/\/www.rarom.ro\/index.php?rest_route=\/wp\/v2\/pages\/629","targetHints":{"allow":["GET"]}}],"collection":[{"href":"https:\/\/www.rarom.ro\/index.php?rest_route=\/wp\/v2\/pages"}],"about":[{"href":"https:\/\/www.rarom.ro\/index.php?rest_route=\/wp\/v2\/types\/page"}],"author":[{"embeddable":true,"href":"https:\/\/www.rarom.ro\/index.php?rest_route=\/wp\/v2\/users\/1"}],"replies":[{"embeddable":true,"href":"https:\/\/www.rarom.ro\/index.php?rest_route=%2Fwp%2Fv2%2Fcomments&post=629"}],"version-history":[{"count":2,"href":"https:\/\/www.rarom.ro\/index.php?rest_route=\/wp\/v2\/pages\/629\/revisions"}],"predecessor-version":[{"id":12396,"href":"https:\/\/www.rarom.ro\/index.php?rest_route=\/wp\/v2\/pages\/629\/revisions\/12396"}],"up":[{"embeddable":true,"href":"https:\/\/www.rarom.ro\/index.php?rest_route=\/wp\/v2\/pages\/37"}],"wp:attachment":[{"href":"https:\/\/www.rarom.ro\/index.php?rest_route=%2Fwp%2Fv2%2Fmedia&parent=629"}],"curies":[{"name":"wp","href":"https:\/\/api.w.org\/{rel}","templated":true}]}}