{"id":623,"date":"2015-10-19T08:21:24","date_gmt":"2015-10-19T08:21:24","guid":{"rendered":"https:\/\/www.rarom.ro\/?page_id=623"},"modified":"2021-12-09T16:10:59","modified_gmt":"2021-12-09T14:10:59","slug":"autovehicule-destinate-invatarii-conducerii-auto","status":"publish","type":"page","link":"https:\/\/www.rarom.ro\/?page_id=623","title":{"rendered":"Autovehicule destinate \u00eenv\u0103\u0163\u0103rii conducerii auto"},"content":{"rendered":"<p style=\"text-align: justify;\"><strong>ORDINUL nr.1856 din 11 octombrie 2006<\/strong> al Ministrului transporturilor, construc\u0163iilor \u015fi turismului pentru aprobarea P\u0103r\u0163ii I &#8222;Normele de autorizare a \u015fcolilor de conduc\u0103tori auto&#8221; din Normele de autorizare a func\u0163ion\u0103rii centrelor de preg\u0103tire a personalului din domeniul transporturilor rutiere<\/p>\n<p style=\"text-align: justify;\"><strong>ORDINUL nr. 2133 din 8 decembrie 2005<\/strong> al Ministrul transporturilor, construc\u0163iilor \u015fi turismului pentru aprobarea Reglement\u0103rilor privind certificarea \u00eencadr\u0103rii vehiculelor rutiere \u00eenmatriculate \u00een normele tehnice privind siguran\u0163a circula\u0163iei rutiere, protec\u0163ia mediului \u015fi \u00een categoria de folosin\u0163\u0103 conform destina\u0163iei, prin inspec\u0163ia tehnic\u0103 periodic\u0103 &#8211; RNTR 1<\/p>\n","protected":false},"excerpt":{"rendered":"<p>ORDINUL nr.1856 din 11 octombrie 2006 al Ministrului transporturilor, construc\u0163iilor \u015fi turismului pentru aprobarea P\u0103r\u0163ii I &#8222;Normele de autorizare a \u015fcolilor de conduc\u0103tori auto&#8221; din Normele de autorizare a func\u0163ion\u0103rii centrelor de preg\u0103tire a personalului din domeniul transporturilor rutiere ORDINUL nr. 2133 din 8 decembrie 2005 al Ministrul transporturilor, construc\u0163iilor \u015fi turismului pentru aprobarea Reglement\u0103rilor [&hellip;]<\/p>\n","protected":false},"author":1,"featured_media":0,"parent":37,"menu_order":7,"comment_status":"closed","ping_status":"closed","template":"","meta":{"_acf_changed":false,"footnotes":""},"class_list":["post-623","page","type-page","status-publish","hentry"],"acf":[],"_links":{"self":[{"href":"https:\/\/www.rarom.ro\/index.php?rest_route=\/wp\/v2\/pages\/623","targetHints":{"allow":["GET"]}}],"collection":[{"href":"https:\/\/www.rarom.ro\/index.php?rest_route=\/wp\/v2\/pages"}],"about":[{"href":"https:\/\/www.rarom.ro\/index.php?rest_route=\/wp\/v2\/types\/page"}],"author":[{"embeddable":true,"href":"https:\/\/www.rarom.ro\/index.php?rest_route=\/wp\/v2\/users\/1"}],"replies":[{"embeddable":true,"href":"https:\/\/www.rarom.ro\/index.php?rest_route=%2Fwp%2Fv2%2Fcomments&post=623"}],"version-history":[{"count":2,"href":"https:\/\/www.rarom.ro\/index.php?rest_route=\/wp\/v2\/pages\/623\/revisions"}],"predecessor-version":[{"id":12394,"href":"https:\/\/www.rarom.ro\/index.php?rest_route=\/wp\/v2\/pages\/623\/revisions\/12394"}],"up":[{"embeddable":true,"href":"https:\/\/www.rarom.ro\/index.php?rest_route=\/wp\/v2\/pages\/37"}],"wp:attachment":[{"href":"https:\/\/www.rarom.ro\/index.php?rest_route=%2Fwp%2Fv2%2Fmedia&parent=623"}],"curies":[{"name":"wp","href":"https:\/\/api.w.org\/{rel}","templated":true}]}}