{"id":6217,"date":"2018-06-05T14:17:45","date_gmt":"2018-06-05T11:17:45","guid":{"rendered":"https:\/\/www.rarom.ro\/?page_id=6217"},"modified":"2018-06-05T14:17:56","modified_gmt":"2018-06-05T11:17:56","slug":"util","status":"publish","type":"page","link":"https:\/\/www.rarom.ro\/?page_id=6217","title":{"rendered":"Util"},"content":{"rendered":"<p><strong>Siguran\u0163a copiilor<\/strong><\/p>\n<p>&nbsp;<\/p>\n<p><a href=\"https:\/\/www.rarom.ro\/wp-content\/uploads\/2018\/06\/Util_mare236.jpg\"><img loading=\"lazy\" decoding=\"async\" class=\"size-full wp-image-6218 aligncenter\" src=\"https:\/\/www.rarom.ro\/wp-content\/uploads\/2018\/06\/Util_mare236.jpg\" alt=\"\" width=\"730\" height=\"450\" srcset=\"https:\/\/www.rarom.ro\/wp-content\/uploads\/2018\/06\/Util_mare236.jpg 730w, https:\/\/www.rarom.ro\/wp-content\/uploads\/2018\/06\/Util_mare236-300x185.jpg 300w\" sizes=\"auto, (max-width: 730px) 100vw, 730px\" \/><\/a><\/p>\n<p><a href=\"https:\/\/www.rarom.ro\/wp-content\/uploads\/2018\/06\/Util_pagini236.jpg\"><img loading=\"lazy\" decoding=\"async\" class=\"size-full wp-image-6220 alignleft\" src=\"https:\/\/www.rarom.ro\/wp-content\/uploads\/2018\/06\/Util_pagini236.jpg\" alt=\"\" width=\"250\" height=\"165\" \/><\/a>\u00a0Oric\u00e2t de mult\u0103 aten\u0163ie le acord\u0103m copiilor atunci c\u00e2nd folosim autoturismul propriu, din p\u0103cate, tot se pot \u00eent\u00e2mpla evenimente nedorite care le pot pune via\u0163a \u00een pericol. Strangul\u0103rile \u00een ferestrele cu \u00eenchidere automat\u0103, accidentele din cauza c\u0103ldurii excesive sau r\u0103nile de impact la vitez\u0103 redus\u0103, at\u00e2t cu fa\u0163a c\u00e2t \u015fi cu spatele ma\u015finii, reprezint\u0103 doar c\u00e2teva exemple despre ce se poate \u00eent\u00e2mpla atunci c\u00e2nd copiii sunt l\u0103sa\u0163i singuri sau nesupraveghea\u0163i \u00een automobile \u015fi, mai ales, \u00een jurul acestora. Adic\u0103, o clip\u0103 de neaten\u0163ie din partea noastr\u0103 este \u00eendeajuns ca s\u0103 se \u00eent\u00e2mple o tragedie. [&#8230;]<\/p>\n","protected":false},"excerpt":{"rendered":"<p>Siguran\u0163a copiilor &nbsp; \u00a0Oric\u00e2t de mult\u0103 aten\u0163ie le acord\u0103m copiilor atunci c\u00e2nd folosim autoturismul propriu, din p\u0103cate, tot se pot \u00eent\u00e2mpla evenimente nedorite care le pot pune via\u0163a \u00een pericol. Strangul\u0103rile \u00een ferestrele cu \u00eenchidere automat\u0103, accidentele din cauza c\u0103ldurii excesive sau r\u0103nile de impact la vitez\u0103 redus\u0103, at\u00e2t cu fa\u0163a c\u00e2t \u015fi cu spatele [&hellip;]<\/p>\n","protected":false},"author":3,"featured_media":0,"parent":6138,"menu_order":5,"comment_status":"closed","ping_status":"closed","template":"","meta":{"_acf_changed":false,"footnotes":""},"class_list":["post-6217","page","type-page","status-publish","hentry"],"acf":[],"_links":{"self":[{"href":"https:\/\/www.rarom.ro\/index.php?rest_route=\/wp\/v2\/pages\/6217","targetHints":{"allow":["GET"]}}],"collection":[{"href":"https:\/\/www.rarom.ro\/index.php?rest_route=\/wp\/v2\/pages"}],"about":[{"href":"https:\/\/www.rarom.ro\/index.php?rest_route=\/wp\/v2\/types\/page"}],"author":[{"embeddable":true,"href":"https:\/\/www.rarom.ro\/index.php?rest_route=\/wp\/v2\/users\/3"}],"replies":[{"embeddable":true,"href":"https:\/\/www.rarom.ro\/index.php?rest_route=%2Fwp%2Fv2%2Fcomments&post=6217"}],"version-history":[{"count":2,"href":"https:\/\/www.rarom.ro\/index.php?rest_route=\/wp\/v2\/pages\/6217\/revisions"}],"predecessor-version":[{"id":6223,"href":"https:\/\/www.rarom.ro\/index.php?rest_route=\/wp\/v2\/pages\/6217\/revisions\/6223"}],"up":[{"embeddable":true,"href":"https:\/\/www.rarom.ro\/index.php?rest_route=\/wp\/v2\/pages\/6138"}],"wp:attachment":[{"href":"https:\/\/www.rarom.ro\/index.php?rest_route=%2Fwp%2Fv2%2Fmedia&parent=6217"}],"curies":[{"name":"wp","href":"https:\/\/api.w.org\/{rel}","templated":true}]}}