{"id":621,"date":"2015-10-19T08:20:47","date_gmt":"2015-10-19T08:20:47","guid":{"rendered":"https:\/\/www.rarom.ro\/?page_id=621"},"modified":"2021-12-09T16:12:01","modified_gmt":"2021-12-09T14:12:01","slug":"certificate-de-clasificare-pe-categorii-de-confort","status":"publish","type":"page","link":"https:\/\/www.rarom.ro\/?page_id=621","title":{"rendered":"Certificate de clasificare pe categorii de confort"},"content":{"rendered":"<p style=\"text-align: justify;\"><strong>ORDINUL nr. 458 din 27 martie 2002<\/strong> cu modific\u0103rile ulterioare al Ministrului lucr\u0103rilor publice, transporturilor \u015fi locuin\u0163ei pentru aprobarea Normelor metodologice privind clasificarea pe categorii a autobuzelor \u015fi microbuzelor utilizate pentru transporturi publice de persoane prin servicii regulate \u00een trafic na\u0163ional.<\/p>\n","protected":false},"excerpt":{"rendered":"<p>ORDINUL nr. 458 din 27 martie 2002 cu modific\u0103rile ulterioare al Ministrului lucr\u0103rilor publice, transporturilor \u015fi locuin\u0163ei pentru aprobarea Normelor metodologice privind clasificarea pe categorii a autobuzelor \u015fi microbuzelor utilizate pentru transporturi publice de persoane prin servicii regulate \u00een trafic na\u0163ional.<\/p>\n","protected":false},"author":1,"featured_media":0,"parent":37,"menu_order":8,"comment_status":"closed","ping_status":"closed","template":"","meta":{"_acf_changed":false,"footnotes":""},"class_list":["post-621","page","type-page","status-publish","hentry"],"acf":[],"_links":{"self":[{"href":"https:\/\/www.rarom.ro\/index.php?rest_route=\/wp\/v2\/pages\/621","targetHints":{"allow":["GET"]}}],"collection":[{"href":"https:\/\/www.rarom.ro\/index.php?rest_route=\/wp\/v2\/pages"}],"about":[{"href":"https:\/\/www.rarom.ro\/index.php?rest_route=\/wp\/v2\/types\/page"}],"author":[{"embeddable":true,"href":"https:\/\/www.rarom.ro\/index.php?rest_route=\/wp\/v2\/users\/1"}],"replies":[{"embeddable":true,"href":"https:\/\/www.rarom.ro\/index.php?rest_route=%2Fwp%2Fv2%2Fcomments&post=621"}],"version-history":[{"count":4,"href":"https:\/\/www.rarom.ro\/index.php?rest_route=\/wp\/v2\/pages\/621\/revisions"}],"predecessor-version":[{"id":12387,"href":"https:\/\/www.rarom.ro\/index.php?rest_route=\/wp\/v2\/pages\/621\/revisions\/12387"}],"up":[{"embeddable":true,"href":"https:\/\/www.rarom.ro\/index.php?rest_route=\/wp\/v2\/pages\/37"}],"wp:attachment":[{"href":"https:\/\/www.rarom.ro\/index.php?rest_route=%2Fwp%2Fv2%2Fmedia&parent=621"}],"curies":[{"name":"wp","href":"https:\/\/api.w.org\/{rel}","templated":true}]}}