{"id":6209,"date":"2018-06-05T14:13:28","date_gmt":"2018-06-05T11:13:28","guid":{"rendered":"https:\/\/www.rarom.ro\/?page_id=6209"},"modified":"2018-06-06T10:07:57","modified_gmt":"2018-06-06T07:07:57","slug":"design","status":"publish","type":"page","link":"https:\/\/www.rarom.ro\/?page_id=6209","title":{"rendered":"Design"},"content":{"rendered":"<p><strong>DS X E-Tense<\/strong><\/p>\n<p><a href=\"https:\/\/www.rarom.ro\/wp-content\/uploads\/2018\/06\/Design_mare236.jpg\"><img loading=\"lazy\" decoding=\"async\" class=\"aligncenter size-full wp-image-6210\" src=\"https:\/\/www.rarom.ro\/wp-content\/uploads\/2018\/06\/Design_mare236.jpg\" alt=\"\" width=\"730\" height=\"450\" srcset=\"https:\/\/www.rarom.ro\/wp-content\/uploads\/2018\/06\/Design_mare236.jpg 730w, https:\/\/www.rarom.ro\/wp-content\/uploads\/2018\/06\/Design_mare236-300x185.jpg 300w\" sizes=\"auto, (max-width: 730px) 100vw, 730px\" \/><\/a><\/p>\n<p><a href=\"https:\/\/www.rarom.ro\/wp-content\/uploads\/2018\/06\/Design_pagini236-1.jpg\"><img loading=\"lazy\" decoding=\"async\" class=\"size-full wp-image-6214 alignleft\" src=\"https:\/\/www.rarom.ro\/wp-content\/uploads\/2018\/06\/Design_pagini236-1.jpg\" alt=\"\" width=\"250\" height=\"165\" \/><\/a>\u00a0Francezii de la DS, divizia de lux a grupului PSA, au decis s\u0103 lase designerilor m\u00e2n\u0103 liber\u0103, cafea, ron\u0163\u0103ieli \u015fi poate \u015fi ceva &#8222;iarb\u0103&#8221;, \u00eens\u0103 indiferent de ingredientele folosite rezultatul final este unul fulminant care le face cinste. [&#8230;]<br \/>\n&nbsp; &nbsp; &nbsp;<\/p>\n","protected":false},"excerpt":{"rendered":"<p>DS X E-Tense \u00a0Francezii de la DS, divizia de lux a grupului PSA, au decis s\u0103 lase designerilor m\u00e2n\u0103 liber\u0103, cafea, ron\u0163\u0103ieli \u015fi poate \u015fi ceva &#8222;iarb\u0103&#8221;, \u00eens\u0103 indiferent de ingredientele folosite rezultatul final este unul fulminant care le face cinste. [&#8230;] &nbsp; &nbsp; &nbsp;<\/p>\n","protected":false},"author":3,"featured_media":0,"parent":6138,"menu_order":4,"comment_status":"closed","ping_status":"closed","template":"","meta":{"_acf_changed":false,"footnotes":""},"class_list":["post-6209","page","type-page","status-publish","hentry"],"acf":[],"_links":{"self":[{"href":"https:\/\/www.rarom.ro\/index.php?rest_route=\/wp\/v2\/pages\/6209","targetHints":{"allow":["GET"]}}],"collection":[{"href":"https:\/\/www.rarom.ro\/index.php?rest_route=\/wp\/v2\/pages"}],"about":[{"href":"https:\/\/www.rarom.ro\/index.php?rest_route=\/wp\/v2\/types\/page"}],"author":[{"embeddable":true,"href":"https:\/\/www.rarom.ro\/index.php?rest_route=\/wp\/v2\/users\/3"}],"replies":[{"embeddable":true,"href":"https:\/\/www.rarom.ro\/index.php?rest_route=%2Fwp%2Fv2%2Fcomments&post=6209"}],"version-history":[{"count":3,"href":"https:\/\/www.rarom.ro\/index.php?rest_route=\/wp\/v2\/pages\/6209\/revisions"}],"predecessor-version":[{"id":6261,"href":"https:\/\/www.rarom.ro\/index.php?rest_route=\/wp\/v2\/pages\/6209\/revisions\/6261"}],"up":[{"embeddable":true,"href":"https:\/\/www.rarom.ro\/index.php?rest_route=\/wp\/v2\/pages\/6138"}],"wp:attachment":[{"href":"https:\/\/www.rarom.ro\/index.php?rest_route=%2Fwp%2Fv2%2Fmedia&parent=6209"}],"curies":[{"name":"wp","href":"https:\/\/api.w.org\/{rel}","templated":true}]}}