{"id":6198,"date":"2018-06-05T14:10:05","date_gmt":"2018-06-05T11:10:05","guid":{"rendered":"https:\/\/www.rarom.ro\/?page_id=6198"},"modified":"2018-06-05T14:10:12","modified_gmt":"2018-06-05T11:10:12","slug":"magazin","status":"publish","type":"page","link":"https:\/\/www.rarom.ro\/?page_id=6198","title":{"rendered":"Magazin"},"content":{"rendered":"<p><strong>Land Rover \u2013 Jamie Oliver<\/strong><\/p>\n<p><a href=\"https:\/\/www.rarom.ro\/wp-content\/uploads\/2018\/06\/Magazin_mare236.jpg\"><img loading=\"lazy\" decoding=\"async\" class=\"size-full wp-image-6199 aligncenter\" src=\"https:\/\/www.rarom.ro\/wp-content\/uploads\/2018\/06\/Magazin_mare236.jpg\" alt=\"\" width=\"730\" height=\"450\" srcset=\"https:\/\/www.rarom.ro\/wp-content\/uploads\/2018\/06\/Magazin_mare236.jpg 730w, https:\/\/www.rarom.ro\/wp-content\/uploads\/2018\/06\/Magazin_mare236-300x185.jpg 300w\" sizes=\"auto, (max-width: 730px) 100vw, 730px\" \/><\/a><\/p>\n<p><a href=\"https:\/\/www.rarom.ro\/wp-content\/uploads\/2018\/06\/Magazin_pagini236.jpg\"><img loading=\"lazy\" decoding=\"async\" class=\"size-full wp-image-6201 alignleft\" src=\"https:\/\/www.rarom.ro\/wp-content\/uploads\/2018\/06\/Magazin_pagini236.jpg\" alt=\"\" width=\"250\" height=\"165\" \/><\/a>\u00a0Despre lumea automobilelor \u015fi cea culinar\u0103 se \u015ftie deja c\u0103 au destule puncte de tangen\u0163\u0103. Ma\u015finile specializate de genul bistrou sunt un exemplu. Dar cum ar fi dac\u0103 \u0163i-ai personaliza ma\u015fina familiei cu componente dintr-o buc\u0103t\u0103rie modern\u0103? Celebrul chef Jamie Oliver \u015fi Land Rover ne arat\u0103 printr-o re\u0163et\u0103 comun\u0103 c\u0103 este perfect posibil. [&#8230;]<\/p>\n","protected":false},"excerpt":{"rendered":"<p>Land Rover \u2013 Jamie Oliver \u00a0Despre lumea automobilelor \u015fi cea culinar\u0103 se \u015ftie deja c\u0103 au destule puncte de tangen\u0163\u0103. Ma\u015finile specializate de genul bistrou sunt un exemplu. Dar cum ar fi dac\u0103 \u0163i-ai personaliza ma\u015fina familiei cu componente dintr-o buc\u0103t\u0103rie modern\u0103? Celebrul chef Jamie Oliver \u015fi Land Rover ne arat\u0103 printr-o re\u0163et\u0103 comun\u0103 c\u0103 [&hellip;]<\/p>\n","protected":false},"author":3,"featured_media":0,"parent":6138,"menu_order":3,"comment_status":"closed","ping_status":"closed","template":"","meta":{"_acf_changed":false,"footnotes":""},"class_list":["post-6198","page","type-page","status-publish","hentry"],"acf":[],"_links":{"self":[{"href":"https:\/\/www.rarom.ro\/index.php?rest_route=\/wp\/v2\/pages\/6198","targetHints":{"allow":["GET"]}}],"collection":[{"href":"https:\/\/www.rarom.ro\/index.php?rest_route=\/wp\/v2\/pages"}],"about":[{"href":"https:\/\/www.rarom.ro\/index.php?rest_route=\/wp\/v2\/types\/page"}],"author":[{"embeddable":true,"href":"https:\/\/www.rarom.ro\/index.php?rest_route=\/wp\/v2\/users\/3"}],"replies":[{"embeddable":true,"href":"https:\/\/www.rarom.ro\/index.php?rest_route=%2Fwp%2Fv2%2Fcomments&post=6198"}],"version-history":[{"count":2,"href":"https:\/\/www.rarom.ro\/index.php?rest_route=\/wp\/v2\/pages\/6198\/revisions"}],"predecessor-version":[{"id":6208,"href":"https:\/\/www.rarom.ro\/index.php?rest_route=\/wp\/v2\/pages\/6198\/revisions\/6208"}],"up":[{"embeddable":true,"href":"https:\/\/www.rarom.ro\/index.php?rest_route=\/wp\/v2\/pages\/6138"}],"wp:attachment":[{"href":"https:\/\/www.rarom.ro\/index.php?rest_route=%2Fwp%2Fv2%2Fmedia&parent=6198"}],"curies":[{"name":"wp","href":"https:\/\/api.w.org\/{rel}","templated":true}]}}