{"id":6180,"date":"2018-06-05T14:04:54","date_gmt":"2018-06-05T11:04:54","guid":{"rendered":"https:\/\/www.rarom.ro\/?page_id=6180"},"modified":"2018-06-06T09:20:22","modified_gmt":"2018-06-06T06:20:22","slug":"ford-fiesta-active","status":"publish","type":"page","link":"https:\/\/www.rarom.ro\/?page_id=6180","title":{"rendered":"Ford Fiesta Active"},"content":{"rendered":"<p><strong>Test: Ford Fiesta Active<\/strong><\/p>\n<p><a href=\"https:\/\/www.rarom.ro\/wp-content\/uploads\/2018\/06\/TestFiesta_mare236.jpg\"><img loading=\"lazy\" decoding=\"async\" class=\"aligncenter size-full wp-image-6181\" src=\"https:\/\/www.rarom.ro\/wp-content\/uploads\/2018\/06\/TestFiesta_mare236.jpg\" alt=\"\" width=\"730\" height=\"450\" srcset=\"https:\/\/www.rarom.ro\/wp-content\/uploads\/2018\/06\/TestFiesta_mare236.jpg 730w, https:\/\/www.rarom.ro\/wp-content\/uploads\/2018\/06\/TestFiesta_mare236-300x185.jpg 300w\" sizes=\"auto, (max-width: 730px) 100vw, 730px\" \/><\/a><\/p>\n<p><a href=\"https:\/\/www.rarom.ro\/wp-content\/uploads\/2018\/06\/TestFiesta_pagini236.jpg\"><img loading=\"lazy\" decoding=\"async\" class=\"size-full wp-image-6183 alignleft\" src=\"https:\/\/www.rarom.ro\/wp-content\/uploads\/2018\/06\/TestFiesta_pagini236.jpg\" alt=\"\" width=\"250\" height=\"165\" \/><\/a>\u00a0Ford a adus oficial \u00een Rom\u00e2nia noul Fiesta Active, varianta ceva mai robust\u0103 a modelului de clas\u0103 mic\u0103. Acesta devine cel mai nou rival pentru populara Dacia Sandero Stepway. \u00a0[&#8230;]<\/p>\n<p>&nbsp; &nbsp; &nbsp;&nbsp; &nbsp; &nbsp; &nbsp; &nbsp; &nbsp;<\/p>\n","protected":false},"excerpt":{"rendered":"<p>Test: Ford Fiesta Active \u00a0Ford a adus oficial \u00een Rom\u00e2nia noul Fiesta Active, varianta ceva mai robust\u0103 a modelului de clas\u0103 mic\u0103. Acesta devine cel mai nou rival pentru populara Dacia Sandero Stepway. \u00a0[&#8230;] &nbsp; &nbsp; &nbsp;&nbsp; &nbsp; &nbsp; &nbsp; &nbsp; &nbsp;<\/p>\n","protected":false},"author":3,"featured_media":0,"parent":6146,"menu_order":5,"comment_status":"closed","ping_status":"closed","template":"","meta":{"_acf_changed":false,"footnotes":""},"class_list":["post-6180","page","type-page","status-publish","hentry"],"acf":[],"_links":{"self":[{"href":"https:\/\/www.rarom.ro\/index.php?rest_route=\/wp\/v2\/pages\/6180","targetHints":{"allow":["GET"]}}],"collection":[{"href":"https:\/\/www.rarom.ro\/index.php?rest_route=\/wp\/v2\/pages"}],"about":[{"href":"https:\/\/www.rarom.ro\/index.php?rest_route=\/wp\/v2\/types\/page"}],"author":[{"embeddable":true,"href":"https:\/\/www.rarom.ro\/index.php?rest_route=\/wp\/v2\/users\/3"}],"replies":[{"embeddable":true,"href":"https:\/\/www.rarom.ro\/index.php?rest_route=%2Fwp%2Fv2%2Fcomments&post=6180"}],"version-history":[{"count":5,"href":"https:\/\/www.rarom.ro\/index.php?rest_route=\/wp\/v2\/pages\/6180\/revisions"}],"predecessor-version":[{"id":6260,"href":"https:\/\/www.rarom.ro\/index.php?rest_route=\/wp\/v2\/pages\/6180\/revisions\/6260"}],"up":[{"embeddable":true,"href":"https:\/\/www.rarom.ro\/index.php?rest_route=\/wp\/v2\/pages\/6146"}],"wp:attachment":[{"href":"https:\/\/www.rarom.ro\/index.php?rest_route=%2Fwp%2Fv2%2Fmedia&parent=6180"}],"curies":[{"name":"wp","href":"https:\/\/api.w.org\/{rel}","templated":true}]}}