{"id":6174,"date":"2018-06-05T14:03:28","date_gmt":"2018-06-05T11:03:28","guid":{"rendered":"https:\/\/www.rarom.ro\/?page_id=6174"},"modified":"2018-06-06T09:17:38","modified_gmt":"2018-06-06T06:17:38","slug":"renault-megane-rs","status":"publish","type":"page","link":"https:\/\/www.rarom.ro\/?page_id=6174","title":{"rendered":"Renault Megane RS"},"content":{"rendered":"<p><strong>Test: Renault Megane RS<\/strong><\/p>\n<p><a href=\"https:\/\/www.rarom.ro\/wp-content\/uploads\/2018\/06\/TestRenault_mare236.jpg\"><img loading=\"lazy\" decoding=\"async\" class=\"aligncenter size-full wp-image-6175\" src=\"https:\/\/www.rarom.ro\/wp-content\/uploads\/2018\/06\/TestRenault_mare236.jpg\" alt=\"\" width=\"730\" height=\"450\" srcset=\"https:\/\/www.rarom.ro\/wp-content\/uploads\/2018\/06\/TestRenault_mare236.jpg 730w, https:\/\/www.rarom.ro\/wp-content\/uploads\/2018\/06\/TestRenault_mare236-300x185.jpg 300w\" sizes=\"auto, (max-width: 730px) 100vw, 730px\" \/><\/a><\/p>\n<p><a href=\"https:\/\/www.rarom.ro\/wp-content\/uploads\/2018\/06\/TestRenault_pagini236.jpg\"><img loading=\"lazy\" decoding=\"async\" class=\"size-full wp-image-6177 alignleft\" src=\"https:\/\/www.rarom.ro\/wp-content\/uploads\/2018\/06\/TestRenault_pagini236.jpg\" alt=\"\" width=\"250\" height=\"165\" \/><\/a>\u00a0Noul Megane RS a ajuns \u00een Rom\u00e2nia. Nu oriunde, pe circuitul Motor Park de la Ad\u00e2ncata, \u015fi nu oricum, ci \u00eenso\u0163it de o echip\u0103 de tehnicieni \u015fi manageri de la Renault Sport, plus un exemplar R.S. 01 at\u00e2t de s\u0103lbatic \u00eenc\u00e2t ne-a \u00eencremenit pe to\u0163i. \u00cen dreapta. [&#8230;]<\/p>\n<p>&nbsp; &nbsp; &nbsp;<\/p>\n","protected":false},"excerpt":{"rendered":"<p>Test: Renault Megane RS \u00a0Noul Megane RS a ajuns \u00een Rom\u00e2nia. Nu oriunde, pe circuitul Motor Park de la Ad\u00e2ncata, \u015fi nu oricum, ci \u00eenso\u0163it de o echip\u0103 de tehnicieni \u015fi manageri de la Renault Sport, plus un exemplar R.S. 01 at\u00e2t de s\u0103lbatic \u00eenc\u00e2t ne-a \u00eencremenit pe to\u0163i. \u00cen dreapta. [&#8230;] &nbsp; &nbsp; &nbsp;<\/p>\n","protected":false},"author":3,"featured_media":0,"parent":6146,"menu_order":4,"comment_status":"closed","ping_status":"closed","template":"","meta":{"_acf_changed":false,"footnotes":""},"class_list":["post-6174","page","type-page","status-publish","hentry"],"acf":[],"_links":{"self":[{"href":"https:\/\/www.rarom.ro\/index.php?rest_route=\/wp\/v2\/pages\/6174","targetHints":{"allow":["GET"]}}],"collection":[{"href":"https:\/\/www.rarom.ro\/index.php?rest_route=\/wp\/v2\/pages"}],"about":[{"href":"https:\/\/www.rarom.ro\/index.php?rest_route=\/wp\/v2\/types\/page"}],"author":[{"embeddable":true,"href":"https:\/\/www.rarom.ro\/index.php?rest_route=\/wp\/v2\/users\/3"}],"replies":[{"embeddable":true,"href":"https:\/\/www.rarom.ro\/index.php?rest_route=%2Fwp%2Fv2%2Fcomments&post=6174"}],"version-history":[{"count":2,"href":"https:\/\/www.rarom.ro\/index.php?rest_route=\/wp\/v2\/pages\/6174\/revisions"}],"predecessor-version":[{"id":6256,"href":"https:\/\/www.rarom.ro\/index.php?rest_route=\/wp\/v2\/pages\/6174\/revisions\/6256"}],"up":[{"embeddable":true,"href":"https:\/\/www.rarom.ro\/index.php?rest_route=\/wp\/v2\/pages\/6146"}],"wp:attachment":[{"href":"https:\/\/www.rarom.ro\/index.php?rest_route=%2Fwp%2Fv2%2Fmedia&parent=6174"}],"curies":[{"name":"wp","href":"https:\/\/api.w.org\/{rel}","templated":true}]}}