{"id":6164,"date":"2018-06-05T14:02:04","date_gmt":"2018-06-05T11:02:04","guid":{"rendered":"https:\/\/www.rarom.ro\/?page_id=6164"},"modified":"2018-06-06T09:16:34","modified_gmt":"2018-06-06T06:16:34","slug":"polaris-slingshot","status":"publish","type":"page","link":"https:\/\/www.rarom.ro\/?page_id=6164","title":{"rendered":"Polaris Slingshot"},"content":{"rendered":"<p><strong>Test: Polaris Slingshot<\/strong><\/p>\n<p><a href=\"https:\/\/www.rarom.ro\/wp-content\/uploads\/2018\/06\/TestPolaris_mare236.jpg\"><img loading=\"lazy\" decoding=\"async\" class=\"aligncenter size-full wp-image-6169\" src=\"https:\/\/www.rarom.ro\/wp-content\/uploads\/2018\/06\/TestPolaris_mare236.jpg\" alt=\"\" width=\"730\" height=\"450\" srcset=\"https:\/\/www.rarom.ro\/wp-content\/uploads\/2018\/06\/TestPolaris_mare236.jpg 730w, https:\/\/www.rarom.ro\/wp-content\/uploads\/2018\/06\/TestPolaris_mare236-300x185.jpg 300w\" sizes=\"auto, (max-width: 730px) 100vw, 730px\" \/><\/a><\/p>\n<p><img loading=\"lazy\" decoding=\"async\" class=\"size-full wp-image-6171 alignleft\" src=\"https:\/\/www.rarom.ro\/wp-content\/uploads\/2018\/06\/TestPolaris_pagini236-1.jpg\" alt=\"\" width=\"250\" height=\"165\" \/>\u00a0Slingshotul este, categoric, o apari\u0163ie spectaculoas\u0103! Pur \u015fi simplu nu poate fi ignorat \u015fi nu trebuie s\u0103 fii un pasionat sau un cunosc\u0103tor ca s\u0103 \u00ee\u0163i dai seama c\u0103 este&#8230; altceva! Pare genul de vehicul pe care c\u0103pitanul Picard l-ar folosi, dac\u0103 ar ajunge \u00een vacan\u0163\u0103, pe P\u0103m\u00e2nt. Deloc prietenoas\u0103 ca aspect, cu multe unghiuri \u015fi muchii ascu\u0163ite, foarte fioroas\u0103 atunci c\u00e2nd o prive\u015fti din fa\u0163\u0103, inova\u0163ia celor de la Polaris \u00eentoarce absolut toate privirile! [&#8230;]<\/p>\n","protected":false},"excerpt":{"rendered":"<p>Test: Polaris Slingshot \u00a0Slingshotul este, categoric, o apari\u0163ie spectaculoas\u0103! Pur \u015fi simplu nu poate fi ignorat \u015fi nu trebuie s\u0103 fii un pasionat sau un cunosc\u0103tor ca s\u0103 \u00ee\u0163i dai seama c\u0103 este&#8230; altceva! Pare genul de vehicul pe care c\u0103pitanul Picard l-ar folosi, dac\u0103 ar ajunge \u00een vacan\u0163\u0103, pe P\u0103m\u00e2nt. Deloc prietenoas\u0103 ca aspect, [&hellip;]<\/p>\n","protected":false},"author":3,"featured_media":0,"parent":6146,"menu_order":3,"comment_status":"closed","ping_status":"closed","template":"","meta":{"_acf_changed":false,"footnotes":""},"class_list":["post-6164","page","type-page","status-publish","hentry"],"acf":[],"_links":{"self":[{"href":"https:\/\/www.rarom.ro\/index.php?rest_route=\/wp\/v2\/pages\/6164","targetHints":{"allow":["GET"]}}],"collection":[{"href":"https:\/\/www.rarom.ro\/index.php?rest_route=\/wp\/v2\/pages"}],"about":[{"href":"https:\/\/www.rarom.ro\/index.php?rest_route=\/wp\/v2\/types\/page"}],"author":[{"embeddable":true,"href":"https:\/\/www.rarom.ro\/index.php?rest_route=\/wp\/v2\/users\/3"}],"replies":[{"embeddable":true,"href":"https:\/\/www.rarom.ro\/index.php?rest_route=%2Fwp%2Fv2%2Fcomments&post=6164"}],"version-history":[{"count":1,"href":"https:\/\/www.rarom.ro\/index.php?rest_route=\/wp\/v2\/pages\/6164\/revisions"}],"predecessor-version":[{"id":6173,"href":"https:\/\/www.rarom.ro\/index.php?rest_route=\/wp\/v2\/pages\/6164\/revisions\/6173"}],"up":[{"embeddable":true,"href":"https:\/\/www.rarom.ro\/index.php?rest_route=\/wp\/v2\/pages\/6146"}],"wp:attachment":[{"href":"https:\/\/www.rarom.ro\/index.php?rest_route=%2Fwp%2Fv2%2Fmedia&parent=6164"}],"curies":[{"name":"wp","href":"https:\/\/api.w.org\/{rel}","templated":true}]}}