{"id":6157,"date":"2018-06-05T13:58:27","date_gmt":"2018-06-05T10:58:27","guid":{"rendered":"https:\/\/www.rarom.ro\/?page_id=6157"},"modified":"2018-06-05T14:53:52","modified_gmt":"2018-06-05T11:53:52","slug":"citroen-c4-cactus","status":"publish","type":"page","link":"https:\/\/www.rarom.ro\/?page_id=6157","title":{"rendered":"Citroen C4 Cactus"},"content":{"rendered":"<p><strong>Test: Citroen C4 Cactus<\/strong><\/p>\n<p><a href=\"https:\/\/www.rarom.ro\/wp-content\/uploads\/2018\/06\/TestCitroen_mare236.jpg\"><img loading=\"lazy\" decoding=\"async\" class=\"aligncenter size-full wp-image-6158\" src=\"https:\/\/www.rarom.ro\/wp-content\/uploads\/2018\/06\/TestCitroen_mare236.jpg\" alt=\"\" width=\"730\" height=\"450\" srcset=\"https:\/\/www.rarom.ro\/wp-content\/uploads\/2018\/06\/TestCitroen_mare236.jpg 730w, https:\/\/www.rarom.ro\/wp-content\/uploads\/2018\/06\/TestCitroen_mare236-300x185.jpg 300w\" sizes=\"auto, (max-width: 730px) 100vw, 730px\" \/><\/a><\/p>\n<p><a href=\"https:\/\/www.rarom.ro\/wp-content\/uploads\/2018\/06\/TestCitroen_pagini236.jpg\"><img loading=\"lazy\" decoding=\"async\" class=\"size-full wp-image-6160 alignleft\" src=\"https:\/\/www.rarom.ro\/wp-content\/uploads\/2018\/06\/TestCitroen_pagini236.jpg\" alt=\"\" width=\"250\" height=\"165\" \/><\/a>\u00a0Citeam luna trecut\u0103 despre fabrica PSA de l\u00e2ng\u0103 capitala Spaniei c\u0103 a fost re\u00eentinerit\u0103 odat\u0103 cu producerea noului Citroen C4 Cactus \u015fi m\u0103 \u00eentrebam de unde vine aerul \u0103sta at\u00e2t de tonic. Ei bine, am aflat de cur\u00e2nd, odat\u0103 cu lansarea na\u0163ional\u0103 a modelului. \u00a0[&#8230;]<\/p>\n<p>&nbsp; &nbsp; &nbsp;<\/p>\n","protected":false},"excerpt":{"rendered":"<p>Test: Citroen C4 Cactus \u00a0Citeam luna trecut\u0103 despre fabrica PSA de l\u00e2ng\u0103 capitala Spaniei c\u0103 a fost re\u00eentinerit\u0103 odat\u0103 cu producerea noului Citroen C4 Cactus \u015fi m\u0103 \u00eentrebam de unde vine aerul \u0103sta at\u00e2t de tonic. Ei bine, am aflat de cur\u00e2nd, odat\u0103 cu lansarea na\u0163ional\u0103 a modelului. \u00a0[&#8230;] &nbsp; &nbsp; &nbsp;<\/p>\n","protected":false},"author":3,"featured_media":0,"parent":6146,"menu_order":2,"comment_status":"closed","ping_status":"closed","template":"","meta":{"_acf_changed":false,"footnotes":""},"class_list":["post-6157","page","type-page","status-publish","hentry"],"acf":[],"_links":{"self":[{"href":"https:\/\/www.rarom.ro\/index.php?rest_route=\/wp\/v2\/pages\/6157","targetHints":{"allow":["GET"]}}],"collection":[{"href":"https:\/\/www.rarom.ro\/index.php?rest_route=\/wp\/v2\/pages"}],"about":[{"href":"https:\/\/www.rarom.ro\/index.php?rest_route=\/wp\/v2\/types\/page"}],"author":[{"embeddable":true,"href":"https:\/\/www.rarom.ro\/index.php?rest_route=\/wp\/v2\/users\/3"}],"replies":[{"embeddable":true,"href":"https:\/\/www.rarom.ro\/index.php?rest_route=%2Fwp%2Fv2%2Fcomments&post=6157"}],"version-history":[{"count":4,"href":"https:\/\/www.rarom.ro\/index.php?rest_route=\/wp\/v2\/pages\/6157\/revisions"}],"predecessor-version":[{"id":6250,"href":"https:\/\/www.rarom.ro\/index.php?rest_route=\/wp\/v2\/pages\/6157\/revisions\/6250"}],"up":[{"embeddable":true,"href":"https:\/\/www.rarom.ro\/index.php?rest_route=\/wp\/v2\/pages\/6146"}],"wp:attachment":[{"href":"https:\/\/www.rarom.ro\/index.php?rest_route=%2Fwp%2Fv2%2Fmedia&parent=6157"}],"curies":[{"name":"wp","href":"https:\/\/api.w.org\/{rel}","templated":true}]}}