{"id":6038,"date":"2018-05-10T10:00:27","date_gmt":"2018-05-10T07:00:27","guid":{"rendered":"https:\/\/www.rarom.ro\/?page_id=6038"},"modified":"2018-05-10T10:00:27","modified_gmt":"2018-05-10T07:00:27","slug":"prezentare","status":"publish","type":"page","link":"https:\/\/www.rarom.ro\/?page_id=6038","title":{"rendered":"Prezentare"},"content":{"rendered":"<p><strong>Jeep Wrangler<\/strong><\/p>\n<p><a href=\"https:\/\/www.rarom.ro\/wp-content\/uploads\/2018\/05\/Prezentare_mare235.jpeg\"><img loading=\"lazy\" decoding=\"async\" class=\"aligncenter size-full wp-image-6039\" src=\"https:\/\/www.rarom.ro\/wp-content\/uploads\/2018\/05\/Prezentare_mare235.jpeg\" alt=\"\" width=\"730\" height=\"450\" srcset=\"https:\/\/www.rarom.ro\/wp-content\/uploads\/2018\/05\/Prezentare_mare235.jpeg 730w, https:\/\/www.rarom.ro\/wp-content\/uploads\/2018\/05\/Prezentare_mare235-300x185.jpeg 300w\" sizes=\"auto, (max-width: 730px) 100vw, 730px\" \/><\/a><\/p>\n<p><a href=\"https:\/\/www.rarom.ro\/wp-content\/uploads\/2018\/05\/Prezentare_pagini235.jpg\"><img loading=\"lazy\" decoding=\"async\" class=\"size-full wp-image-6041 alignleft\" src=\"https:\/\/www.rarom.ro\/wp-content\/uploads\/2018\/05\/Prezentare_pagini235.jpg\" alt=\"\" width=\"250\" height=\"165\" \/><\/a>Noul Jeep Wrangler, a patra genera\u0163ie, care are codul de fabric\u0103 JL, continu\u0103 tradi\u0163ia \u015fi consolideaz\u0103 reputa\u0163ia unuia dintre cele mai capabile autovehicule off-road din lume cu ajutorul unor versiuni noi de tren de rulare, motoare eficiente \u015fi dot\u0103ri de ultim\u0103 genera\u0163ie. [&#8230;]<\/p>\n","protected":false},"excerpt":{"rendered":"<p>Jeep Wrangler Noul Jeep Wrangler, a patra genera\u0163ie, care are codul de fabric\u0103 JL, continu\u0103 tradi\u0163ia \u015fi consolideaz\u0103 reputa\u0163ia unuia dintre cele mai capabile autovehicule off-road din lume cu ajutorul unor versiuni noi de tren de rulare, motoare eficiente \u015fi dot\u0103ri de ultim\u0103 genera\u0163ie. [&#8230;]<\/p>\n","protected":false},"author":3,"featured_media":0,"parent":5994,"menu_order":4,"comment_status":"closed","ping_status":"closed","template":"","meta":{"_acf_changed":false,"footnotes":""},"class_list":["post-6038","page","type-page","status-publish","hentry"],"acf":[],"_links":{"self":[{"href":"https:\/\/www.rarom.ro\/index.php?rest_route=\/wp\/v2\/pages\/6038","targetHints":{"allow":["GET"]}}],"collection":[{"href":"https:\/\/www.rarom.ro\/index.php?rest_route=\/wp\/v2\/pages"}],"about":[{"href":"https:\/\/www.rarom.ro\/index.php?rest_route=\/wp\/v2\/types\/page"}],"author":[{"embeddable":true,"href":"https:\/\/www.rarom.ro\/index.php?rest_route=\/wp\/v2\/users\/3"}],"replies":[{"embeddable":true,"href":"https:\/\/www.rarom.ro\/index.php?rest_route=%2Fwp%2Fv2%2Fcomments&post=6038"}],"version-history":[{"count":1,"href":"https:\/\/www.rarom.ro\/index.php?rest_route=\/wp\/v2\/pages\/6038\/revisions"}],"predecessor-version":[{"id":6043,"href":"https:\/\/www.rarom.ro\/index.php?rest_route=\/wp\/v2\/pages\/6038\/revisions\/6043"}],"up":[{"embeddable":true,"href":"https:\/\/www.rarom.ro\/index.php?rest_route=\/wp\/v2\/pages\/5994"}],"wp:attachment":[{"href":"https:\/\/www.rarom.ro\/index.php?rest_route=%2Fwp%2Fv2%2Fmedia&parent=6038"}],"curies":[{"name":"wp","href":"https:\/\/api.w.org\/{rel}","templated":true}]}}