{"id":6032,"date":"2018-05-10T09:58:36","date_gmt":"2018-05-10T06:58:36","guid":{"rendered":"https:\/\/www.rarom.ro\/?page_id=6032"},"modified":"2018-05-10T09:58:36","modified_gmt":"2018-05-10T06:58:36","slug":"interviu","status":"publish","type":"page","link":"https:\/\/www.rarom.ro\/?page_id=6032","title":{"rendered":"Interviu"},"content":{"rendered":"<p><strong>Daria G\u0103nescu<\/strong><\/p>\n<p><a href=\"https:\/\/www.rarom.ro\/wp-content\/uploads\/2018\/05\/Interviu_mare235.jpg\"><img loading=\"lazy\" decoding=\"async\" class=\"aligncenter size-full wp-image-6033\" src=\"https:\/\/www.rarom.ro\/wp-content\/uploads\/2018\/05\/Interviu_mare235.jpg\" alt=\"\" width=\"730\" height=\"450\" srcset=\"https:\/\/www.rarom.ro\/wp-content\/uploads\/2018\/05\/Interviu_mare235.jpg 730w, https:\/\/www.rarom.ro\/wp-content\/uploads\/2018\/05\/Interviu_mare235-300x185.jpg 300w\" sizes=\"auto, (max-width: 730px) 100vw, 730px\" \/><\/a><\/p>\n<p><a href=\"https:\/\/www.rarom.ro\/wp-content\/uploads\/2018\/05\/Interviu_pagini235.jpg\"><img loading=\"lazy\" decoding=\"async\" class=\"size-full wp-image-6035 alignleft\" src=\"https:\/\/www.rarom.ro\/wp-content\/uploads\/2018\/05\/Interviu_pagini235.jpg\" alt=\"\" width=\"250\" height=\"165\" \/><\/a>Motoarele &#8222;strig\u0103&#8221; din tot sufletul, cauciucurile &#8222;mu\u015fc\u0103&#8221; din asfalt \u015fi miroase stra\u015fnic a benzin\u0103 \u015fi ulei ars. Ne afl\u0103m pe circuitul AMCKART din Tunari \u015fi o cunoa\u015ftem pe Daria G\u0103nescu. Are doar 15 ani \u015fi \u00een vreme ce prietenii ei sunt la distrac\u0163ie la mare sau la munte, ea \u00ee\u015fi petrece orele din week-end pe circuit \u00eencerc\u00e2nd s\u0103 fie tot mai bun\u0103 \u015fi mai rapid\u0103 \u00een fiecare zi. Tat\u0103l ei \u00eei este mereu aproape. \u015ei o sprijin\u0103 \u00een aceast\u0103 aventur\u0103\u2026 [&#8230;]<\/p>\n","protected":false},"excerpt":{"rendered":"<p>Daria G\u0103nescu Motoarele &#8222;strig\u0103&#8221; din tot sufletul, cauciucurile &#8222;mu\u015fc\u0103&#8221; din asfalt \u015fi miroase stra\u015fnic a benzin\u0103 \u015fi ulei ars. Ne afl\u0103m pe circuitul AMCKART din Tunari \u015fi o cunoa\u015ftem pe Daria G\u0103nescu. Are doar 15 ani \u015fi \u00een vreme ce prietenii ei sunt la distrac\u0163ie la mare sau la munte, ea \u00ee\u015fi petrece orele din [&hellip;]<\/p>\n","protected":false},"author":3,"featured_media":0,"parent":5994,"menu_order":3,"comment_status":"closed","ping_status":"closed","template":"","meta":{"_acf_changed":false,"footnotes":""},"class_list":["post-6032","page","type-page","status-publish","hentry"],"acf":[],"_links":{"self":[{"href":"https:\/\/www.rarom.ro\/index.php?rest_route=\/wp\/v2\/pages\/6032","targetHints":{"allow":["GET"]}}],"collection":[{"href":"https:\/\/www.rarom.ro\/index.php?rest_route=\/wp\/v2\/pages"}],"about":[{"href":"https:\/\/www.rarom.ro\/index.php?rest_route=\/wp\/v2\/types\/page"}],"author":[{"embeddable":true,"href":"https:\/\/www.rarom.ro\/index.php?rest_route=\/wp\/v2\/users\/3"}],"replies":[{"embeddable":true,"href":"https:\/\/www.rarom.ro\/index.php?rest_route=%2Fwp%2Fv2%2Fcomments&post=6032"}],"version-history":[{"count":1,"href":"https:\/\/www.rarom.ro\/index.php?rest_route=\/wp\/v2\/pages\/6032\/revisions"}],"predecessor-version":[{"id":6037,"href":"https:\/\/www.rarom.ro\/index.php?rest_route=\/wp\/v2\/pages\/6032\/revisions\/6037"}],"up":[{"embeddable":true,"href":"https:\/\/www.rarom.ro\/index.php?rest_route=\/wp\/v2\/pages\/5994"}],"wp:attachment":[{"href":"https:\/\/www.rarom.ro\/index.php?rest_route=%2Fwp%2Fv2%2Fmedia&parent=6032"}],"curies":[{"name":"wp","href":"https:\/\/api.w.org\/{rel}","templated":true}]}}