{"id":6020,"date":"2018-05-10T09:52:25","date_gmt":"2018-05-10T06:52:25","guid":{"rendered":"https:\/\/www.rarom.ro\/?page_id=6020"},"modified":"2018-05-10T11:13:39","modified_gmt":"2018-05-10T08:13:39","slug":"kia-stinger","status":"publish","type":"page","link":"https:\/\/www.rarom.ro\/?page_id=6020","title":{"rendered":"Kia Stinger"},"content":{"rendered":"<p><strong>Test: Kia Stinger<\/strong><\/p>\n<p><a href=\"https:\/\/www.rarom.ro\/wp-content\/uploads\/2018\/05\/TestKia_mare235.jpg\"><img loading=\"lazy\" decoding=\"async\" class=\"aligncenter size-full wp-image-6021\" src=\"https:\/\/www.rarom.ro\/wp-content\/uploads\/2018\/05\/TestKia_mare235.jpg\" alt=\"\" width=\"730\" height=\"450\" srcset=\"https:\/\/www.rarom.ro\/wp-content\/uploads\/2018\/05\/TestKia_mare235.jpg 730w, https:\/\/www.rarom.ro\/wp-content\/uploads\/2018\/05\/TestKia_mare235-300x185.jpg 300w\" sizes=\"auto, (max-width: 730px) 100vw, 730px\" \/><\/a><\/p>\n<p><a href=\"https:\/\/www.rarom.ro\/wp-content\/uploads\/2018\/05\/TestKia_pagini235.jpg\"><img loading=\"lazy\" decoding=\"async\" class=\"size-full wp-image-6023 alignleft\" src=\"https:\/\/www.rarom.ro\/wp-content\/uploads\/2018\/05\/TestKia_pagini235.jpg\" alt=\"\" width=\"250\" height=\"165\" \/><\/a>\u00a0Aflat la volan m\u0103 treze\u015fte a &#8222;n&#8221;-a oar\u0103 din reveria c\u0103l\u0103toriei un mesaj de pe displayul computerului de bord \u00een care \u00eemi este afi\u015fat\u0103 o cea\u015fc\u0103 de cafea \u015fi un text de avertizare. M\u0103 l\u0103muresc c\u0103 sunt pe drum de mai bine de dou\u0103 ore \u015fi apostrofez ma\u015fina \u00een g\u00e2nd: &#8222;Bre, Stinger, m\u0103 mai s\u00e2c\u00e2i mult?!&#8221;. \u00a0[&#8230;]<\/p>\n","protected":false},"excerpt":{"rendered":"<p>Test: Kia Stinger \u00a0Aflat la volan m\u0103 treze\u015fte a &#8222;n&#8221;-a oar\u0103 din reveria c\u0103l\u0103toriei un mesaj de pe displayul computerului de bord \u00een care \u00eemi este afi\u015fat\u0103 o cea\u015fc\u0103 de cafea \u015fi un text de avertizare. M\u0103 l\u0103muresc c\u0103 sunt pe drum de mai bine de dou\u0103 ore \u015fi apostrofez ma\u015fina \u00een g\u00e2nd: &#8222;Bre, Stinger, [&hellip;]<\/p>\n","protected":false},"author":3,"featured_media":0,"parent":5998,"menu_order":4,"comment_status":"closed","ping_status":"closed","template":"","meta":{"_acf_changed":false,"footnotes":""},"class_list":["post-6020","page","type-page","status-publish","hentry"],"acf":[],"_links":{"self":[{"href":"https:\/\/www.rarom.ro\/index.php?rest_route=\/wp\/v2\/pages\/6020","targetHints":{"allow":["GET"]}}],"collection":[{"href":"https:\/\/www.rarom.ro\/index.php?rest_route=\/wp\/v2\/pages"}],"about":[{"href":"https:\/\/www.rarom.ro\/index.php?rest_route=\/wp\/v2\/types\/page"}],"author":[{"embeddable":true,"href":"https:\/\/www.rarom.ro\/index.php?rest_route=\/wp\/v2\/users\/3"}],"replies":[{"embeddable":true,"href":"https:\/\/www.rarom.ro\/index.php?rest_route=%2Fwp%2Fv2%2Fcomments&post=6020"}],"version-history":[{"count":2,"href":"https:\/\/www.rarom.ro\/index.php?rest_route=\/wp\/v2\/pages\/6020\/revisions"}],"predecessor-version":[{"id":6072,"href":"https:\/\/www.rarom.ro\/index.php?rest_route=\/wp\/v2\/pages\/6020\/revisions\/6072"}],"up":[{"embeddable":true,"href":"https:\/\/www.rarom.ro\/index.php?rest_route=\/wp\/v2\/pages\/5998"}],"wp:attachment":[{"href":"https:\/\/www.rarom.ro\/index.php?rest_route=%2Fwp%2Fv2%2Fmedia&parent=6020"}],"curies":[{"name":"wp","href":"https:\/\/api.w.org\/{rel}","templated":true}]}}