{"id":6014,"date":"2018-05-10T09:50:51","date_gmt":"2018-05-10T06:50:51","guid":{"rendered":"https:\/\/www.rarom.ro\/?page_id=6014"},"modified":"2018-05-10T09:50:51","modified_gmt":"2018-05-10T06:50:51","slug":"bmw-seria-7","status":"publish","type":"page","link":"https:\/\/www.rarom.ro\/?page_id=6014","title":{"rendered":"BMW Seria 7"},"content":{"rendered":"<p><strong>Test: BMW 740 Ld xDrive<\/strong><\/p>\n<p><a href=\"https:\/\/www.rarom.ro\/wp-content\/uploads\/2018\/05\/TestBMW_mare235.jpg\"><img loading=\"lazy\" decoding=\"async\" class=\"aligncenter size-full wp-image-6015\" src=\"https:\/\/www.rarom.ro\/wp-content\/uploads\/2018\/05\/TestBMW_mare235.jpg\" alt=\"\" width=\"730\" height=\"450\" srcset=\"https:\/\/www.rarom.ro\/wp-content\/uploads\/2018\/05\/TestBMW_mare235.jpg 730w, https:\/\/www.rarom.ro\/wp-content\/uploads\/2018\/05\/TestBMW_mare235-300x185.jpg 300w\" sizes=\"auto, (max-width: 730px) 100vw, 730px\" \/><\/a><\/p>\n<p><a href=\"https:\/\/www.rarom.ro\/wp-content\/uploads\/2018\/05\/TestBMW_pagini235.jpg\"><img loading=\"lazy\" decoding=\"async\" class=\"size-full wp-image-6017 alignleft\" src=\"https:\/\/www.rarom.ro\/wp-content\/uploads\/2018\/05\/TestBMW_pagini235.jpg\" alt=\"\" width=\"250\" height=\"165\" \/><\/a>3Segmentul premium de clas\u0103 mare este c\u00e2mpul de lupt\u0103 al celor care st\u0103p\u00e2nesc \u015fi perfec\u0163ioneaz\u0103 continuu alchimia luxului suprem. Combina\u0163ie ideal\u0103 \u00eentre elegan\u0163a impecabil\u0103, confortul absolut \u015fi performan\u0163e dinamice fulminante, BMW Seria 7 este un exponent redutabil al acestuia. Mai ales \u00een varianta cu ampatament m\u0103rit, echipat cu Executive Lounge \u015fi animat de un diesel cu un cuplu motor de 680 Nm. [&#8230;]<\/p>\n","protected":false},"excerpt":{"rendered":"<p>Test: BMW 740 Ld xDrive 3Segmentul premium de clas\u0103 mare este c\u00e2mpul de lupt\u0103 al celor care st\u0103p\u00e2nesc \u015fi perfec\u0163ioneaz\u0103 continuu alchimia luxului suprem. Combina\u0163ie ideal\u0103 \u00eentre elegan\u0163a impecabil\u0103, confortul absolut \u015fi performan\u0163e dinamice fulminante, BMW Seria 7 este un exponent redutabil al acestuia. Mai ales \u00een varianta cu ampatament m\u0103rit, echipat cu Executive Lounge [&hellip;]<\/p>\n","protected":false},"author":3,"featured_media":0,"parent":5998,"menu_order":3,"comment_status":"closed","ping_status":"closed","template":"","meta":{"_acf_changed":false,"footnotes":""},"class_list":["post-6014","page","type-page","status-publish","hentry"],"acf":[],"_links":{"self":[{"href":"https:\/\/www.rarom.ro\/index.php?rest_route=\/wp\/v2\/pages\/6014","targetHints":{"allow":["GET"]}}],"collection":[{"href":"https:\/\/www.rarom.ro\/index.php?rest_route=\/wp\/v2\/pages"}],"about":[{"href":"https:\/\/www.rarom.ro\/index.php?rest_route=\/wp\/v2\/types\/page"}],"author":[{"embeddable":true,"href":"https:\/\/www.rarom.ro\/index.php?rest_route=\/wp\/v2\/users\/3"}],"replies":[{"embeddable":true,"href":"https:\/\/www.rarom.ro\/index.php?rest_route=%2Fwp%2Fv2%2Fcomments&post=6014"}],"version-history":[{"count":1,"href":"https:\/\/www.rarom.ro\/index.php?rest_route=\/wp\/v2\/pages\/6014\/revisions"}],"predecessor-version":[{"id":6019,"href":"https:\/\/www.rarom.ro\/index.php?rest_route=\/wp\/v2\/pages\/6014\/revisions\/6019"}],"up":[{"embeddable":true,"href":"https:\/\/www.rarom.ro\/index.php?rest_route=\/wp\/v2\/pages\/5998"}],"wp:attachment":[{"href":"https:\/\/www.rarom.ro\/index.php?rest_route=%2Fwp%2Fv2%2Fmedia&parent=6014"}],"curies":[{"name":"wp","href":"https:\/\/api.w.org\/{rel}","templated":true}]}}