{"id":5862,"date":"2018-03-02T11:31:47","date_gmt":"2018-03-02T09:31:47","guid":{"rendered":"https:\/\/www.rarom.ro\/?page_id=5862"},"modified":"2018-03-02T12:20:23","modified_gmt":"2018-03-02T10:20:23","slug":"istorie","status":"publish","type":"page","link":"https:\/\/www.rarom.ro\/?page_id=5862","title":{"rendered":"Istorie"},"content":{"rendered":"<p><strong>DeLorean DMC-12<\/strong><\/p>\n<p><a href=\"https:\/\/www.rarom.ro\/wp-content\/uploads\/2018\/03\/Istorie_mare233.jpeg\"><img loading=\"lazy\" decoding=\"async\" class=\"aligncenter size-full wp-image-5863\" src=\"https:\/\/www.rarom.ro\/wp-content\/uploads\/2018\/03\/Istorie_mare233.jpeg\" alt=\"\" width=\"730\" height=\"450\" srcset=\"https:\/\/www.rarom.ro\/wp-content\/uploads\/2018\/03\/Istorie_mare233.jpeg 730w, https:\/\/www.rarom.ro\/wp-content\/uploads\/2018\/03\/Istorie_mare233-300x185.jpeg 300w\" sizes=\"auto, (max-width: 730px) 100vw, 730px\" \/><\/a><\/p>\n<p><a href=\"https:\/\/www.rarom.ro\/wp-content\/uploads\/2018\/03\/Istorie_pagini233.jpg\"><img loading=\"lazy\" decoding=\"async\" class=\"size-full wp-image-5865 alignleft\" src=\"https:\/\/www.rarom.ro\/wp-content\/uploads\/2018\/03\/Istorie_pagini233.jpg\" alt=\"\" width=\"250\" height=\"165\" \/><\/a>Modelul american DeLorean DMC-12 este celebru pentru apari\u0163ia \u00een seria de filme &#8222;\u00cenapoi \u00een viitor&#8221;. Modelul sport, cu portiere tip fluture era o apari\u0163ie care a \u00eenfl\u0103c\u0103rat imagina\u0163ia multor adolescen\u0163i. \u00cen realitate, ma\u015fina a fost un e\u015fec comercial. [&#8230;]<\/p>\n<p>&nbsp;<br \/>\n&nbsp;<br \/>\n&nbsp;<\/p>\n","protected":false},"excerpt":{"rendered":"<p>DeLorean DMC-12 Modelul american DeLorean DMC-12 este celebru pentru apari\u0163ia \u00een seria de filme &#8222;\u00cenapoi \u00een viitor&#8221;. Modelul sport, cu portiere tip fluture era o apari\u0163ie care a \u00eenfl\u0103c\u0103rat imagina\u0163ia multor adolescen\u0163i. \u00cen realitate, ma\u015fina a fost un e\u015fec comercial. [&#8230;] &nbsp; &nbsp; &nbsp;<\/p>\n","protected":false},"author":3,"featured_media":0,"parent":5801,"menu_order":5,"comment_status":"closed","ping_status":"closed","template":"","meta":{"_acf_changed":false,"footnotes":""},"class_list":["post-5862","page","type-page","status-publish","hentry"],"acf":[],"_links":{"self":[{"href":"https:\/\/www.rarom.ro\/index.php?rest_route=\/wp\/v2\/pages\/5862","targetHints":{"allow":["GET"]}}],"collection":[{"href":"https:\/\/www.rarom.ro\/index.php?rest_route=\/wp\/v2\/pages"}],"about":[{"href":"https:\/\/www.rarom.ro\/index.php?rest_route=\/wp\/v2\/types\/page"}],"author":[{"embeddable":true,"href":"https:\/\/www.rarom.ro\/index.php?rest_route=\/wp\/v2\/users\/3"}],"replies":[{"embeddable":true,"href":"https:\/\/www.rarom.ro\/index.php?rest_route=%2Fwp%2Fv2%2Fcomments&post=5862"}],"version-history":[{"count":2,"href":"https:\/\/www.rarom.ro\/index.php?rest_route=\/wp\/v2\/pages\/5862\/revisions"}],"predecessor-version":[{"id":5911,"href":"https:\/\/www.rarom.ro\/index.php?rest_route=\/wp\/v2\/pages\/5862\/revisions\/5911"}],"up":[{"embeddable":true,"href":"https:\/\/www.rarom.ro\/index.php?rest_route=\/wp\/v2\/pages\/5801"}],"wp:attachment":[{"href":"https:\/\/www.rarom.ro\/index.php?rest_route=%2Fwp%2Fv2%2Fmedia&parent=5862"}],"curies":[{"name":"wp","href":"https:\/\/api.w.org\/{rel}","templated":true}]}}