{"id":5850,"date":"2018-03-02T11:14:03","date_gmt":"2018-03-02T09:14:03","guid":{"rendered":"https:\/\/www.rarom.ro\/?page_id=5850"},"modified":"2018-03-02T12:19:48","modified_gmt":"2018-03-02T10:19:48","slug":"magazin","status":"publish","type":"page","link":"https:\/\/www.rarom.ro\/?page_id=5850","title":{"rendered":"Magazin"},"content":{"rendered":"<p><strong>Culori<\/strong><\/p>\n<p><a href=\"https:\/\/www.rarom.ro\/wp-content\/uploads\/2018\/03\/Magazin_mare233.jpg\"><img loading=\"lazy\" decoding=\"async\" class=\"aligncenter size-full wp-image-5851\" src=\"https:\/\/www.rarom.ro\/wp-content\/uploads\/2018\/03\/Magazin_mare233.jpg\" alt=\"\" width=\"730\" height=\"450\" srcset=\"https:\/\/www.rarom.ro\/wp-content\/uploads\/2018\/03\/Magazin_mare233.jpg 730w, https:\/\/www.rarom.ro\/wp-content\/uploads\/2018\/03\/Magazin_mare233-300x185.jpg 300w\" sizes=\"auto, (max-width: 730px) 100vw, 730px\" \/><\/a><\/p>\n<p><a href=\"https:\/\/www.rarom.ro\/wp-content\/uploads\/2018\/03\/Magazin_pagini233.jpg\"><img loading=\"lazy\" decoding=\"async\" class=\"size-full wp-image-5853 alignleft\" src=\"https:\/\/www.rarom.ro\/wp-content\/uploads\/2018\/03\/Magazin_pagini233.jpg\" alt=\"\" width=\"250\" height=\"165\" \/><\/a>Suntem locuitorii permanen\u0163i ai junglei urbane. Ne tr\u0103im via\u0163a printre cenu\u015fiul cl\u0103dirilor \u015fi negrul asfaltului. Deseori st\u0103m pe marginea drumului av\u00e2nd \u00een fa\u0163a noastr\u0103 un r\u00e2u \u00eenghe\u0163at de ma\u015fini. Cel mai des la o ma\u015fin\u0103, vedem aspectul exterior. Aici includem design-ul caroseriei \u015fi, mai ales, culoarea ei. Dar oare mai putem vorbi azi despre culori? [&#8230;]<\/p>\n<p>&nbsp;<br \/>\n&nbsp;<br \/>\n&nbsp;<\/p>\n","protected":false},"excerpt":{"rendered":"<p>Culori Suntem locuitorii permanen\u0163i ai junglei urbane. Ne tr\u0103im via\u0163a printre cenu\u015fiul cl\u0103dirilor \u015fi negrul asfaltului. Deseori st\u0103m pe marginea drumului av\u00e2nd \u00een fa\u0163a noastr\u0103 un r\u00e2u \u00eenghe\u0163at de ma\u015fini. Cel mai des la o ma\u015fin\u0103, vedem aspectul exterior. Aici includem design-ul caroseriei \u015fi, mai ales, culoarea ei. Dar oare mai putem vorbi azi despre [&hellip;]<\/p>\n","protected":false},"author":3,"featured_media":0,"parent":5801,"menu_order":3,"comment_status":"closed","ping_status":"closed","template":"","meta":{"_acf_changed":false,"footnotes":""},"class_list":["post-5850","page","type-page","status-publish","hentry"],"acf":[],"_links":{"self":[{"href":"https:\/\/www.rarom.ro\/index.php?rest_route=\/wp\/v2\/pages\/5850","targetHints":{"allow":["GET"]}}],"collection":[{"href":"https:\/\/www.rarom.ro\/index.php?rest_route=\/wp\/v2\/pages"}],"about":[{"href":"https:\/\/www.rarom.ro\/index.php?rest_route=\/wp\/v2\/types\/page"}],"author":[{"embeddable":true,"href":"https:\/\/www.rarom.ro\/index.php?rest_route=\/wp\/v2\/users\/3"}],"replies":[{"embeddable":true,"href":"https:\/\/www.rarom.ro\/index.php?rest_route=%2Fwp%2Fv2%2Fcomments&post=5850"}],"version-history":[{"count":2,"href":"https:\/\/www.rarom.ro\/index.php?rest_route=\/wp\/v2\/pages\/5850\/revisions"}],"predecessor-version":[{"id":5909,"href":"https:\/\/www.rarom.ro\/index.php?rest_route=\/wp\/v2\/pages\/5850\/revisions\/5909"}],"up":[{"embeddable":true,"href":"https:\/\/www.rarom.ro\/index.php?rest_route=\/wp\/v2\/pages\/5801"}],"wp:attachment":[{"href":"https:\/\/www.rarom.ro\/index.php?rest_route=%2Fwp%2Fv2%2Fmedia&parent=5850"}],"curies":[{"name":"wp","href":"https:\/\/api.w.org\/{rel}","templated":true}]}}