{"id":5412,"date":"2017-12-07T10:53:07","date_gmt":"2017-12-07T08:53:07","guid":{"rendered":"https:\/\/www.rarom.ro\/?page_id=5412"},"modified":"2017-12-08T10:25:43","modified_gmt":"2017-12-08T08:25:43","slug":"istorie","status":"publish","type":"page","link":"https:\/\/www.rarom.ro\/?page_id=5412","title":{"rendered":"Istorie"},"content":{"rendered":"<p><strong>Porsche 964<\/strong><\/p>\n<p><a href=\"https:\/\/www.rarom.ro\/wp-content\/uploads\/2017\/12\/Istorie_mare231-1.jpg\"><img loading=\"lazy\" decoding=\"async\" class=\"size-full wp-image-5448\" src=\"https:\/\/www.rarom.ro\/wp-content\/uploads\/2017\/12\/Istorie_mare231-1.jpg\" alt=\"\" width=\"730\" height=\"450\" srcset=\"https:\/\/www.rarom.ro\/wp-content\/uploads\/2017\/12\/Istorie_mare231-1.jpg 730w, https:\/\/www.rarom.ro\/wp-content\/uploads\/2017\/12\/Istorie_mare231-1-300x185.jpg 300w\" sizes=\"auto, (max-width: 730px) 100vw, 730px\" \/><\/a><\/p>\n<p><a href=\"https:\/\/www.rarom.ro\/wp-content\/uploads\/2017\/12\/Istorie_pagini231.jpg\"><img loading=\"lazy\" decoding=\"async\" class=\"size-full wp-image-5415 alignleft\" src=\"https:\/\/www.rarom.ro\/wp-content\/uploads\/2017\/12\/Istorie_pagini231.jpg\" alt=\"\" width=\"250\" height=\"165\" \/><\/a>Porsche 911 este unul dintre cele mai emblematice modele din istoria automobilului. Produs \u00eenc\u0103 din 1963 \u015fi p\u00e2n\u0103 \u00een ziua de azi, 911 are milioane de fani. Iar una dintre cele mai iubite varia\u0163iuni ale modelului este a doua genera\u0163ie, cunoscut\u0103 \u015fi ca Porsche 964. [&#8230;]<\/p>\n<p>&nbsp;<\/p>\n","protected":false},"excerpt":{"rendered":"<p>Porsche 964 Porsche 911 este unul dintre cele mai emblematice modele din istoria automobilului. Produs \u00eenc\u0103 din 1963 \u015fi p\u00e2n\u0103 \u00een ziua de azi, 911 are milioane de fani. Iar una dintre cele mai iubite varia\u0163iuni ale modelului este a doua genera\u0163ie, cunoscut\u0103 \u015fi ca Porsche 964. [&#8230;] &nbsp;<\/p>\n","protected":false},"author":3,"featured_media":0,"parent":5342,"menu_order":6,"comment_status":"closed","ping_status":"closed","template":"","meta":{"_acf_changed":false,"footnotes":""},"class_list":["post-5412","page","type-page","status-publish","hentry"],"acf":[],"_links":{"self":[{"href":"https:\/\/www.rarom.ro\/index.php?rest_route=\/wp\/v2\/pages\/5412","targetHints":{"allow":["GET"]}}],"collection":[{"href":"https:\/\/www.rarom.ro\/index.php?rest_route=\/wp\/v2\/pages"}],"about":[{"href":"https:\/\/www.rarom.ro\/index.php?rest_route=\/wp\/v2\/types\/page"}],"author":[{"embeddable":true,"href":"https:\/\/www.rarom.ro\/index.php?rest_route=\/wp\/v2\/users\/3"}],"replies":[{"embeddable":true,"href":"https:\/\/www.rarom.ro\/index.php?rest_route=%2Fwp%2Fv2%2Fcomments&post=5412"}],"version-history":[{"count":5,"href":"https:\/\/www.rarom.ro\/index.php?rest_route=\/wp\/v2\/pages\/5412\/revisions"}],"predecessor-version":[{"id":5452,"href":"https:\/\/www.rarom.ro\/index.php?rest_route=\/wp\/v2\/pages\/5412\/revisions\/5452"}],"up":[{"embeddable":true,"href":"https:\/\/www.rarom.ro\/index.php?rest_route=\/wp\/v2\/pages\/5342"}],"wp:attachment":[{"href":"https:\/\/www.rarom.ro\/index.php?rest_route=%2Fwp%2Fv2%2Fmedia&parent=5412"}],"curies":[{"name":"wp","href":"https:\/\/api.w.org\/{rel}","templated":true}]}}