{"id":5406,"date":"2017-12-07T10:39:37","date_gmt":"2017-12-07T08:39:37","guid":{"rendered":"https:\/\/www.rarom.ro\/?page_id=5406"},"modified":"2017-12-07T10:39:37","modified_gmt":"2017-12-07T08:39:37","slug":"magazin","status":"publish","type":"page","link":"https:\/\/www.rarom.ro\/?page_id=5406","title":{"rendered":"Magazin"},"content":{"rendered":"<p><strong>Snowmobile<\/strong><\/p>\n<p><a href=\"https:\/\/www.rarom.ro\/wp-content\/uploads\/2017\/12\/Magazin_mare231.jpg\"><img loading=\"lazy\" decoding=\"async\" class=\"aligncenter size-full wp-image-5407\" src=\"https:\/\/www.rarom.ro\/wp-content\/uploads\/2017\/12\/Magazin_mare231.jpg\" alt=\"\" width=\"730\" height=\"450\" srcset=\"https:\/\/www.rarom.ro\/wp-content\/uploads\/2017\/12\/Magazin_mare231.jpg 730w, https:\/\/www.rarom.ro\/wp-content\/uploads\/2017\/12\/Magazin_mare231-300x185.jpg 300w\" sizes=\"auto, (max-width: 730px) 100vw, 730px\" \/><\/a><\/p>\n<p><a href=\"https:\/\/www.rarom.ro\/wp-content\/uploads\/2017\/12\/Magazin_pagini231.jpg\"><img loading=\"lazy\" decoding=\"async\" class=\"size-full wp-image-5409 alignleft\" src=\"https:\/\/www.rarom.ro\/wp-content\/uploads\/2017\/12\/Magazin_pagini231.jpg\" alt=\"\" width=\"250\" height=\"165\" \/><\/a>Rom\u00e2nia este o \u0163ar\u0103 \u00een care iarna reu\u015fe\u015fte s\u0103 aduc\u0103 z\u0103pad\u0103 abundent\u0103 aproape \u00een fiecare an. Cum mun\u0163ii \u015fi dealurile nu ne lipsesc, asta \u00eenseamn\u0103 c\u0103 ne afl\u0103m exact pe locul de joac\u0103 al unora dintre cele mai exotice \u015fi mai r\u00e2vnite ma\u015fin\u0103rii: snowmobilele. [&#8230;]<\/p>\n","protected":false},"excerpt":{"rendered":"<p>Snowmobile Rom\u00e2nia este o \u0163ar\u0103 \u00een care iarna reu\u015fe\u015fte s\u0103 aduc\u0103 z\u0103pad\u0103 abundent\u0103 aproape \u00een fiecare an. Cum mun\u0163ii \u015fi dealurile nu ne lipsesc, asta \u00eenseamn\u0103 c\u0103 ne afl\u0103m exact pe locul de joac\u0103 al unora dintre cele mai exotice \u015fi mai r\u00e2vnite ma\u015fin\u0103rii: snowmobilele. [&#8230;]<\/p>\n","protected":false},"author":3,"featured_media":0,"parent":5342,"menu_order":5,"comment_status":"closed","ping_status":"closed","template":"","meta":{"_acf_changed":false,"footnotes":""},"class_list":["post-5406","page","type-page","status-publish","hentry"],"acf":[],"_links":{"self":[{"href":"https:\/\/www.rarom.ro\/index.php?rest_route=\/wp\/v2\/pages\/5406","targetHints":{"allow":["GET"]}}],"collection":[{"href":"https:\/\/www.rarom.ro\/index.php?rest_route=\/wp\/v2\/pages"}],"about":[{"href":"https:\/\/www.rarom.ro\/index.php?rest_route=\/wp\/v2\/types\/page"}],"author":[{"embeddable":true,"href":"https:\/\/www.rarom.ro\/index.php?rest_route=\/wp\/v2\/users\/3"}],"replies":[{"embeddable":true,"href":"https:\/\/www.rarom.ro\/index.php?rest_route=%2Fwp%2Fv2%2Fcomments&post=5406"}],"version-history":[{"count":1,"href":"https:\/\/www.rarom.ro\/index.php?rest_route=\/wp\/v2\/pages\/5406\/revisions"}],"predecessor-version":[{"id":5411,"href":"https:\/\/www.rarom.ro\/index.php?rest_route=\/wp\/v2\/pages\/5406\/revisions\/5411"}],"up":[{"embeddable":true,"href":"https:\/\/www.rarom.ro\/index.php?rest_route=\/wp\/v2\/pages\/5342"}],"wp:attachment":[{"href":"https:\/\/www.rarom.ro\/index.php?rest_route=%2Fwp%2Fv2%2Fmedia&parent=5406"}],"curies":[{"name":"wp","href":"https:\/\/api.w.org\/{rel}","templated":true}]}}