{"id":5400,"date":"2017-12-07T10:25:48","date_gmt":"2017-12-07T08:25:48","guid":{"rendered":"https:\/\/www.rarom.ro\/?page_id=5400"},"modified":"2017-12-07T10:25:48","modified_gmt":"2017-12-07T08:25:48","slug":"prezentare","status":"publish","type":"page","link":"https:\/\/www.rarom.ro\/?page_id=5400","title":{"rendered":"Prezentare"},"content":{"rendered":"<p><strong>Polestar 1<\/strong><\/p>\n<p><a href=\"https:\/\/www.rarom.ro\/wp-content\/uploads\/2017\/12\/Prezentare_mare231.jpg\"><img loading=\"lazy\" decoding=\"async\" class=\"aligncenter size-full wp-image-5401\" src=\"https:\/\/www.rarom.ro\/wp-content\/uploads\/2017\/12\/Prezentare_mare231.jpg\" alt=\"\" width=\"730\" height=\"450\" srcset=\"https:\/\/www.rarom.ro\/wp-content\/uploads\/2017\/12\/Prezentare_mare231.jpg 730w, https:\/\/www.rarom.ro\/wp-content\/uploads\/2017\/12\/Prezentare_mare231-300x185.jpg 300w\" sizes=\"auto, (max-width: 730px) 100vw, 730px\" \/><\/a><\/p>\n<p><img loading=\"lazy\" decoding=\"async\" class=\"size-full wp-image-5403 alignleft\" src=\"https:\/\/www.rarom.ro\/wp-content\/uploads\/2017\/12\/Prezentare_pagini231.jpg\" alt=\"\" width=\"250\" height=\"165\" \/>Polestar 1, primul model de sine-st\u0103t\u0103tor al diviziei de performan\u0163\u0103 a Volvo, deschide drumul m\u0103rcii suedeze c\u0103tre era ma\u015finilor electrice. Noul Gran Turismo hibrid nu a renun\u0163at la motorul termic, dar arat\u0103 c\u0103 marii constructori auto \u00eencep s\u0103 ridice m\u0103nu\u015fa aruncat\u0103 de Tesla. [&#8230;]<\/p>\n","protected":false},"excerpt":{"rendered":"<p>Polestar 1 Polestar 1, primul model de sine-st\u0103t\u0103tor al diviziei de performan\u0163\u0103 a Volvo, deschide drumul m\u0103rcii suedeze c\u0103tre era ma\u015finilor electrice. Noul Gran Turismo hibrid nu a renun\u0163at la motorul termic, dar arat\u0103 c\u0103 marii constructori auto \u00eencep s\u0103 ridice m\u0103nu\u015fa aruncat\u0103 de Tesla. [&#8230;]<\/p>\n","protected":false},"author":3,"featured_media":0,"parent":5342,"menu_order":4,"comment_status":"closed","ping_status":"closed","template":"","meta":{"_acf_changed":false,"footnotes":""},"class_list":["post-5400","page","type-page","status-publish","hentry"],"acf":[],"_links":{"self":[{"href":"https:\/\/www.rarom.ro\/index.php?rest_route=\/wp\/v2\/pages\/5400","targetHints":{"allow":["GET"]}}],"collection":[{"href":"https:\/\/www.rarom.ro\/index.php?rest_route=\/wp\/v2\/pages"}],"about":[{"href":"https:\/\/www.rarom.ro\/index.php?rest_route=\/wp\/v2\/types\/page"}],"author":[{"embeddable":true,"href":"https:\/\/www.rarom.ro\/index.php?rest_route=\/wp\/v2\/users\/3"}],"replies":[{"embeddable":true,"href":"https:\/\/www.rarom.ro\/index.php?rest_route=%2Fwp%2Fv2%2Fcomments&post=5400"}],"version-history":[{"count":1,"href":"https:\/\/www.rarom.ro\/index.php?rest_route=\/wp\/v2\/pages\/5400\/revisions"}],"predecessor-version":[{"id":5405,"href":"https:\/\/www.rarom.ro\/index.php?rest_route=\/wp\/v2\/pages\/5400\/revisions\/5405"}],"up":[{"embeddable":true,"href":"https:\/\/www.rarom.ro\/index.php?rest_route=\/wp\/v2\/pages\/5342"}],"wp:attachment":[{"href":"https:\/\/www.rarom.ro\/index.php?rest_route=%2Fwp%2Fv2%2Fmedia&parent=5400"}],"curies":[{"name":"wp","href":"https:\/\/api.w.org\/{rel}","templated":true}]}}