{"id":5363,"date":"2017-12-07T09:02:55","date_gmt":"2017-12-07T07:02:55","guid":{"rendered":"https:\/\/www.rarom.ro\/?page_id=5363"},"modified":"2017-12-07T09:02:55","modified_gmt":"2017-12-07T07:02:55","slug":"peugeot-308-gti","status":"publish","type":"page","link":"https:\/\/www.rarom.ro\/?page_id=5363","title":{"rendered":"Peugeot 308 GTi"},"content":{"rendered":"<p><strong>Test: Peugeot 308 GTi<\/strong><\/p>\n<p><a href=\"https:\/\/www.rarom.ro\/wp-content\/uploads\/2017\/12\/TestPeugeot_mare231.jpg\"><img loading=\"lazy\" decoding=\"async\" class=\"aligncenter size-full wp-image-5364\" src=\"https:\/\/www.rarom.ro\/wp-content\/uploads\/2017\/12\/TestPeugeot_mare231.jpg\" alt=\"\" width=\"730\" height=\"450\" srcset=\"https:\/\/www.rarom.ro\/wp-content\/uploads\/2017\/12\/TestPeugeot_mare231.jpg 730w, https:\/\/www.rarom.ro\/wp-content\/uploads\/2017\/12\/TestPeugeot_mare231-300x185.jpg 300w\" sizes=\"auto, (max-width: 730px) 100vw, 730px\" \/><\/a><\/p>\n<p><a href=\"https:\/\/www.rarom.ro\/wp-content\/uploads\/2017\/12\/TestPeugeot_pagini231.jpg\"><img loading=\"lazy\" decoding=\"async\" class=\"size-full wp-image-5366 alignleft\" src=\"https:\/\/www.rarom.ro\/wp-content\/uploads\/2017\/12\/TestPeugeot_pagini231.jpg\" alt=\"\" width=\"250\" height=\"165\" \/><\/a>Este primul g\u00e2nd c\u00e2nd, \u00eentr-un t\u00e2rziu, m-am dat jos de la volan, ca un zombi, \u00een mijlocul unor amici curio\u015fi, mari amatori de ma\u015fini germane. Dup\u0103 c\u00e2\u0163iva pa\u015fi am avut tendin\u0163a s\u0103 m\u0103 \u00eentorc din nou la volan c\u00e2nd m\u0103 plesne\u015fte \u00eentrebarea unuia, familist convins: daaa\u2019\u2026 c\u00e2t a consumat? M\u0103 trezesc buimac din reveria vitezei \u015fi-l privesc acid: pe bune?!? [&#8230;]<\/p>\n","protected":false},"excerpt":{"rendered":"<p>Test: Peugeot 308 GTi Este primul g\u00e2nd c\u00e2nd, \u00eentr-un t\u00e2rziu, m-am dat jos de la volan, ca un zombi, \u00een mijlocul unor amici curio\u015fi, mari amatori de ma\u015fini germane. Dup\u0103 c\u00e2\u0163iva pa\u015fi am avut tendin\u0163a s\u0103 m\u0103 \u00eentorc din nou la volan c\u00e2nd m\u0103 plesne\u015fte \u00eentrebarea unuia, familist convins: daaa\u2019\u2026 c\u00e2t a consumat? M\u0103 trezesc [&hellip;]<\/p>\n","protected":false},"author":3,"featured_media":0,"parent":5346,"menu_order":3,"comment_status":"closed","ping_status":"closed","template":"","meta":{"_acf_changed":false,"footnotes":""},"class_list":["post-5363","page","type-page","status-publish","hentry"],"acf":[],"_links":{"self":[{"href":"https:\/\/www.rarom.ro\/index.php?rest_route=\/wp\/v2\/pages\/5363","targetHints":{"allow":["GET"]}}],"collection":[{"href":"https:\/\/www.rarom.ro\/index.php?rest_route=\/wp\/v2\/pages"}],"about":[{"href":"https:\/\/www.rarom.ro\/index.php?rest_route=\/wp\/v2\/types\/page"}],"author":[{"embeddable":true,"href":"https:\/\/www.rarom.ro\/index.php?rest_route=\/wp\/v2\/users\/3"}],"replies":[{"embeddable":true,"href":"https:\/\/www.rarom.ro\/index.php?rest_route=%2Fwp%2Fv2%2Fcomments&post=5363"}],"version-history":[{"count":2,"href":"https:\/\/www.rarom.ro\/index.php?rest_route=\/wp\/v2\/pages\/5363\/revisions"}],"predecessor-version":[{"id":5369,"href":"https:\/\/www.rarom.ro\/index.php?rest_route=\/wp\/v2\/pages\/5363\/revisions\/5369"}],"up":[{"embeddable":true,"href":"https:\/\/www.rarom.ro\/index.php?rest_route=\/wp\/v2\/pages\/5346"}],"wp:attachment":[{"href":"https:\/\/www.rarom.ro\/index.php?rest_route=%2Fwp%2Fv2%2Fmedia&parent=5363"}],"curies":[{"name":"wp","href":"https:\/\/api.w.org\/{rel}","templated":true}]}}