{"id":5346,"date":"2017-12-07T08:40:30","date_gmt":"2017-12-07T06:40:30","guid":{"rendered":"https:\/\/www.rarom.ro\/?page_id=5346"},"modified":"2017-12-07T11:24:43","modified_gmt":"2017-12-07T09:24:43","slug":"teste","status":"publish","type":"page","link":"https:\/\/www.rarom.ro\/?page_id=5346","title":{"rendered":"Teste"},"content":{"rendered":"<p><a href=\"https:\/\/www.rarom.ro\/wp-content\/uploads\/2017\/12\/TesteDecembrie-Ianuarie-2018.jpg\"><img loading=\"lazy\" decoding=\"async\" class=\"aligncenter size-full wp-image-5347\" src=\"https:\/\/www.rarom.ro\/wp-content\/uploads\/2017\/12\/TesteDecembrie-Ianuarie-2018.jpg\" alt=\"\" width=\"730\" height=\"450\" srcset=\"https:\/\/www.rarom.ro\/wp-content\/uploads\/2017\/12\/TesteDecembrie-Ianuarie-2018.jpg 730w, https:\/\/www.rarom.ro\/wp-content\/uploads\/2017\/12\/TesteDecembrie-Ianuarie-2018-300x185.jpg 300w\" sizes=\"auto, (max-width: 730px) 100vw, 730px\" \/><\/a><\/p>\n<p><strong>EVOLU\u0162IE CERT\u0102<\/strong><br \/>\n<strong>Test:<\/strong> <a href=\"https:\/\/www.rarom.ro\/?page_id=5350\">Ford Fiesta<\/a><\/p>\n<p><strong>SOLU\u0162IA SALVATOARE<\/strong><br \/>\n<strong>Test:<\/strong> <a href=\"https:\/\/www.rarom.ro\/?page_id=5356\">Porsche Cayenne S<\/a><\/p>\n<p><strong>GREU DE OPRIT!<\/strong><br \/>\n<strong>Test:<\/strong> <a href=\"https:\/\/www.rarom.ro\/?page_id=5363\">Peugeot 308 GTi<\/a><\/p>\n<p><strong>ULTIMUL SUPRAVIE\u0162UITOR<\/strong><br \/>\n<strong>Test:<\/strong> <a href=\"https:\/\/www.rarom.ro\/?page_id=5371\">BMW 340i<\/a><\/p>\n<p><strong>MISTER JAPANESE<\/strong><br \/>\n<strong>Test:<\/strong> <a href=\"https:\/\/www.rarom.ro\/?page_id=5377\">Nissan Qashqai<\/a><\/p>\n<p><strong>MUSCLE BIKE. THE MUSCLE BIKE<\/strong><br \/>\n<strong>Test:<\/strong> <a href=\"https:\/\/www.rarom.ro\/?page_id=5383\">BMW S 1000 R<\/a><\/p>\n","protected":false},"excerpt":{"rendered":"<p>EVOLU\u0162IE CERT\u0102 Test: Ford Fiesta SOLU\u0162IA SALVATOARE Test: Porsche Cayenne S GREU DE OPRIT! Test: Peugeot 308 GTi ULTIMUL SUPRAVIE\u0162UITOR Test: BMW 340i MISTER JAPANESE Test: Nissan Qashqai MUSCLE BIKE. THE MUSCLE BIKE Test: BMW S 1000 R<\/p>\n","protected":false},"author":3,"featured_media":0,"parent":5342,"menu_order":1,"comment_status":"closed","ping_status":"closed","template":"","meta":{"_acf_changed":false,"footnotes":""},"class_list":["post-5346","page","type-page","status-publish","hentry"],"acf":[],"_links":{"self":[{"href":"https:\/\/www.rarom.ro\/index.php?rest_route=\/wp\/v2\/pages\/5346","targetHints":{"allow":["GET"]}}],"collection":[{"href":"https:\/\/www.rarom.ro\/index.php?rest_route=\/wp\/v2\/pages"}],"about":[{"href":"https:\/\/www.rarom.ro\/index.php?rest_route=\/wp\/v2\/types\/page"}],"author":[{"embeddable":true,"href":"https:\/\/www.rarom.ro\/index.php?rest_route=\/wp\/v2\/users\/3"}],"replies":[{"embeddable":true,"href":"https:\/\/www.rarom.ro\/index.php?rest_route=%2Fwp%2Fv2%2Fcomments&post=5346"}],"version-history":[{"count":3,"href":"https:\/\/www.rarom.ro\/index.php?rest_route=\/wp\/v2\/pages\/5346\/revisions"}],"predecessor-version":[{"id":5426,"href":"https:\/\/www.rarom.ro\/index.php?rest_route=\/wp\/v2\/pages\/5346\/revisions\/5426"}],"up":[{"embeddable":true,"href":"https:\/\/www.rarom.ro\/index.php?rest_route=\/wp\/v2\/pages\/5342"}],"wp:attachment":[{"href":"https:\/\/www.rarom.ro\/index.php?rest_route=%2Fwp%2Fv2%2Fmedia&parent=5346"}],"curies":[{"name":"wp","href":"https:\/\/api.w.org\/{rel}","templated":true}]}}