{"id":5265,"date":"2017-11-03T11:08:06","date_gmt":"2017-11-03T09:08:06","guid":{"rendered":"https:\/\/www.rarom.ro\/?page_id=5265"},"modified":"2017-11-03T11:08:06","modified_gmt":"2017-11-03T09:08:06","slug":"magazin","status":"publish","type":"page","link":"https:\/\/www.rarom.ro\/?page_id=5265","title":{"rendered":"Magazin"},"content":{"rendered":"<p><strong>Ma\u015fini electrice rapide<\/strong><\/p>\n<p><a href=\"https:\/\/www.rarom.ro\/wp-content\/uploads\/2017\/11\/Magazin_mare230.jpg\"><img loading=\"lazy\" decoding=\"async\" class=\"aligncenter size-full wp-image-5266\" src=\"https:\/\/www.rarom.ro\/wp-content\/uploads\/2017\/11\/Magazin_mare230.jpg\" alt=\"\" width=\"730\" height=\"450\" srcset=\"https:\/\/www.rarom.ro\/wp-content\/uploads\/2017\/11\/Magazin_mare230.jpg 730w, https:\/\/www.rarom.ro\/wp-content\/uploads\/2017\/11\/Magazin_mare230-300x185.jpg 300w\" sizes=\"auto, (max-width: 730px) 100vw, 730px\" \/><\/a><\/p>\n<p><a href=\"https:\/\/www.rarom.ro\/wp-content\/uploads\/2017\/11\/Magazin_pagini230.jpg\"><img loading=\"lazy\" decoding=\"async\" class=\"size-full wp-image-5268 alignleft\" src=\"https:\/\/www.rarom.ro\/wp-content\/uploads\/2017\/11\/Magazin_pagini230.jpg\" alt=\"\" width=\"250\" height=\"165\" \/><\/a>La \u00eenceputul secolului era greu de &#8222;digerat&#8221; pentru oricine ca cele mai rapide ma\u015fini electrice din lume s\u0103 aib\u0103 performan\u0163e la care modelele cu motor termic nu puteau dec\u00e2t s\u0103 viseze. Dac\u0103 cineva mai crede c\u0103 ma\u015finile electrice ofer\u0103 stilul \u015fi performan\u0163a unui &#8222;titicar de uzin\u0103&#8221; din anii \u201870, atunci ar trebui s\u0103 mai reflecte pu\u0163in la asta, pentru c\u0103 la ora actual\u0103 &#8222;ma\u015finile cu baterii&#8221; performante cost\u0103 scump. [&#8230;]<\/p>\n","protected":false},"excerpt":{"rendered":"<p>Ma\u015fini electrice rapide La \u00eenceputul secolului era greu de &#8222;digerat&#8221; pentru oricine ca cele mai rapide ma\u015fini electrice din lume s\u0103 aib\u0103 performan\u0163e la care modelele cu motor termic nu puteau dec\u00e2t s\u0103 viseze. Dac\u0103 cineva mai crede c\u0103 ma\u015finile electrice ofer\u0103 stilul \u015fi performan\u0163a unui &#8222;titicar de uzin\u0103&#8221; din anii \u201870, atunci ar trebui [&hellip;]<\/p>\n","protected":false},"author":3,"featured_media":0,"parent":5203,"menu_order":5,"comment_status":"closed","ping_status":"closed","template":"","meta":{"_acf_changed":false,"footnotes":""},"class_list":["post-5265","page","type-page","status-publish","hentry"],"acf":[],"_links":{"self":[{"href":"https:\/\/www.rarom.ro\/index.php?rest_route=\/wp\/v2\/pages\/5265","targetHints":{"allow":["GET"]}}],"collection":[{"href":"https:\/\/www.rarom.ro\/index.php?rest_route=\/wp\/v2\/pages"}],"about":[{"href":"https:\/\/www.rarom.ro\/index.php?rest_route=\/wp\/v2\/types\/page"}],"author":[{"embeddable":true,"href":"https:\/\/www.rarom.ro\/index.php?rest_route=\/wp\/v2\/users\/3"}],"replies":[{"embeddable":true,"href":"https:\/\/www.rarom.ro\/index.php?rest_route=%2Fwp%2Fv2%2Fcomments&post=5265"}],"version-history":[{"count":1,"href":"https:\/\/www.rarom.ro\/index.php?rest_route=\/wp\/v2\/pages\/5265\/revisions"}],"predecessor-version":[{"id":5270,"href":"https:\/\/www.rarom.ro\/index.php?rest_route=\/wp\/v2\/pages\/5265\/revisions\/5270"}],"up":[{"embeddable":true,"href":"https:\/\/www.rarom.ro\/index.php?rest_route=\/wp\/v2\/pages\/5203"}],"wp:attachment":[{"href":"https:\/\/www.rarom.ro\/index.php?rest_route=%2Fwp%2Fv2%2Fmedia&parent=5265"}],"curies":[{"name":"wp","href":"https:\/\/api.w.org\/{rel}","templated":true}]}}