{"id":5259,"date":"2017-11-03T11:00:42","date_gmt":"2017-11-03T09:00:42","guid":{"rendered":"https:\/\/www.rarom.ro\/?page_id=5259"},"modified":"2017-11-03T11:00:42","modified_gmt":"2017-11-03T09:00:42","slug":"design","status":"publish","type":"page","link":"https:\/\/www.rarom.ro\/?page_id=5259","title":{"rendered":"Design"},"content":{"rendered":"<p><strong>Corvette Nivola<\/strong><\/p>\n<p><a href=\"https:\/\/www.rarom.ro\/wp-content\/uploads\/2017\/11\/Design_mare230.jpg\"><img loading=\"lazy\" decoding=\"async\" class=\"aligncenter size-full wp-image-5260\" src=\"https:\/\/www.rarom.ro\/wp-content\/uploads\/2017\/11\/Design_mare230.jpg\" alt=\"\" width=\"730\" height=\"450\" srcset=\"https:\/\/www.rarom.ro\/wp-content\/uploads\/2017\/11\/Design_mare230.jpg 730w, https:\/\/www.rarom.ro\/wp-content\/uploads\/2017\/11\/Design_mare230-300x185.jpg 300w\" sizes=\"auto, (max-width: 730px) 100vw, 730px\" \/><\/a><\/p>\n<p><a href=\"https:\/\/www.rarom.ro\/wp-content\/uploads\/2017\/11\/Design_pagini230.jpg\"><img loading=\"lazy\" decoding=\"async\" class=\"size-full wp-image-5262 alignleft\" src=\"https:\/\/www.rarom.ro\/wp-content\/uploads\/2017\/11\/Design_pagini230.jpg\" alt=\"\" width=\"250\" height=\"165\" \/><\/a>Corvette este numele unui automobil de legend\u0103 aflat \u00een portofoliul m\u0103rcii Chevrolet, o ma\u015fin\u0103 reprezentativ\u0103 pentru felul \u00een care v\u0103d americanii automobilele sport. Asta, \u00eens\u0103, nu a \u00eempiedicat casa Bertone s\u0103 fac\u0103 o propunere inedit\u0103 despre cum ar vedea italienii acest model. [&#8230;]<\/p>\n","protected":false},"excerpt":{"rendered":"<p>Corvette Nivola Corvette este numele unui automobil de legend\u0103 aflat \u00een portofoliul m\u0103rcii Chevrolet, o ma\u015fin\u0103 reprezentativ\u0103 pentru felul \u00een care v\u0103d americanii automobilele sport. Asta, \u00eens\u0103, nu a \u00eempiedicat casa Bertone s\u0103 fac\u0103 o propunere inedit\u0103 despre cum ar vedea italienii acest model. [&#8230;]<\/p>\n","protected":false},"author":3,"featured_media":0,"parent":5203,"menu_order":4,"comment_status":"closed","ping_status":"closed","template":"","meta":{"_acf_changed":false,"footnotes":""},"class_list":["post-5259","page","type-page","status-publish","hentry"],"acf":[],"_links":{"self":[{"href":"https:\/\/www.rarom.ro\/index.php?rest_route=\/wp\/v2\/pages\/5259","targetHints":{"allow":["GET"]}}],"collection":[{"href":"https:\/\/www.rarom.ro\/index.php?rest_route=\/wp\/v2\/pages"}],"about":[{"href":"https:\/\/www.rarom.ro\/index.php?rest_route=\/wp\/v2\/types\/page"}],"author":[{"embeddable":true,"href":"https:\/\/www.rarom.ro\/index.php?rest_route=\/wp\/v2\/users\/3"}],"replies":[{"embeddable":true,"href":"https:\/\/www.rarom.ro\/index.php?rest_route=%2Fwp%2Fv2%2Fcomments&post=5259"}],"version-history":[{"count":1,"href":"https:\/\/www.rarom.ro\/index.php?rest_route=\/wp\/v2\/pages\/5259\/revisions"}],"predecessor-version":[{"id":5264,"href":"https:\/\/www.rarom.ro\/index.php?rest_route=\/wp\/v2\/pages\/5259\/revisions\/5264"}],"up":[{"embeddable":true,"href":"https:\/\/www.rarom.ro\/index.php?rest_route=\/wp\/v2\/pages\/5203"}],"wp:attachment":[{"href":"https:\/\/www.rarom.ro\/index.php?rest_route=%2Fwp%2Fv2%2Fmedia&parent=5259"}],"curies":[{"name":"wp","href":"https:\/\/api.w.org\/{rel}","templated":true}]}}