{"id":5253,"date":"2017-11-03T10:51:50","date_gmt":"2017-11-03T08:51:50","guid":{"rendered":"https:\/\/www.rarom.ro\/?page_id=5253"},"modified":"2017-11-03T11:12:17","modified_gmt":"2017-11-03T09:12:17","slug":"prezentare","status":"publish","type":"page","link":"https:\/\/www.rarom.ro\/?page_id=5253","title":{"rendered":"Prezentare"},"content":{"rendered":"<p><strong>BMW Z4<\/strong><\/p>\n<p><a href=\"https:\/\/www.rarom.ro\/wp-content\/uploads\/2017\/11\/Prezentare_mare230.jpeg\"><img loading=\"lazy\" decoding=\"async\" class=\"aligncenter size-full wp-image-5254\" src=\"https:\/\/www.rarom.ro\/wp-content\/uploads\/2017\/11\/Prezentare_mare230.jpeg\" alt=\"\" width=\"730\" height=\"450\" srcset=\"https:\/\/www.rarom.ro\/wp-content\/uploads\/2017\/11\/Prezentare_mare230.jpeg 730w, https:\/\/www.rarom.ro\/wp-content\/uploads\/2017\/11\/Prezentare_mare230-300x185.jpeg 300w\" sizes=\"auto, (max-width: 730px) 100vw, 730px\" \/><\/a><\/p>\n<p><a href=\"https:\/\/www.rarom.ro\/wp-content\/uploads\/2017\/11\/Prezentare_pagini230.jpg\"><img loading=\"lazy\" decoding=\"async\" class=\"size-full wp-image-5256 alignleft\" src=\"https:\/\/www.rarom.ro\/wp-content\/uploads\/2017\/11\/Prezentare_pagini230.jpg\" alt=\"\" width=\"250\" height=\"165\" \/><\/a>Ap\u0103rut aproape din senin, cu o campanie promo\u0163ional\u0103 sub form\u0103 de teasere, foarte discret\u0103, roadsterul BMW Z4 Concept a produs \u00eenc\u00e2ntare la Concours d\u2019Elegance 2017, din Pebble Beach, California, \u015fi anun\u0163\u0103 un nou model sport al m\u0103rcii germane. [&#8230;]<\/p>\n<p>&nbsp;<br \/>\n&nbsp;<br \/>\n&nbsp;<\/p>\n","protected":false},"excerpt":{"rendered":"<p>BMW Z4 Ap\u0103rut aproape din senin, cu o campanie promo\u0163ional\u0103 sub form\u0103 de teasere, foarte discret\u0103, roadsterul BMW Z4 Concept a produs \u00eenc\u00e2ntare la Concours d\u2019Elegance 2017, din Pebble Beach, California, \u015fi anun\u0163\u0103 un nou model sport al m\u0103rcii germane. [&#8230;] &nbsp; &nbsp; &nbsp;<\/p>\n","protected":false},"author":3,"featured_media":0,"parent":5203,"menu_order":3,"comment_status":"closed","ping_status":"closed","template":"","meta":{"_acf_changed":false,"footnotes":""},"class_list":["post-5253","page","type-page","status-publish","hentry"],"acf":[],"_links":{"self":[{"href":"https:\/\/www.rarom.ro\/index.php?rest_route=\/wp\/v2\/pages\/5253","targetHints":{"allow":["GET"]}}],"collection":[{"href":"https:\/\/www.rarom.ro\/index.php?rest_route=\/wp\/v2\/pages"}],"about":[{"href":"https:\/\/www.rarom.ro\/index.php?rest_route=\/wp\/v2\/types\/page"}],"author":[{"embeddable":true,"href":"https:\/\/www.rarom.ro\/index.php?rest_route=\/wp\/v2\/users\/3"}],"replies":[{"embeddable":true,"href":"https:\/\/www.rarom.ro\/index.php?rest_route=%2Fwp%2Fv2%2Fcomments&post=5253"}],"version-history":[{"count":2,"href":"https:\/\/www.rarom.ro\/index.php?rest_route=\/wp\/v2\/pages\/5253\/revisions"}],"predecessor-version":[{"id":5278,"href":"https:\/\/www.rarom.ro\/index.php?rest_route=\/wp\/v2\/pages\/5253\/revisions\/5278"}],"up":[{"embeddable":true,"href":"https:\/\/www.rarom.ro\/index.php?rest_route=\/wp\/v2\/pages\/5203"}],"wp:attachment":[{"href":"https:\/\/www.rarom.ro\/index.php?rest_route=%2Fwp%2Fv2%2Fmedia&parent=5253"}],"curies":[{"name":"wp","href":"https:\/\/api.w.org\/{rel}","templated":true}]}}