{"id":5239,"date":"2017-11-03T10:38:32","date_gmt":"2017-11-03T08:38:32","guid":{"rendered":"https:\/\/www.rarom.ro\/?page_id=5239"},"modified":"2017-11-03T10:39:15","modified_gmt":"2017-11-03T08:39:15","slug":"bmw-r-ninet-racer","status":"publish","type":"page","link":"https:\/\/www.rarom.ro\/?page_id=5239","title":{"rendered":"BMW R nineT Racer"},"content":{"rendered":"<p><strong>Test: BMW R nineT Racer<\/strong><\/p>\n<p><strong><a href=\"https:\/\/www.rarom.ro\/wp-content\/uploads\/2017\/11\/TestBMW_mare230.jpg\"><img loading=\"lazy\" decoding=\"async\" class=\"aligncenter size-full wp-image-5240\" src=\"https:\/\/www.rarom.ro\/wp-content\/uploads\/2017\/11\/TestBMW_mare230.jpg\" alt=\"\" width=\"730\" height=\"450\" srcset=\"https:\/\/www.rarom.ro\/wp-content\/uploads\/2017\/11\/TestBMW_mare230.jpg 730w, https:\/\/www.rarom.ro\/wp-content\/uploads\/2017\/11\/TestBMW_mare230-300x185.jpg 300w\" sizes=\"auto, (max-width: 730px) 100vw, 730px\" \/><\/a><\/strong><\/p>\n<p><strong> <a href=\"https:\/\/www.rarom.ro\/wp-content\/uploads\/2017\/11\/TestBMW_pagini230.jpg\"><img loading=\"lazy\" decoding=\"async\" class=\"size-full wp-image-5242 alignleft\" src=\"https:\/\/www.rarom.ro\/wp-content\/uploads\/2017\/11\/TestBMW_pagini230.jpg\" alt=\"\" width=\"250\" height=\"165\" \/><\/a><\/strong><\/p>\n<p>O motociclet\u0103 pentru puri\u015fti? Sau poate pentru nostalgici? Ori poate pentru cei care ofteaz\u0103 dup\u0103 formele clasice, dar care nu pot renun\u0163a la deliciile tehnologiilor moderne? Sau ar putea fi, pur \u015fi simplu, motocicleta pe care \u00ee\u0163i dore\u015fti s\u0103 fii v\u0103zut \u015fi pe care s\u0103 o conduci. [&#8230;]<\/p>\n","protected":false},"excerpt":{"rendered":"<p>Test: BMW R nineT Racer O motociclet\u0103 pentru puri\u015fti? Sau poate pentru nostalgici? Ori poate pentru cei care ofteaz\u0103 dup\u0103 formele clasice, dar care nu pot renun\u0163a la deliciile tehnologiilor moderne? Sau ar putea fi, pur \u015fi simplu, motocicleta pe care \u00ee\u0163i dore\u015fti s\u0103 fii v\u0103zut \u015fi pe care s\u0103 o conduci. [&#8230;]<\/p>\n","protected":false},"author":3,"featured_media":0,"parent":5207,"menu_order":5,"comment_status":"closed","ping_status":"closed","template":"","meta":{"_acf_changed":false,"footnotes":""},"class_list":["post-5239","page","type-page","status-publish","hentry"],"acf":[],"_links":{"self":[{"href":"https:\/\/www.rarom.ro\/index.php?rest_route=\/wp\/v2\/pages\/5239","targetHints":{"allow":["GET"]}}],"collection":[{"href":"https:\/\/www.rarom.ro\/index.php?rest_route=\/wp\/v2\/pages"}],"about":[{"href":"https:\/\/www.rarom.ro\/index.php?rest_route=\/wp\/v2\/types\/page"}],"author":[{"embeddable":true,"href":"https:\/\/www.rarom.ro\/index.php?rest_route=\/wp\/v2\/users\/3"}],"replies":[{"embeddable":true,"href":"https:\/\/www.rarom.ro\/index.php?rest_route=%2Fwp%2Fv2%2Fcomments&post=5239"}],"version-history":[{"count":3,"href":"https:\/\/www.rarom.ro\/index.php?rest_route=\/wp\/v2\/pages\/5239\/revisions"}],"predecessor-version":[{"id":5246,"href":"https:\/\/www.rarom.ro\/index.php?rest_route=\/wp\/v2\/pages\/5239\/revisions\/5246"}],"up":[{"embeddable":true,"href":"https:\/\/www.rarom.ro\/index.php?rest_route=\/wp\/v2\/pages\/5207"}],"wp:attachment":[{"href":"https:\/\/www.rarom.ro\/index.php?rest_route=%2Fwp%2Fv2%2Fmedia&parent=5239"}],"curies":[{"name":"wp","href":"https:\/\/api.w.org\/{rel}","templated":true}]}}