{"id":5164,"date":"2017-10-12T14:49:13","date_gmt":"2017-10-12T11:49:13","guid":{"rendered":"https:\/\/www.rarom.ro\/?page_id=5164"},"modified":"2017-10-12T14:49:48","modified_gmt":"2017-10-12T11:49:48","slug":"sport","status":"publish","type":"page","link":"https:\/\/www.rarom.ro\/?page_id=5164","title":{"rendered":"Sport"},"content":{"rendered":"<p><strong>Halo \u00een Formula 1<\/strong><\/p>\n<p><a href=\"https:\/\/www.rarom.ro\/wp-content\/uploads\/2017\/10\/Sport_mare229.jpg\"><img loading=\"lazy\" decoding=\"async\" class=\"size-full wp-image-5165 aligncenter\" src=\"https:\/\/www.rarom.ro\/wp-content\/uploads\/2017\/10\/Sport_mare229.jpg\" alt=\"\" width=\"730\" height=\"450\" srcset=\"https:\/\/www.rarom.ro\/wp-content\/uploads\/2017\/10\/Sport_mare229.jpg 730w, https:\/\/www.rarom.ro\/wp-content\/uploads\/2017\/10\/Sport_mare229-300x185.jpg 300w\" sizes=\"auto, (max-width: 730px) 100vw, 730px\" \/><\/a><\/p>\n<p><a href=\"https:\/\/www.rarom.ro\/wp-content\/uploads\/2017\/10\/Sport_pagini229.jpg\"><img loading=\"lazy\" decoding=\"async\" class=\"size-full wp-image-5167 alignleft\" src=\"https:\/\/www.rarom.ro\/wp-content\/uploads\/2017\/10\/Sport_pagini229.jpg\" alt=\"\" width=\"250\" height=\"165\" \/><\/a>\u00cencep\u00e2nd cu anul viitor, monoposturile de Formula 1 vor suferi o schimbare important\u0103 la capitolul siguran\u0163\u0103. Federa\u0163ia Interna\u0163ional\u0103 a Automobilului a decis utilizarea dispozitivului Halo pentru protec\u0163ia sporit\u0103 a pilo\u0163ilor din F1. [&#8230;]<\/p>\n","protected":false},"excerpt":{"rendered":"<p>Halo \u00een Formula 1 \u00cencep\u00e2nd cu anul viitor, monoposturile de Formula 1 vor suferi o schimbare important\u0103 la capitolul siguran\u0163\u0103. Federa\u0163ia Interna\u0163ional\u0103 a Automobilului a decis utilizarea dispozitivului Halo pentru protec\u0163ia sporit\u0103 a pilo\u0163ilor din F1. [&#8230;]<\/p>\n","protected":false},"author":3,"featured_media":0,"parent":5095,"menu_order":6,"comment_status":"closed","ping_status":"closed","template":"","meta":{"_acf_changed":false,"footnotes":""},"class_list":["post-5164","page","type-page","status-publish","hentry"],"acf":[],"_links":{"self":[{"href":"https:\/\/www.rarom.ro\/index.php?rest_route=\/wp\/v2\/pages\/5164","targetHints":{"allow":["GET"]}}],"collection":[{"href":"https:\/\/www.rarom.ro\/index.php?rest_route=\/wp\/v2\/pages"}],"about":[{"href":"https:\/\/www.rarom.ro\/index.php?rest_route=\/wp\/v2\/types\/page"}],"author":[{"embeddable":true,"href":"https:\/\/www.rarom.ro\/index.php?rest_route=\/wp\/v2\/users\/3"}],"replies":[{"embeddable":true,"href":"https:\/\/www.rarom.ro\/index.php?rest_route=%2Fwp%2Fv2%2Fcomments&post=5164"}],"version-history":[{"count":2,"href":"https:\/\/www.rarom.ro\/index.php?rest_route=\/wp\/v2\/pages\/5164\/revisions"}],"predecessor-version":[{"id":5170,"href":"https:\/\/www.rarom.ro\/index.php?rest_route=\/wp\/v2\/pages\/5164\/revisions\/5170"}],"up":[{"embeddable":true,"href":"https:\/\/www.rarom.ro\/index.php?rest_route=\/wp\/v2\/pages\/5095"}],"wp:attachment":[{"href":"https:\/\/www.rarom.ro\/index.php?rest_route=%2Fwp%2Fv2%2Fmedia&parent=5164"}],"curies":[{"name":"wp","href":"https:\/\/api.w.org\/{rel}","templated":true}]}}