{"id":5158,"date":"2017-10-12T14:47:37","date_gmt":"2017-10-12T11:47:37","guid":{"rendered":"https:\/\/www.rarom.ro\/?page_id=5158"},"modified":"2017-10-12T14:47:37","modified_gmt":"2017-10-12T11:47:37","slug":"magazin","status":"publish","type":"page","link":"https:\/\/www.rarom.ro\/?page_id=5158","title":{"rendered":"Magazin"},"content":{"rendered":"<p><strong>Nume celebre<\/strong><\/p>\n<p><a href=\"https:\/\/www.rarom.ro\/wp-content\/uploads\/2017\/10\/Magazin_mare229.jpg\"><img loading=\"lazy\" decoding=\"async\" class=\"aligncenter size-full wp-image-5159\" src=\"https:\/\/www.rarom.ro\/wp-content\/uploads\/2017\/10\/Magazin_mare229.jpg\" alt=\"\" width=\"730\" height=\"450\" srcset=\"https:\/\/www.rarom.ro\/wp-content\/uploads\/2017\/10\/Magazin_mare229.jpg 730w, https:\/\/www.rarom.ro\/wp-content\/uploads\/2017\/10\/Magazin_mare229-300x185.jpg 300w\" sizes=\"auto, (max-width: 730px) 100vw, 730px\" \/><\/a><\/p>\n<p><a href=\"https:\/\/www.rarom.ro\/wp-content\/uploads\/2017\/10\/Magazin_pagini229.jpg\"><img loading=\"lazy\" decoding=\"async\" class=\"size-full wp-image-5161 alignleft\" src=\"https:\/\/www.rarom.ro\/wp-content\/uploads\/2017\/10\/Magazin_pagini229.jpg\" alt=\"\" width=\"250\" height=\"165\" \/><\/a>Sunt ma\u015fini pe lumea asta devenite adev\u0103rate legende. Ne plac, unii dintre noi le ador\u0103, ne dorim s\u0103 le avem, noroco\u015fii lor proprietari le \u00eengrijesc zi \u015fi noapte. Dar, p\u00e2n\u0103 la renume, \u015fti\u0163i cum \u015fi-au c\u0103p\u0103tat numele? Iat\u0103 mai jos povestea c\u00e2torva dintre ele. [&#8230;]<\/p>\n","protected":false},"excerpt":{"rendered":"<p>Nume celebre Sunt ma\u015fini pe lumea asta devenite adev\u0103rate legende. Ne plac, unii dintre noi le ador\u0103, ne dorim s\u0103 le avem, noroco\u015fii lor proprietari le \u00eengrijesc zi \u015fi noapte. Dar, p\u00e2n\u0103 la renume, \u015fti\u0163i cum \u015fi-au c\u0103p\u0103tat numele? Iat\u0103 mai jos povestea c\u00e2torva dintre ele. [&#8230;]<\/p>\n","protected":false},"author":3,"featured_media":0,"parent":5095,"menu_order":5,"comment_status":"closed","ping_status":"closed","template":"","meta":{"_acf_changed":false,"footnotes":""},"class_list":["post-5158","page","type-page","status-publish","hentry"],"acf":[],"_links":{"self":[{"href":"https:\/\/www.rarom.ro\/index.php?rest_route=\/wp\/v2\/pages\/5158","targetHints":{"allow":["GET"]}}],"collection":[{"href":"https:\/\/www.rarom.ro\/index.php?rest_route=\/wp\/v2\/pages"}],"about":[{"href":"https:\/\/www.rarom.ro\/index.php?rest_route=\/wp\/v2\/types\/page"}],"author":[{"embeddable":true,"href":"https:\/\/www.rarom.ro\/index.php?rest_route=\/wp\/v2\/users\/3"}],"replies":[{"embeddable":true,"href":"https:\/\/www.rarom.ro\/index.php?rest_route=%2Fwp%2Fv2%2Fcomments&post=5158"}],"version-history":[{"count":1,"href":"https:\/\/www.rarom.ro\/index.php?rest_route=\/wp\/v2\/pages\/5158\/revisions"}],"predecessor-version":[{"id":5163,"href":"https:\/\/www.rarom.ro\/index.php?rest_route=\/wp\/v2\/pages\/5158\/revisions\/5163"}],"up":[{"embeddable":true,"href":"https:\/\/www.rarom.ro\/index.php?rest_route=\/wp\/v2\/pages\/5095"}],"wp:attachment":[{"href":"https:\/\/www.rarom.ro\/index.php?rest_route=%2Fwp%2Fv2%2Fmedia&parent=5158"}],"curies":[{"name":"wp","href":"https:\/\/api.w.org\/{rel}","templated":true}]}}