{"id":5152,"date":"2017-10-12T14:45:47","date_gmt":"2017-10-12T11:45:47","guid":{"rendered":"https:\/\/www.rarom.ro\/?page_id=5152"},"modified":"2017-10-12T14:45:47","modified_gmt":"2017-10-12T11:45:47","slug":"design","status":"publish","type":"page","link":"https:\/\/www.rarom.ro\/?page_id=5152","title":{"rendered":"Design"},"content":{"rendered":"<p><strong>MINI electric<\/strong><\/p>\n<p><a href=\"https:\/\/www.rarom.ro\/wp-content\/uploads\/2017\/10\/Design_mare229.jpg\"><img loading=\"lazy\" decoding=\"async\" class=\"aligncenter size-full wp-image-5153\" src=\"https:\/\/www.rarom.ro\/wp-content\/uploads\/2017\/10\/Design_mare229.jpg\" alt=\"\" width=\"730\" height=\"450\" srcset=\"https:\/\/www.rarom.ro\/wp-content\/uploads\/2017\/10\/Design_mare229.jpg 730w, https:\/\/www.rarom.ro\/wp-content\/uploads\/2017\/10\/Design_mare229-300x185.jpg 300w\" sizes=\"auto, (max-width: 730px) 100vw, 730px\" \/><\/a><\/p>\n<p><a href=\"https:\/\/www.rarom.ro\/wp-content\/uploads\/2017\/10\/Design_pagini229.jpg\"><img loading=\"lazy\" decoding=\"async\" class=\"size-full wp-image-5155 alignleft\" src=\"https:\/\/www.rarom.ro\/wp-content\/uploads\/2017\/10\/Design_pagini229.jpg\" alt=\"\" width=\"250\" height=\"165\" \/><\/a>Valul electrific\u0103rii pare s\u0103 creasc\u0103 \u00een \u00een\u0103l\u0163ime de la an la an\u2026 \u015fi cine nu se preg\u0103te\u015fte risc\u0103 s\u0103 dispar\u0103. \u0162in\u00e2nd cont de acest aspect, chiar \u015fi modele iconice ale unor ma\u015fini din anii \u201960 trebuie s\u0103 \u00ee\u015fi g\u0103seasc\u0103 locul. \u00cen cazul de fa\u0163\u0103, putem vedea adaptarea simpaticului MINI. [&#8230;]<\/p>\n","protected":false},"excerpt":{"rendered":"<p>MINI electric Valul electrific\u0103rii pare s\u0103 creasc\u0103 \u00een \u00een\u0103l\u0163ime de la an la an\u2026 \u015fi cine nu se preg\u0103te\u015fte risc\u0103 s\u0103 dispar\u0103. \u0162in\u00e2nd cont de acest aspect, chiar \u015fi modele iconice ale unor ma\u015fini din anii \u201960 trebuie s\u0103 \u00ee\u015fi g\u0103seasc\u0103 locul. \u00cen cazul de fa\u0163\u0103, putem vedea adaptarea simpaticului MINI. [&#8230;]<\/p>\n","protected":false},"author":3,"featured_media":0,"parent":5095,"menu_order":4,"comment_status":"closed","ping_status":"closed","template":"","meta":{"_acf_changed":false,"footnotes":""},"class_list":["post-5152","page","type-page","status-publish","hentry"],"acf":[],"_links":{"self":[{"href":"https:\/\/www.rarom.ro\/index.php?rest_route=\/wp\/v2\/pages\/5152","targetHints":{"allow":["GET"]}}],"collection":[{"href":"https:\/\/www.rarom.ro\/index.php?rest_route=\/wp\/v2\/pages"}],"about":[{"href":"https:\/\/www.rarom.ro\/index.php?rest_route=\/wp\/v2\/types\/page"}],"author":[{"embeddable":true,"href":"https:\/\/www.rarom.ro\/index.php?rest_route=\/wp\/v2\/users\/3"}],"replies":[{"embeddable":true,"href":"https:\/\/www.rarom.ro\/index.php?rest_route=%2Fwp%2Fv2%2Fcomments&post=5152"}],"version-history":[{"count":1,"href":"https:\/\/www.rarom.ro\/index.php?rest_route=\/wp\/v2\/pages\/5152\/revisions"}],"predecessor-version":[{"id":5157,"href":"https:\/\/www.rarom.ro\/index.php?rest_route=\/wp\/v2\/pages\/5152\/revisions\/5157"}],"up":[{"embeddable":true,"href":"https:\/\/www.rarom.ro\/index.php?rest_route=\/wp\/v2\/pages\/5095"}],"wp:attachment":[{"href":"https:\/\/www.rarom.ro\/index.php?rest_route=%2Fwp%2Fv2%2Fmedia&parent=5152"}],"curies":[{"name":"wp","href":"https:\/\/api.w.org\/{rel}","templated":true}]}}