{"id":5134,"date":"2017-10-12T14:41:03","date_gmt":"2017-10-12T11:41:03","guid":{"rendered":"https:\/\/www.rarom.ro\/?page_id=5134"},"modified":"2017-10-12T14:41:03","modified_gmt":"2017-10-12T11:41:03","slug":"bmw-k1600-b","status":"publish","type":"page","link":"https:\/\/www.rarom.ro\/?page_id=5134","title":{"rendered":"BMW K1600 B"},"content":{"rendered":"<p><strong>Test: BMW R1600 B<\/strong><\/p>\n<p><a href=\"https:\/\/www.rarom.ro\/wp-content\/uploads\/2017\/10\/TestBMW_mare229.jpg\"><img loading=\"lazy\" decoding=\"async\" class=\"aligncenter size-full wp-image-5135\" src=\"https:\/\/www.rarom.ro\/wp-content\/uploads\/2017\/10\/TestBMW_mare229.jpg\" alt=\"\" width=\"730\" height=\"450\" srcset=\"https:\/\/www.rarom.ro\/wp-content\/uploads\/2017\/10\/TestBMW_mare229.jpg 730w, https:\/\/www.rarom.ro\/wp-content\/uploads\/2017\/10\/TestBMW_mare229-300x185.jpg 300w\" sizes=\"auto, (max-width: 730px) 100vw, 730px\" \/><\/a><\/p>\n<p><a href=\"https:\/\/www.rarom.ro\/wp-content\/uploads\/2017\/10\/TestBMW_pagini229.jpg\"><img loading=\"lazy\" decoding=\"async\" class=\"size-full wp-image-5137 alignleft\" src=\"https:\/\/www.rarom.ro\/wp-content\/uploads\/2017\/10\/TestBMW_pagini229.jpg\" alt=\"\" width=\"250\" height=\"165\" \/><\/a>BMW K 1600 B este orice altceva \u00een afar\u0103 de o motociclet\u0103 obi\u015fnuit\u0103. Cu o lungime de 2,3 metri impresioneaz\u0103, ce-i drept. Dar parc\u0103 nu la fel de mult cum o face prin felul \u00een care arat\u0103. C\u00e2t despre cum merge. [&#8230;]<\/p>\n","protected":false},"excerpt":{"rendered":"<p>Test: BMW R1600 B BMW K 1600 B este orice altceva \u00een afar\u0103 de o motociclet\u0103 obi\u015fnuit\u0103. Cu o lungime de 2,3 metri impresioneaz\u0103, ce-i drept. Dar parc\u0103 nu la fel de mult cum o face prin felul \u00een care arat\u0103. C\u00e2t despre cum merge. [&#8230;]<\/p>\n","protected":false},"author":3,"featured_media":0,"parent":5099,"menu_order":6,"comment_status":"closed","ping_status":"closed","template":"","meta":{"_acf_changed":false,"footnotes":""},"class_list":["post-5134","page","type-page","status-publish","hentry"],"acf":[],"_links":{"self":[{"href":"https:\/\/www.rarom.ro\/index.php?rest_route=\/wp\/v2\/pages\/5134","targetHints":{"allow":["GET"]}}],"collection":[{"href":"https:\/\/www.rarom.ro\/index.php?rest_route=\/wp\/v2\/pages"}],"about":[{"href":"https:\/\/www.rarom.ro\/index.php?rest_route=\/wp\/v2\/types\/page"}],"author":[{"embeddable":true,"href":"https:\/\/www.rarom.ro\/index.php?rest_route=\/wp\/v2\/users\/3"}],"replies":[{"embeddable":true,"href":"https:\/\/www.rarom.ro\/index.php?rest_route=%2Fwp%2Fv2%2Fcomments&post=5134"}],"version-history":[{"count":1,"href":"https:\/\/www.rarom.ro\/index.php?rest_route=\/wp\/v2\/pages\/5134\/revisions"}],"predecessor-version":[{"id":5139,"href":"https:\/\/www.rarom.ro\/index.php?rest_route=\/wp\/v2\/pages\/5134\/revisions\/5139"}],"up":[{"embeddable":true,"href":"https:\/\/www.rarom.ro\/index.php?rest_route=\/wp\/v2\/pages\/5099"}],"wp:attachment":[{"href":"https:\/\/www.rarom.ro\/index.php?rest_route=%2Fwp%2Fv2%2Fmedia&parent=5134"}],"curies":[{"name":"wp","href":"https:\/\/api.w.org\/{rel}","templated":true}]}}