{"id":5115,"date":"2017-10-12T14:33:18","date_gmt":"2017-10-12T11:33:18","guid":{"rendered":"https:\/\/www.rarom.ro\/?page_id=5115"},"modified":"2017-10-12T14:33:18","modified_gmt":"2017-10-12T11:33:18","slug":"peugeot-208","status":"publish","type":"page","link":"https:\/\/www.rarom.ro\/?page_id=5115","title":{"rendered":"Peugeot 208"},"content":{"rendered":"<p><strong>Test: Peugeot 208<\/strong><\/p>\n<p><a href=\"https:\/\/www.rarom.ro\/wp-content\/uploads\/2017\/10\/TestPeugeot_mare229.jpg\"><img loading=\"lazy\" decoding=\"async\" class=\"aligncenter size-full wp-image-5116\" src=\"https:\/\/www.rarom.ro\/wp-content\/uploads\/2017\/10\/TestPeugeot_mare229.jpg\" alt=\"\" width=\"730\" height=\"450\" srcset=\"https:\/\/www.rarom.ro\/wp-content\/uploads\/2017\/10\/TestPeugeot_mare229.jpg 730w, https:\/\/www.rarom.ro\/wp-content\/uploads\/2017\/10\/TestPeugeot_mare229-300x185.jpg 300w\" sizes=\"auto, (max-width: 730px) 100vw, 730px\" \/><\/a><\/p>\n<p><a href=\"https:\/\/www.rarom.ro\/wp-content\/uploads\/2017\/10\/TestPeugeot_pagini229.jpg\"><img loading=\"lazy\" decoding=\"async\" class=\"size-full wp-image-5118 alignleft\" src=\"https:\/\/www.rarom.ro\/wp-content\/uploads\/2017\/10\/TestPeugeot_pagini229.jpg\" alt=\"\" width=\"250\" height=\"165\" \/><\/a>Peugeot 208 GTi \u00ee\u015fi cunoa\u015fte bine locul \u00een gam\u0103. O arogan\u0163\u0103 nedisimulat\u0103 \u00eenso\u0163e\u015fte mesajul vizual \u00een timp ce mecanica de sorginte Peugeot Sport a\u015fteapt\u0103 doar un pretext pentru a se dezl\u0103n\u0163ui \u015fi a-\u015fi dovedi poten\u0163ialul. [&#8230;]<\/p>\n","protected":false},"excerpt":{"rendered":"<p>Test: Peugeot 208 Peugeot 208 GTi \u00ee\u015fi cunoa\u015fte bine locul \u00een gam\u0103. O arogan\u0163\u0103 nedisimulat\u0103 \u00eenso\u0163e\u015fte mesajul vizual \u00een timp ce mecanica de sorginte Peugeot Sport a\u015fteapt\u0103 doar un pretext pentru a se dezl\u0103n\u0163ui \u015fi a-\u015fi dovedi poten\u0163ialul. [&#8230;]<\/p>\n","protected":false},"author":3,"featured_media":0,"parent":5099,"menu_order":3,"comment_status":"closed","ping_status":"closed","template":"","meta":{"_acf_changed":false,"footnotes":""},"class_list":["post-5115","page","type-page","status-publish","hentry"],"acf":[],"_links":{"self":[{"href":"https:\/\/www.rarom.ro\/index.php?rest_route=\/wp\/v2\/pages\/5115","targetHints":{"allow":["GET"]}}],"collection":[{"href":"https:\/\/www.rarom.ro\/index.php?rest_route=\/wp\/v2\/pages"}],"about":[{"href":"https:\/\/www.rarom.ro\/index.php?rest_route=\/wp\/v2\/types\/page"}],"author":[{"embeddable":true,"href":"https:\/\/www.rarom.ro\/index.php?rest_route=\/wp\/v2\/users\/3"}],"replies":[{"embeddable":true,"href":"https:\/\/www.rarom.ro\/index.php?rest_route=%2Fwp%2Fv2%2Fcomments&post=5115"}],"version-history":[{"count":1,"href":"https:\/\/www.rarom.ro\/index.php?rest_route=\/wp\/v2\/pages\/5115\/revisions"}],"predecessor-version":[{"id":5120,"href":"https:\/\/www.rarom.ro\/index.php?rest_route=\/wp\/v2\/pages\/5115\/revisions\/5120"}],"up":[{"embeddable":true,"href":"https:\/\/www.rarom.ro\/index.php?rest_route=\/wp\/v2\/pages\/5099"}],"wp:attachment":[{"href":"https:\/\/www.rarom.ro\/index.php?rest_route=%2Fwp%2Fv2%2Fmedia&parent=5115"}],"curies":[{"name":"wp","href":"https:\/\/api.w.org\/{rel}","templated":true}]}}