{"id":5103,"date":"2017-10-12T14:26:46","date_gmt":"2017-10-12T11:26:46","guid":{"rendered":"https:\/\/www.rarom.ro\/?page_id=5103"},"modified":"2017-10-12T14:26:46","modified_gmt":"2017-10-12T11:26:46","slug":"ford-mustang","status":"publish","type":"page","link":"https:\/\/www.rarom.ro\/?page_id=5103","title":{"rendered":"Ford Mustang"},"content":{"rendered":"<p><strong>Test: Ford Mustang<\/strong><\/p>\n<p><a href=\"https:\/\/www.rarom.ro\/wp-content\/uploads\/2017\/10\/TestFord_mare229.jpg\"><img loading=\"lazy\" decoding=\"async\" class=\"aligncenter size-full wp-image-5104\" src=\"https:\/\/www.rarom.ro\/wp-content\/uploads\/2017\/10\/TestFord_mare229.jpg\" alt=\"\" width=\"730\" height=\"450\" srcset=\"https:\/\/www.rarom.ro\/wp-content\/uploads\/2017\/10\/TestFord_mare229.jpg 730w, https:\/\/www.rarom.ro\/wp-content\/uploads\/2017\/10\/TestFord_mare229-300x185.jpg 300w\" sizes=\"auto, (max-width: 730px) 100vw, 730px\" \/><\/a><\/p>\n<p><a href=\"https:\/\/www.rarom.ro\/wp-content\/uploads\/2017\/10\/TestFord_pagini229.jpg\"><img loading=\"lazy\" decoding=\"async\" class=\"size-full wp-image-5106 alignleft\" src=\"https:\/\/www.rarom.ro\/wp-content\/uploads\/2017\/10\/TestFord_pagini229.jpg\" alt=\"\" width=\"250\" height=\"165\" \/><\/a>Ford Mustang, V8 sau cu patru cilindri \u00een linie, arat\u0103 ca vecinul pe care preferi s\u0103 nu-l deranjezi niciodat\u0103 indiferent ce urgen\u0163\u0103 ai avea. \u00cenc\u0103 p\u0103strez vie memoria mugetului terifiant al motorului V8 acum c\u00e2nd urmeaz\u0103 s\u0103 conduc varianta &#8222;redus\u0103&#8221;. S\u0103 fie diferen\u0163e mari? [&#8230;]<\/p>\n","protected":false},"excerpt":{"rendered":"<p>Test: Ford Mustang Ford Mustang, V8 sau cu patru cilindri \u00een linie, arat\u0103 ca vecinul pe care preferi s\u0103 nu-l deranjezi niciodat\u0103 indiferent ce urgen\u0163\u0103 ai avea. \u00cenc\u0103 p\u0103strez vie memoria mugetului terifiant al motorului V8 acum c\u00e2nd urmeaz\u0103 s\u0103 conduc varianta &#8222;redus\u0103&#8221;. S\u0103 fie diferen\u0163e mari? [&#8230;]<\/p>\n","protected":false},"author":3,"featured_media":0,"parent":5099,"menu_order":1,"comment_status":"closed","ping_status":"closed","template":"","meta":{"_acf_changed":false,"footnotes":""},"class_list":["post-5103","page","type-page","status-publish","hentry"],"acf":[],"_links":{"self":[{"href":"https:\/\/www.rarom.ro\/index.php?rest_route=\/wp\/v2\/pages\/5103","targetHints":{"allow":["GET"]}}],"collection":[{"href":"https:\/\/www.rarom.ro\/index.php?rest_route=\/wp\/v2\/pages"}],"about":[{"href":"https:\/\/www.rarom.ro\/index.php?rest_route=\/wp\/v2\/types\/page"}],"author":[{"embeddable":true,"href":"https:\/\/www.rarom.ro\/index.php?rest_route=\/wp\/v2\/users\/3"}],"replies":[{"embeddable":true,"href":"https:\/\/www.rarom.ro\/index.php?rest_route=%2Fwp%2Fv2%2Fcomments&post=5103"}],"version-history":[{"count":1,"href":"https:\/\/www.rarom.ro\/index.php?rest_route=\/wp\/v2\/pages\/5103\/revisions"}],"predecessor-version":[{"id":5108,"href":"https:\/\/www.rarom.ro\/index.php?rest_route=\/wp\/v2\/pages\/5103\/revisions\/5108"}],"up":[{"embeddable":true,"href":"https:\/\/www.rarom.ro\/index.php?rest_route=\/wp\/v2\/pages\/5099"}],"wp:attachment":[{"href":"https:\/\/www.rarom.ro\/index.php?rest_route=%2Fwp%2Fv2%2Fmedia&parent=5103"}],"curies":[{"name":"wp","href":"https:\/\/api.w.org\/{rel}","templated":true}]}}