{"id":5099,"date":"2017-10-12T14:23:52","date_gmt":"2017-10-12T11:23:52","guid":{"rendered":"https:\/\/www.rarom.ro\/?page_id=5099"},"modified":"2017-10-12T15:00:38","modified_gmt":"2017-10-12T12:00:38","slug":"teste","status":"publish","type":"page","link":"https:\/\/www.rarom.ro\/?page_id=5099","title":{"rendered":"Teste"},"content":{"rendered":"<p><a href=\"https:\/\/www.rarom.ro\/wp-content\/uploads\/2017\/10\/TesteOctombrie_2017.jpg\"><img loading=\"lazy\" decoding=\"async\" class=\"aligncenter size-full wp-image-5100\" src=\"https:\/\/www.rarom.ro\/wp-content\/uploads\/2017\/10\/TesteOctombrie_2017.jpg\" alt=\"\" width=\"730\" height=\"450\" srcset=\"https:\/\/www.rarom.ro\/wp-content\/uploads\/2017\/10\/TesteOctombrie_2017.jpg 730w, https:\/\/www.rarom.ro\/wp-content\/uploads\/2017\/10\/TesteOctombrie_2017-300x185.jpg 300w\" sizes=\"auto, (max-width: 730px) 100vw, 730px\" \/><\/a><\/p>\n<p><strong>TESTE:<\/strong><\/p>\n<p><strong>UN MUSTANG GREU DE ST\u0102P\u00c2NIT<\/strong><br \/>\n<strong>Test:<\/strong> <a href=\"https:\/\/www.rarom.ro\/?page_id=5103\">Ford Mustang<\/a><\/p>\n<p><strong>LE GRAND FR\u00c8RE<\/strong><br \/>\n<strong>Test:<\/strong> <a href=\"https:\/\/www.rarom.ro\/?page_id=5109\">Renault Koleos<\/a><\/p>\n<p><strong>FULGER\u0102TOR DE OBRAZNIC<\/strong><br \/>\n<strong>Test:<\/strong> <a href=\"https:\/\/www.rarom.ro\/?page_id=5115\">Peugeot 208<\/a><\/p>\n<p><strong>FIESTA PENTRU FIECARE<\/strong><br \/>\n<strong>Test:<\/strong><a href=\"https:\/\/www.rarom.ro\/?page_id=5121\"> Ford Fiesta<\/a><\/p>\n<p><strong>SAMURAI SAU VIT\u00c8Z? (II)<\/strong><br \/>\n<strong>Test:<\/strong> <a href=\"https:\/\/www.rarom.ro\/?page_id=5128\">Suzuki Vitara<\/a><\/p>\n<p><strong>COWBOY GERMAN<\/strong><br \/>\n<strong>Test:<\/strong> <a href=\"https:\/\/www.rarom.ro\/?page_id=5134\">BMW R1600 B<\/a><\/p>\n<p>&nbsp;<\/p>\n","protected":false},"excerpt":{"rendered":"<p>TESTE: UN MUSTANG GREU DE ST\u0102P\u00c2NIT Test: Ford Mustang LE GRAND FR\u00c8RE Test: Renault Koleos FULGER\u0102TOR DE OBRAZNIC Test: Peugeot 208 FIESTA PENTRU FIECARE Test: Ford Fiesta SAMURAI SAU VIT\u00c8Z? (II) Test: Suzuki Vitara COWBOY GERMAN Test: BMW R1600 B &nbsp;<\/p>\n","protected":false},"author":3,"featured_media":0,"parent":5095,"menu_order":1,"comment_status":"closed","ping_status":"closed","template":"","meta":{"_acf_changed":false,"footnotes":""},"class_list":["post-5099","page","type-page","status-publish","hentry"],"acf":[],"_links":{"self":[{"href":"https:\/\/www.rarom.ro\/index.php?rest_route=\/wp\/v2\/pages\/5099","targetHints":{"allow":["GET"]}}],"collection":[{"href":"https:\/\/www.rarom.ro\/index.php?rest_route=\/wp\/v2\/pages"}],"about":[{"href":"https:\/\/www.rarom.ro\/index.php?rest_route=\/wp\/v2\/types\/page"}],"author":[{"embeddable":true,"href":"https:\/\/www.rarom.ro\/index.php?rest_route=\/wp\/v2\/users\/3"}],"replies":[{"embeddable":true,"href":"https:\/\/www.rarom.ro\/index.php?rest_route=%2Fwp%2Fv2%2Fcomments&post=5099"}],"version-history":[{"count":3,"href":"https:\/\/www.rarom.ro\/index.php?rest_route=\/wp\/v2\/pages\/5099\/revisions"}],"predecessor-version":[{"id":5174,"href":"https:\/\/www.rarom.ro\/index.php?rest_route=\/wp\/v2\/pages\/5099\/revisions\/5174"}],"up":[{"embeddable":true,"href":"https:\/\/www.rarom.ro\/index.php?rest_route=\/wp\/v2\/pages\/5095"}],"wp:attachment":[{"href":"https:\/\/www.rarom.ro\/index.php?rest_route=%2Fwp%2Fv2%2Fmedia&parent=5099"}],"curies":[{"name":"wp","href":"https:\/\/api.w.org\/{rel}","templated":true}]}}