{"id":5001,"date":"2017-09-01T10:32:34","date_gmt":"2017-09-01T07:32:34","guid":{"rendered":"https:\/\/www.rarom.ro\/?page_id=5001"},"modified":"2017-09-04T15:38:35","modified_gmt":"2017-09-04T12:38:35","slug":"design","status":"publish","type":"page","link":"https:\/\/www.rarom.ro\/?page_id=5001","title":{"rendered":"Design"},"content":{"rendered":"<p><strong>Chrysler Airflow<\/strong><\/p>\n<p><a href=\"https:\/\/www.rarom.ro\/wp-content\/uploads\/2017\/09\/Design_mare228.jpg\"><img loading=\"lazy\" decoding=\"async\" class=\"aligncenter size-full wp-image-5004\" src=\"https:\/\/www.rarom.ro\/wp-content\/uploads\/2017\/09\/Design_mare228.jpg\" alt=\"\" width=\"730\" height=\"450\" srcset=\"https:\/\/www.rarom.ro\/wp-content\/uploads\/2017\/09\/Design_mare228.jpg 730w, https:\/\/www.rarom.ro\/wp-content\/uploads\/2017\/09\/Design_mare228-300x185.jpg 300w\" sizes=\"auto, (max-width: 730px) 100vw, 730px\" \/><\/a><\/p>\n<p><a href=\"https:\/\/www.rarom.ro\/wp-content\/uploads\/2017\/09\/Design_pagini228.jpg\"><img loading=\"lazy\" decoding=\"async\" class=\"size-full wp-image-5006 alignleft\" src=\"https:\/\/www.rarom.ro\/wp-content\/uploads\/2017\/09\/Design_pagini228.jpg\" alt=\"\" width=\"250\" height=\"165\" \/><\/a>Este trist de c\u00e2te ori \u00een istorie o ma\u015fin\u0103 care \u00eentruchipa elemente novatoare ajunge s\u0103 reprezinte un insucces comercial pentru compania care a avut curajul s\u0103 o propun\u0103. Este \u015fi cazul acestui automobil, Chrysler Airflow. [&#8230;]<\/p>\n","protected":false},"excerpt":{"rendered":"<p>Chrysler Airflow Este trist de c\u00e2te ori \u00een istorie o ma\u015fin\u0103 care \u00eentruchipa elemente novatoare ajunge s\u0103 reprezinte un insucces comercial pentru compania care a avut curajul s\u0103 o propun\u0103. Este \u015fi cazul acestui automobil, Chrysler Airflow. [&#8230;]<\/p>\n","protected":false},"author":3,"featured_media":0,"parent":4937,"menu_order":5,"comment_status":"closed","ping_status":"closed","template":"","meta":{"_acf_changed":false,"footnotes":""},"class_list":["post-5001","page","type-page","status-publish","hentry"],"acf":[],"_links":{"self":[{"href":"https:\/\/www.rarom.ro\/index.php?rest_route=\/wp\/v2\/pages\/5001","targetHints":{"allow":["GET"]}}],"collection":[{"href":"https:\/\/www.rarom.ro\/index.php?rest_route=\/wp\/v2\/pages"}],"about":[{"href":"https:\/\/www.rarom.ro\/index.php?rest_route=\/wp\/v2\/types\/page"}],"author":[{"embeddable":true,"href":"https:\/\/www.rarom.ro\/index.php?rest_route=\/wp\/v2\/users\/3"}],"replies":[{"embeddable":true,"href":"https:\/\/www.rarom.ro\/index.php?rest_route=%2Fwp%2Fv2%2Fcomments&post=5001"}],"version-history":[{"count":1,"href":"https:\/\/www.rarom.ro\/index.php?rest_route=\/wp\/v2\/pages\/5001\/revisions"}],"predecessor-version":[{"id":5008,"href":"https:\/\/www.rarom.ro\/index.php?rest_route=\/wp\/v2\/pages\/5001\/revisions\/5008"}],"up":[{"embeddable":true,"href":"https:\/\/www.rarom.ro\/index.php?rest_route=\/wp\/v2\/pages\/4937"}],"wp:attachment":[{"href":"https:\/\/www.rarom.ro\/index.php?rest_route=%2Fwp%2Fv2%2Fmedia&parent=5001"}],"curies":[{"name":"wp","href":"https:\/\/api.w.org\/{rel}","templated":true}]}}