{"id":4970,"date":"2017-09-01T10:03:01","date_gmt":"2017-09-01T07:03:01","guid":{"rendered":"https:\/\/www.rarom.ro\/?page_id=4970"},"modified":"2017-09-01T10:03:01","modified_gmt":"2017-09-01T07:03:01","slug":"suzuki-vitara","status":"publish","type":"page","link":"https:\/\/www.rarom.ro\/?page_id=4970","title":{"rendered":"Suzuki Vitara"},"content":{"rendered":"<p><strong>Test: Suzuki Vitara<\/strong><\/p>\n<p><a href=\"https:\/\/www.rarom.ro\/wp-content\/uploads\/2017\/09\/TestSuzuki_mare228.jpg\"><img loading=\"lazy\" decoding=\"async\" class=\"aligncenter size-full wp-image-4971\" src=\"https:\/\/www.rarom.ro\/wp-content\/uploads\/2017\/09\/TestSuzuki_mare228.jpg\" alt=\"\" width=\"730\" height=\"450\" srcset=\"https:\/\/www.rarom.ro\/wp-content\/uploads\/2017\/09\/TestSuzuki_mare228.jpg 730w, https:\/\/www.rarom.ro\/wp-content\/uploads\/2017\/09\/TestSuzuki_mare228-300x185.jpg 300w\" sizes=\"auto, (max-width: 730px) 100vw, 730px\" \/><\/a><\/p>\n<p><a href=\"https:\/\/www.rarom.ro\/wp-content\/uploads\/2017\/09\/TestSuzuki_pagini228.jpg\"><img loading=\"lazy\" decoding=\"async\" class=\"size-full wp-image-4973 alignleft\" src=\"https:\/\/www.rarom.ro\/wp-content\/uploads\/2017\/09\/TestSuzuki_pagini228.jpg\" alt=\"\" width=\"250\" height=\"165\" \/><\/a>Cea mai de elitist\u0103 \u015fi mai onorabil\u0103 categorie de lupt\u0103tori medievali japonezi sunt considera\u0163i Samuraii. \u00cen egal\u0103 m\u0103sur\u0103, cam \u00een aceea\u015fi perioad\u0103, \u00een Imperiul Austro Ungar, Vit\u00e8z reprezenta aspira\u0163ia oric\u0103rui combatant. Am preluat ultima variant\u0103 japonez\u0103 (fabricat\u0103 \u00een Ungaria) a binecunoscutului model Vitara, pentru a \u00een\u0163elege cum se comport\u0103 \u00eentr-o c\u0103l\u0103torie de un an \u015fi un parcurs de 30.000 de km. S\u0103 vedem ce este, Samurai sau Vit\u00e8z? [&#8230;]<\/p>\n","protected":false},"excerpt":{"rendered":"<p>Test: Suzuki Vitara Cea mai de elitist\u0103 \u015fi mai onorabil\u0103 categorie de lupt\u0103tori medievali japonezi sunt considera\u0163i Samuraii. \u00cen egal\u0103 m\u0103sur\u0103, cam \u00een aceea\u015fi perioad\u0103, \u00een Imperiul Austro Ungar, Vit\u00e8z reprezenta aspira\u0163ia oric\u0103rui combatant. Am preluat ultima variant\u0103 japonez\u0103 (fabricat\u0103 \u00een Ungaria) a binecunoscutului model Vitara, pentru a \u00een\u0163elege cum se comport\u0103 \u00eentr-o c\u0103l\u0103torie de [&hellip;]<\/p>\n","protected":false},"author":3,"featured_media":0,"parent":4941,"menu_order":4,"comment_status":"closed","ping_status":"closed","template":"","meta":{"_acf_changed":false,"footnotes":""},"class_list":["post-4970","page","type-page","status-publish","hentry"],"acf":[],"_links":{"self":[{"href":"https:\/\/www.rarom.ro\/index.php?rest_route=\/wp\/v2\/pages\/4970","targetHints":{"allow":["GET"]}}],"collection":[{"href":"https:\/\/www.rarom.ro\/index.php?rest_route=\/wp\/v2\/pages"}],"about":[{"href":"https:\/\/www.rarom.ro\/index.php?rest_route=\/wp\/v2\/types\/page"}],"author":[{"embeddable":true,"href":"https:\/\/www.rarom.ro\/index.php?rest_route=\/wp\/v2\/users\/3"}],"replies":[{"embeddable":true,"href":"https:\/\/www.rarom.ro\/index.php?rest_route=%2Fwp%2Fv2%2Fcomments&post=4970"}],"version-history":[{"count":1,"href":"https:\/\/www.rarom.ro\/index.php?rest_route=\/wp\/v2\/pages\/4970\/revisions"}],"predecessor-version":[{"id":4975,"href":"https:\/\/www.rarom.ro\/index.php?rest_route=\/wp\/v2\/pages\/4970\/revisions\/4975"}],"up":[{"embeddable":true,"href":"https:\/\/www.rarom.ro\/index.php?rest_route=\/wp\/v2\/pages\/4941"}],"wp:attachment":[{"href":"https:\/\/www.rarom.ro\/index.php?rest_route=%2Fwp%2Fv2%2Fmedia&parent=4970"}],"curies":[{"name":"wp","href":"https:\/\/api.w.org\/{rel}","templated":true}]}}