{"id":4945,"date":"2017-09-01T09:35:51","date_gmt":"2017-09-01T06:35:51","guid":{"rendered":"https:\/\/www.rarom.ro\/?page_id=4945"},"modified":"2017-09-01T09:35:51","modified_gmt":"2017-09-01T06:35:51","slug":"renault-clio-r-s-trophy","status":"publish","type":"page","link":"https:\/\/www.rarom.ro\/?page_id=4945","title":{"rendered":"Renault Clio R.S. Trophy"},"content":{"rendered":"<p><strong>Test: Renault Clio R.S. Trophy<\/strong><\/p>\n<p><a href=\"https:\/\/www.rarom.ro\/wp-content\/uploads\/2017\/09\/TestRenault_mare228.jpg\"><img loading=\"lazy\" decoding=\"async\" class=\"aligncenter size-full wp-image-4946\" src=\"https:\/\/www.rarom.ro\/wp-content\/uploads\/2017\/09\/TestRenault_mare228.jpg\" alt=\"\" width=\"730\" height=\"450\" srcset=\"https:\/\/www.rarom.ro\/wp-content\/uploads\/2017\/09\/TestRenault_mare228.jpg 730w, https:\/\/www.rarom.ro\/wp-content\/uploads\/2017\/09\/TestRenault_mare228-300x185.jpg 300w\" sizes=\"auto, (max-width: 730px) 100vw, 730px\" \/><\/a><\/p>\n<p><img loading=\"lazy\" decoding=\"async\" class=\"size-full wp-image-4948 alignleft\" src=\"https:\/\/www.rarom.ro\/wp-content\/uploads\/2017\/09\/TestRenault_pagini228.jpg\" alt=\"\" width=\"250\" height=\"165\" \/>F\u0103r\u0103 niciun dubiu, este altceva. \u015etiu c\u0103 se nume\u015fte tot Clio&#8230; \u015etiu c\u0103 este &#8222;doar&#8221; un Renault&#8230; Dar acest exemplar, \u00een compania c\u0103ruia urmeaz\u0103 s\u0103-mi petrec urm\u0103toarele trei zile, sfideaz\u0103 cu o arogan\u0163\u0103 inteligent mascat\u0103 tot restul gamei din care se trage. \u015ei nu numai. [&#8230;]<\/p>\n","protected":false},"excerpt":{"rendered":"<p>Test: Renault Clio R.S. Trophy F\u0103r\u0103 niciun dubiu, este altceva. \u015etiu c\u0103 se nume\u015fte tot Clio&#8230; \u015etiu c\u0103 este &#8222;doar&#8221; un Renault&#8230; Dar acest exemplar, \u00een compania c\u0103ruia urmeaz\u0103 s\u0103-mi petrec urm\u0103toarele trei zile, sfideaz\u0103 cu o arogan\u0163\u0103 inteligent mascat\u0103 tot restul gamei din care se trage. \u015ei nu numai. [&#8230;]<\/p>\n","protected":false},"author":3,"featured_media":0,"parent":4941,"menu_order":1,"comment_status":"closed","ping_status":"closed","template":"","meta":{"_acf_changed":false,"footnotes":""},"class_list":["post-4945","page","type-page","status-publish","hentry"],"acf":[],"_links":{"self":[{"href":"https:\/\/www.rarom.ro\/index.php?rest_route=\/wp\/v2\/pages\/4945","targetHints":{"allow":["GET"]}}],"collection":[{"href":"https:\/\/www.rarom.ro\/index.php?rest_route=\/wp\/v2\/pages"}],"about":[{"href":"https:\/\/www.rarom.ro\/index.php?rest_route=\/wp\/v2\/types\/page"}],"author":[{"embeddable":true,"href":"https:\/\/www.rarom.ro\/index.php?rest_route=\/wp\/v2\/users\/3"}],"replies":[{"embeddable":true,"href":"https:\/\/www.rarom.ro\/index.php?rest_route=%2Fwp%2Fv2%2Fcomments&post=4945"}],"version-history":[{"count":1,"href":"https:\/\/www.rarom.ro\/index.php?rest_route=\/wp\/v2\/pages\/4945\/revisions"}],"predecessor-version":[{"id":4950,"href":"https:\/\/www.rarom.ro\/index.php?rest_route=\/wp\/v2\/pages\/4945\/revisions\/4950"}],"up":[{"embeddable":true,"href":"https:\/\/www.rarom.ro\/index.php?rest_route=\/wp\/v2\/pages\/4941"}],"wp:attachment":[{"href":"https:\/\/www.rarom.ro\/index.php?rest_route=%2Fwp%2Fv2%2Fmedia&parent=4945"}],"curies":[{"name":"wp","href":"https:\/\/api.w.org\/{rel}","templated":true}]}}