{"id":4813,"date":"2017-07-04T10:01:38","date_gmt":"2017-07-04T07:01:38","guid":{"rendered":"https:\/\/www.rarom.ro\/?page_id=4813"},"modified":"2017-07-04T10:01:59","modified_gmt":"2017-07-04T07:01:59","slug":"istorie","status":"publish","type":"page","link":"https:\/\/www.rarom.ro\/?page_id=4813","title":{"rendered":"Istorie"},"content":{"rendered":"<p><strong>BMW 700<\/strong><\/p>\n<p><a href=\"https:\/\/www.rarom.ro\/wp-content\/uploads\/2017\/07\/Istorie_mare227.jpeg\"><img loading=\"lazy\" decoding=\"async\" class=\"aligncenter size-full wp-image-4814\" src=\"https:\/\/www.rarom.ro\/wp-content\/uploads\/2017\/07\/Istorie_mare227.jpeg\" alt=\"Istorie_mare227\" width=\"730\" height=\"450\" srcset=\"https:\/\/www.rarom.ro\/wp-content\/uploads\/2017\/07\/Istorie_mare227.jpeg 730w, https:\/\/www.rarom.ro\/wp-content\/uploads\/2017\/07\/Istorie_mare227-300x185.jpeg 300w\" sizes=\"auto, (max-width: 730px) 100vw, 730px\" \/><\/a><\/p>\n<p style=\"text-align: justify;\"><img loading=\"lazy\" decoding=\"async\" class=\"size-full wp-image-4816 alignleft\" src=\"https:\/\/www.rarom.ro\/wp-content\/uploads\/2017\/07\/Istorie_pagini227.jpg\" alt=\"Istorie_pagini227\" width=\"250\" height=\"165\" \/>La \u00eenceputul anilor \u201950, lucrurile nu st\u0103teau prea bine pentru compania german\u0103 BMW. V\u00e2nz\u0103rile de moto\u00adciclete erau \u00een declin, iar lansarea modelului Isetta nu reu\u015fea s\u0103 atrag\u0103 suficien\u0163i clien\u0163i pentru marca bavarez\u0103. Nem\u0163ii aveau nevoie de un miracol. [&#8230;]<\/p>\n<p>&nbsp;<br \/>\n&nbsp;<br \/>\n&nbsp;<\/p>\n","protected":false},"excerpt":{"rendered":"<p>BMW 700 La \u00eenceputul anilor \u201950, lucrurile nu st\u0103teau prea bine pentru compania german\u0103 BMW. V\u00e2nz\u0103rile de moto\u00adciclete erau \u00een declin, iar lansarea modelului Isetta nu reu\u015fea s\u0103 atrag\u0103 suficien\u0163i clien\u0163i pentru marca bavarez\u0103. Nem\u0163ii aveau nevoie de un miracol. [&#8230;] &nbsp; &nbsp; &nbsp;<\/p>\n","protected":false},"author":3,"featured_media":0,"parent":4756,"menu_order":4,"comment_status":"closed","ping_status":"closed","template":"","meta":{"_acf_changed":false,"footnotes":""},"class_list":["post-4813","page","type-page","status-publish","hentry"],"acf":[],"_links":{"self":[{"href":"https:\/\/www.rarom.ro\/index.php?rest_route=\/wp\/v2\/pages\/4813","targetHints":{"allow":["GET"]}}],"collection":[{"href":"https:\/\/www.rarom.ro\/index.php?rest_route=\/wp\/v2\/pages"}],"about":[{"href":"https:\/\/www.rarom.ro\/index.php?rest_route=\/wp\/v2\/types\/page"}],"author":[{"embeddable":true,"href":"https:\/\/www.rarom.ro\/index.php?rest_route=\/wp\/v2\/users\/3"}],"replies":[{"embeddable":true,"href":"https:\/\/www.rarom.ro\/index.php?rest_route=%2Fwp%2Fv2%2Fcomments&post=4813"}],"version-history":[{"count":2,"href":"https:\/\/www.rarom.ro\/index.php?rest_route=\/wp\/v2\/pages\/4813\/revisions"}],"predecessor-version":[{"id":4819,"href":"https:\/\/www.rarom.ro\/index.php?rest_route=\/wp\/v2\/pages\/4813\/revisions\/4819"}],"up":[{"embeddable":true,"href":"https:\/\/www.rarom.ro\/index.php?rest_route=\/wp\/v2\/pages\/4756"}],"wp:attachment":[{"href":"https:\/\/www.rarom.ro\/index.php?rest_route=%2Fwp%2Fv2%2Fmedia&parent=4813"}],"curies":[{"name":"wp","href":"https:\/\/api.w.org\/{rel}","templated":true}]}}