{"id":4789,"date":"2017-07-04T09:54:28","date_gmt":"2017-07-04T06:54:28","guid":{"rendered":"https:\/\/www.rarom.ro\/?page_id=4789"},"modified":"2017-07-04T09:54:28","modified_gmt":"2017-07-04T06:54:28","slug":"ford-kuga","status":"publish","type":"page","link":"https:\/\/www.rarom.ro\/?page_id=4789","title":{"rendered":"Ford Kuga"},"content":{"rendered":"<p><strong>Test: Ford Kuga<\/strong><\/p>\n<p><a href=\"https:\/\/www.rarom.ro\/wp-content\/uploads\/2017\/07\/TestKuga_mare227.jpg\"><img loading=\"lazy\" decoding=\"async\" class=\"aligncenter size-full wp-image-4790\" src=\"https:\/\/www.rarom.ro\/wp-content\/uploads\/2017\/07\/TestKuga_mare227.jpg\" alt=\"TestKuga_mare227\" width=\"730\" height=\"450\" srcset=\"https:\/\/www.rarom.ro\/wp-content\/uploads\/2017\/07\/TestKuga_mare227.jpg 730w, https:\/\/www.rarom.ro\/wp-content\/uploads\/2017\/07\/TestKuga_mare227-300x185.jpg 300w\" sizes=\"auto, (max-width: 730px) 100vw, 730px\" \/><\/a><\/p>\n<p style=\"text-align: justify;\"><img loading=\"lazy\" decoding=\"async\" class=\"size-full wp-image-4792 alignleft\" src=\"https:\/\/www.rarom.ro\/wp-content\/uploads\/2017\/07\/TestKuga_pagini227.jpg\" alt=\"TestKuga_pagini227\" width=\"250\" height=\"165\" \/>\u00centr-o \u0163inut\u0103 remodelat\u0103 \u015fi \u00eenzestrat cu echipamente sofisticate, noul Ford Kuga mizeaz\u0103 pe combina\u0163ia dintre tradi\u0163ie \u2013 este vorba, totu\u015fi, de un model care are aproape zece ani \u2013 condusul lejer, asem\u0103n\u0103tor cu al unui model de clasa compact\u0103 \u015fi trac\u0163iunea integral\u0103&#8230; inteligent\u0103. [&#8230;]<\/p>\n","protected":false},"excerpt":{"rendered":"<p>Test: Ford Kuga \u00centr-o \u0163inut\u0103 remodelat\u0103 \u015fi \u00eenzestrat cu echipamente sofisticate, noul Ford Kuga mizeaz\u0103 pe combina\u0163ia dintre tradi\u0163ie \u2013 este vorba, totu\u015fi, de un model care are aproape zece ani \u2013 condusul lejer, asem\u0103n\u0103tor cu al unui model de clasa compact\u0103 \u015fi trac\u0163iunea integral\u0103&#8230; inteligent\u0103. [&#8230;]<\/p>\n","protected":false},"author":3,"featured_media":0,"parent":4760,"menu_order":5,"comment_status":"closed","ping_status":"closed","template":"","meta":{"_acf_changed":false,"footnotes":""},"class_list":["post-4789","page","type-page","status-publish","hentry"],"acf":[],"_links":{"self":[{"href":"https:\/\/www.rarom.ro\/index.php?rest_route=\/wp\/v2\/pages\/4789","targetHints":{"allow":["GET"]}}],"collection":[{"href":"https:\/\/www.rarom.ro\/index.php?rest_route=\/wp\/v2\/pages"}],"about":[{"href":"https:\/\/www.rarom.ro\/index.php?rest_route=\/wp\/v2\/types\/page"}],"author":[{"embeddable":true,"href":"https:\/\/www.rarom.ro\/index.php?rest_route=\/wp\/v2\/users\/3"}],"replies":[{"embeddable":true,"href":"https:\/\/www.rarom.ro\/index.php?rest_route=%2Fwp%2Fv2%2Fcomments&post=4789"}],"version-history":[{"count":1,"href":"https:\/\/www.rarom.ro\/index.php?rest_route=\/wp\/v2\/pages\/4789\/revisions"}],"predecessor-version":[{"id":4794,"href":"https:\/\/www.rarom.ro\/index.php?rest_route=\/wp\/v2\/pages\/4789\/revisions\/4794"}],"up":[{"embeddable":true,"href":"https:\/\/www.rarom.ro\/index.php?rest_route=\/wp\/v2\/pages\/4760"}],"wp:attachment":[{"href":"https:\/\/www.rarom.ro\/index.php?rest_route=%2Fwp%2Fv2%2Fmedia&parent=4789"}],"curies":[{"name":"wp","href":"https:\/\/api.w.org\/{rel}","templated":true}]}}