{"id":4783,"date":"2017-07-04T09:52:04","date_gmt":"2017-07-04T06:52:04","guid":{"rendered":"https:\/\/www.rarom.ro\/?page_id=4783"},"modified":"2017-07-04T09:52:04","modified_gmt":"2017-07-04T06:52:04","slug":"honda-hr-v","status":"publish","type":"page","link":"https:\/\/www.rarom.ro\/?page_id=4783","title":{"rendered":"Honda HR-V"},"content":{"rendered":"<p><strong>Test: Honda HR-V<\/strong><\/p>\n<p><a href=\"https:\/\/www.rarom.ro\/wp-content\/uploads\/2017\/07\/TestHonda_mare227.jpg\"><img loading=\"lazy\" decoding=\"async\" class=\"aligncenter size-full wp-image-4784\" src=\"https:\/\/www.rarom.ro\/wp-content\/uploads\/2017\/07\/TestHonda_mare227.jpg\" alt=\"TestHonda_mare227\" width=\"730\" height=\"450\" srcset=\"https:\/\/www.rarom.ro\/wp-content\/uploads\/2017\/07\/TestHonda_mare227.jpg 730w, https:\/\/www.rarom.ro\/wp-content\/uploads\/2017\/07\/TestHonda_mare227-300x185.jpg 300w\" sizes=\"auto, (max-width: 730px) 100vw, 730px\" \/><\/a><\/p>\n<p style=\"text-align: justify;\"><img loading=\"lazy\" decoding=\"async\" class=\"size-full wp-image-4786 alignleft\" src=\"https:\/\/www.rarom.ro\/wp-content\/uploads\/2017\/07\/TestHonda_pagini227.jpg\" alt=\"TestHonda_pagini227\" width=\"250\" height=\"165\" \/>Pare destul de pu\u0163in plauzibil\u0103 o afirma\u0163ie de genul c\u0103 un crossover subcompact poate s\u0103 aib\u0103 carisma \u015fi dinamica unui coupe, s\u0103 se comporte ca un SUV \u015fi s\u0103 fie modulabil ca un MPV. Japonezii de la Honda au stat ceva timp pe g\u00e2nduri \u015fi au spus &#8222;de ce nu?!&#8221;. Apoi au lansat a doua genera\u0163ie HR-V. [&#8230;]<\/p>\n","protected":false},"excerpt":{"rendered":"<p>Test: Honda HR-V Pare destul de pu\u0163in plauzibil\u0103 o afirma\u0163ie de genul c\u0103 un crossover subcompact poate s\u0103 aib\u0103 carisma \u015fi dinamica unui coupe, s\u0103 se comporte ca un SUV \u015fi s\u0103 fie modulabil ca un MPV. Japonezii de la Honda au stat ceva timp pe g\u00e2nduri \u015fi au spus &#8222;de ce nu?!&#8221;. Apoi au [&hellip;]<\/p>\n","protected":false},"author":3,"featured_media":0,"parent":4760,"menu_order":4,"comment_status":"closed","ping_status":"closed","template":"","meta":{"_acf_changed":false,"footnotes":""},"class_list":["post-4783","page","type-page","status-publish","hentry"],"acf":[],"_links":{"self":[{"href":"https:\/\/www.rarom.ro\/index.php?rest_route=\/wp\/v2\/pages\/4783","targetHints":{"allow":["GET"]}}],"collection":[{"href":"https:\/\/www.rarom.ro\/index.php?rest_route=\/wp\/v2\/pages"}],"about":[{"href":"https:\/\/www.rarom.ro\/index.php?rest_route=\/wp\/v2\/types\/page"}],"author":[{"embeddable":true,"href":"https:\/\/www.rarom.ro\/index.php?rest_route=\/wp\/v2\/users\/3"}],"replies":[{"embeddable":true,"href":"https:\/\/www.rarom.ro\/index.php?rest_route=%2Fwp%2Fv2%2Fcomments&post=4783"}],"version-history":[{"count":1,"href":"https:\/\/www.rarom.ro\/index.php?rest_route=\/wp\/v2\/pages\/4783\/revisions"}],"predecessor-version":[{"id":4788,"href":"https:\/\/www.rarom.ro\/index.php?rest_route=\/wp\/v2\/pages\/4783\/revisions\/4788"}],"up":[{"embeddable":true,"href":"https:\/\/www.rarom.ro\/index.php?rest_route=\/wp\/v2\/pages\/4760"}],"wp:attachment":[{"href":"https:\/\/www.rarom.ro\/index.php?rest_route=%2Fwp%2Fv2%2Fmedia&parent=4783"}],"curies":[{"name":"wp","href":"https:\/\/api.w.org\/{rel}","templated":true}]}}