{"id":4770,"date":"2017-07-04T09:46:50","date_gmt":"2017-07-04T06:46:50","guid":{"rendered":"https:\/\/www.rarom.ro\/?page_id=4770"},"modified":"2017-07-04T09:47:40","modified_gmt":"2017-07-04T06:47:40","slug":"opel-insignia","status":"publish","type":"page","link":"https:\/\/www.rarom.ro\/?page_id=4770","title":{"rendered":"Opel Insignia"},"content":{"rendered":"<p><strong>Test: Opel Insignia<\/strong><\/p>\n<p><a href=\"https:\/\/www.rarom.ro\/wp-content\/uploads\/2017\/07\/TestOpel_mare227.jpg\"><img loading=\"lazy\" decoding=\"async\" class=\"aligncenter size-full wp-image-4771\" src=\"https:\/\/www.rarom.ro\/wp-content\/uploads\/2017\/07\/TestOpel_mare227.jpg\" alt=\"\u00a9 Mihnea Ratte\" width=\"730\" height=\"450\" srcset=\"https:\/\/www.rarom.ro\/wp-content\/uploads\/2017\/07\/TestOpel_mare227.jpg 730w, https:\/\/www.rarom.ro\/wp-content\/uploads\/2017\/07\/TestOpel_mare227-300x185.jpg 300w\" sizes=\"auto, (max-width: 730px) 100vw, 730px\" \/><\/a><\/p>\n<p style=\"text-align: justify;\"><a href=\"https:\/\/www.rarom.ro\/wp-content\/uploads\/2017\/07\/TestOpel_pagini227.jpg\"><img loading=\"lazy\" decoding=\"async\" class=\"size-full wp-image-4773 alignleft\" src=\"https:\/\/www.rarom.ro\/wp-content\/uploads\/2017\/07\/TestOpel_pagini227.jpg\" alt=\"TestOpel_pagini227\" width=\"250\" height=\"165\" \/><\/a>La nou\u0103 ani de la prima apari\u0163ie a lui Opel Insignia, a doua genera\u0163ie a ajuns \u015fi pe t\u0103r\u00e2m mioritic \u015fi se anun\u0163\u0103 un concurent puternic \u00een segmentul mediu prin cele dou\u0103 variante de caroserie, Grand Sport \u015fi Sports Tourer. [&#8230;]<\/p>\n<p>&nbsp;<br \/>\n&nbsp;<br \/>\n&nbsp;<br \/>\n&nbsp;<\/p>\n","protected":false},"excerpt":{"rendered":"<p>Test: Opel Insignia La nou\u0103 ani de la prima apari\u0163ie a lui Opel Insignia, a doua genera\u0163ie a ajuns \u015fi pe t\u0103r\u00e2m mioritic \u015fi se anun\u0163\u0103 un concurent puternic \u00een segmentul mediu prin cele dou\u0103 variante de caroserie, Grand Sport \u015fi Sports Tourer. [&#8230;] &nbsp; &nbsp; &nbsp; &nbsp;<\/p>\n","protected":false},"author":3,"featured_media":0,"parent":4760,"menu_order":2,"comment_status":"closed","ping_status":"closed","template":"","meta":{"_acf_changed":false,"footnotes":""},"class_list":["post-4770","page","type-page","status-publish","hentry"],"acf":[],"_links":{"self":[{"href":"https:\/\/www.rarom.ro\/index.php?rest_route=\/wp\/v2\/pages\/4770","targetHints":{"allow":["GET"]}}],"collection":[{"href":"https:\/\/www.rarom.ro\/index.php?rest_route=\/wp\/v2\/pages"}],"about":[{"href":"https:\/\/www.rarom.ro\/index.php?rest_route=\/wp\/v2\/types\/page"}],"author":[{"embeddable":true,"href":"https:\/\/www.rarom.ro\/index.php?rest_route=\/wp\/v2\/users\/3"}],"replies":[{"embeddable":true,"href":"https:\/\/www.rarom.ro\/index.php?rest_route=%2Fwp%2Fv2%2Fcomments&post=4770"}],"version-history":[{"count":2,"href":"https:\/\/www.rarom.ro\/index.php?rest_route=\/wp\/v2\/pages\/4770\/revisions"}],"predecessor-version":[{"id":4776,"href":"https:\/\/www.rarom.ro\/index.php?rest_route=\/wp\/v2\/pages\/4770\/revisions\/4776"}],"up":[{"embeddable":true,"href":"https:\/\/www.rarom.ro\/index.php?rest_route=\/wp\/v2\/pages\/4760"}],"wp:attachment":[{"href":"https:\/\/www.rarom.ro\/index.php?rest_route=%2Fwp%2Fv2%2Fmedia&parent=4770"}],"curies":[{"name":"wp","href":"https:\/\/api.w.org\/{rel}","templated":true}]}}