{"id":4764,"date":"2017-07-04T09:43:26","date_gmt":"2017-07-04T06:43:26","guid":{"rendered":"https:\/\/www.rarom.ro\/?page_id=4764"},"modified":"2017-07-04T09:43:26","modified_gmt":"2017-07-04T06:43:26","slug":"ford-mondeo","status":"publish","type":"page","link":"https:\/\/www.rarom.ro\/?page_id=4764","title":{"rendered":"Ford Mondeo"},"content":{"rendered":"<p><strong>Test: Ford Mondeo<\/strong><\/p>\n<p><a href=\"https:\/\/www.rarom.ro\/wp-content\/uploads\/2017\/07\/TestFord_mare227.jpg\"><img loading=\"lazy\" decoding=\"async\" class=\"aligncenter size-full wp-image-4765\" src=\"https:\/\/www.rarom.ro\/wp-content\/uploads\/2017\/07\/TestFord_mare227.jpg\" alt=\"TestFord_mare227\" width=\"730\" height=\"450\" srcset=\"https:\/\/www.rarom.ro\/wp-content\/uploads\/2017\/07\/TestFord_mare227.jpg 730w, https:\/\/www.rarom.ro\/wp-content\/uploads\/2017\/07\/TestFord_mare227-300x185.jpg 300w\" sizes=\"auto, (max-width: 730px) 100vw, 730px\" \/><\/a><\/p>\n<p style=\"text-align: justify;\"><img loading=\"lazy\" decoding=\"async\" class=\"size-full wp-image-4767 alignleft\" src=\"https:\/\/www.rarom.ro\/wp-content\/uploads\/2017\/07\/TestFord_pagini227.jpg\" alt=\"TestFord_pagini227\" width=\"250\" height=\"165\" \/>O ma\u015fin\u0103 care reu\u015fe\u015fte s\u0103 umple p\u00e2n\u0103 la refuz o band\u0103 de circula\u0163ie \u015fi care m\u0103soar\u0103 aproape 4,9 metri \u00een lungime nu are cum s\u0103 nu te impresioneze. Atunci de ce simt, imediat ce plec de pe loc, c\u0103 mesajul vizual este mai degrab\u0103 un camuflaj pentru acest Mondeo sub capota c\u0103ruia se afl\u0103 un motor diesel de 2,0 litri care dezvolt\u0103 210 CP \u015fi 450 Nm? [&#8230;]<\/p>\n","protected":false},"excerpt":{"rendered":"<p>Test: Ford Mondeo O ma\u015fin\u0103 care reu\u015fe\u015fte s\u0103 umple p\u00e2n\u0103 la refuz o band\u0103 de circula\u0163ie \u015fi care m\u0103soar\u0103 aproape 4,9 metri \u00een lungime nu are cum s\u0103 nu te impresioneze. Atunci de ce simt, imediat ce plec de pe loc, c\u0103 mesajul vizual este mai degrab\u0103 un camuflaj pentru acest Mondeo sub capota c\u0103ruia [&hellip;]<\/p>\n","protected":false},"author":3,"featured_media":0,"parent":4760,"menu_order":1,"comment_status":"closed","ping_status":"closed","template":"","meta":{"_acf_changed":false,"footnotes":""},"class_list":["post-4764","page","type-page","status-publish","hentry"],"acf":[],"_links":{"self":[{"href":"https:\/\/www.rarom.ro\/index.php?rest_route=\/wp\/v2\/pages\/4764","targetHints":{"allow":["GET"]}}],"collection":[{"href":"https:\/\/www.rarom.ro\/index.php?rest_route=\/wp\/v2\/pages"}],"about":[{"href":"https:\/\/www.rarom.ro\/index.php?rest_route=\/wp\/v2\/types\/page"}],"author":[{"embeddable":true,"href":"https:\/\/www.rarom.ro\/index.php?rest_route=\/wp\/v2\/users\/3"}],"replies":[{"embeddable":true,"href":"https:\/\/www.rarom.ro\/index.php?rest_route=%2Fwp%2Fv2%2Fcomments&post=4764"}],"version-history":[{"count":1,"href":"https:\/\/www.rarom.ro\/index.php?rest_route=\/wp\/v2\/pages\/4764\/revisions"}],"predecessor-version":[{"id":4769,"href":"https:\/\/www.rarom.ro\/index.php?rest_route=\/wp\/v2\/pages\/4764\/revisions\/4769"}],"up":[{"embeddable":true,"href":"https:\/\/www.rarom.ro\/index.php?rest_route=\/wp\/v2\/pages\/4760"}],"wp:attachment":[{"href":"https:\/\/www.rarom.ro\/index.php?rest_route=%2Fwp%2Fv2%2Fmedia&parent=4764"}],"curies":[{"name":"wp","href":"https:\/\/api.w.org\/{rel}","templated":true}]}}