{"id":4646,"date":"2017-06-09T09:30:04","date_gmt":"2017-06-09T06:30:04","guid":{"rendered":"https:\/\/www.rarom.ro\/?page_id=4646"},"modified":"2017-06-09T09:30:04","modified_gmt":"2017-06-09T06:30:04","slug":"istorie","status":"publish","type":"page","link":"https:\/\/www.rarom.ro\/?page_id=4646","title":{"rendered":"Istorie"},"content":{"rendered":"<p><strong>Autobianchi Bianchina<\/strong><br \/>\n<a href=\"https:\/\/www.rarom.ro\/wp-content\/uploads\/2017\/06\/Istorie_mare226.jpg\"><img loading=\"lazy\" decoding=\"async\" class=\"aligncenter size-full wp-image-4647\" src=\"https:\/\/www.rarom.ro\/wp-content\/uploads\/2017\/06\/Istorie_mare226.jpg\" alt=\"Istorie_mare226\" width=\"730\" height=\"450\" srcset=\"https:\/\/www.rarom.ro\/wp-content\/uploads\/2017\/06\/Istorie_mare226.jpg 730w, https:\/\/www.rarom.ro\/wp-content\/uploads\/2017\/06\/Istorie_mare226-300x185.jpg 300w\" sizes=\"auto, (max-width: 730px) 100vw, 730px\" \/><\/a><\/p>\n<p><img loading=\"lazy\" decoding=\"async\" class=\"size-full wp-image-4649 alignleft\" src=\"https:\/\/www.rarom.ro\/wp-content\/uploads\/2017\/06\/Istorie_pagini226.jpg\" alt=\"Istorie_pagini226\" width=\"250\" height=\"165\" \/><\/p>\n<p style=\"text-align: justify;\">Orice fan al celebrei actri\u0163e Audrey Hepburn a v\u0103zut filmul \u201eCum s\u0103 furi un milion?\u201d \u015fi cu to\u0163ii ne-am \u00eentrebat, oare ce ma\u015fin\u0103 conducea \u00een film? R\u0103spuns: Autobiachi Bianchina! [\u2026]<\/p>\n<p>&nbsp;<br \/>\n&nbsp;<br \/>\n&nbsp;<br \/>\n&nbsp;<\/p>\n","protected":false},"excerpt":{"rendered":"<p>Autobianchi Bianchina Orice fan al celebrei actri\u0163e Audrey Hepburn a v\u0103zut filmul \u201eCum s\u0103 furi un milion?\u201d \u015fi cu to\u0163ii ne-am \u00eentrebat, oare ce ma\u015fin\u0103 conducea \u00een film? R\u0103spuns: Autobiachi Bianchina! [\u2026] &nbsp; &nbsp; &nbsp; &nbsp;<\/p>\n","protected":false},"author":3,"featured_media":0,"parent":4591,"menu_order":5,"comment_status":"closed","ping_status":"closed","template":"","meta":{"_acf_changed":false,"footnotes":""},"class_list":["post-4646","page","type-page","status-publish","hentry"],"acf":[],"_links":{"self":[{"href":"https:\/\/www.rarom.ro\/index.php?rest_route=\/wp\/v2\/pages\/4646","targetHints":{"allow":["GET"]}}],"collection":[{"href":"https:\/\/www.rarom.ro\/index.php?rest_route=\/wp\/v2\/pages"}],"about":[{"href":"https:\/\/www.rarom.ro\/index.php?rest_route=\/wp\/v2\/types\/page"}],"author":[{"embeddable":true,"href":"https:\/\/www.rarom.ro\/index.php?rest_route=\/wp\/v2\/users\/3"}],"replies":[{"embeddable":true,"href":"https:\/\/www.rarom.ro\/index.php?rest_route=%2Fwp%2Fv2%2Fcomments&post=4646"}],"version-history":[{"count":1,"href":"https:\/\/www.rarom.ro\/index.php?rest_route=\/wp\/v2\/pages\/4646\/revisions"}],"predecessor-version":[{"id":4651,"href":"https:\/\/www.rarom.ro\/index.php?rest_route=\/wp\/v2\/pages\/4646\/revisions\/4651"}],"up":[{"embeddable":true,"href":"https:\/\/www.rarom.ro\/index.php?rest_route=\/wp\/v2\/pages\/4591"}],"wp:attachment":[{"href":"https:\/\/www.rarom.ro\/index.php?rest_route=%2Fwp%2Fv2%2Fmedia&parent=4646"}],"curies":[{"name":"wp","href":"https:\/\/api.w.org\/{rel}","templated":true}]}}