{"id":4634,"date":"2017-06-09T09:26:52","date_gmt":"2017-06-09T06:26:52","guid":{"rendered":"https:\/\/www.rarom.ro\/?page_id=4634"},"modified":"2017-06-09T09:26:52","modified_gmt":"2017-06-09T06:26:52","slug":"prezentare","status":"publish","type":"page","link":"https:\/\/www.rarom.ro\/?page_id=4634","title":{"rendered":"Prezentare"},"content":{"rendered":"<p><strong>Audi e-tron Sportback<\/strong><\/p>\n<p><a href=\"https:\/\/www.rarom.ro\/wp-content\/uploads\/2017\/06\/Prezentare_mare226.jpeg\"><img loading=\"lazy\" decoding=\"async\" class=\"aligncenter size-full wp-image-4635\" src=\"https:\/\/www.rarom.ro\/wp-content\/uploads\/2017\/06\/Prezentare_mare226.jpeg\" alt=\"Prezentare_mare226\" width=\"730\" height=\"450\" srcset=\"https:\/\/www.rarom.ro\/wp-content\/uploads\/2017\/06\/Prezentare_mare226.jpeg 730w, https:\/\/www.rarom.ro\/wp-content\/uploads\/2017\/06\/Prezentare_mare226-300x185.jpeg 300w\" sizes=\"auto, (max-width: 730px) 100vw, 730px\" \/><\/a><\/p>\n<p style=\"text-align: justify;\"><a href=\"https:\/\/www.rarom.ro\/wp-content\/uploads\/2017\/06\/Prezentare_pagini226.jpg\"><img loading=\"lazy\" decoding=\"async\" class=\"size-full wp-image-4637 alignleft\" src=\"https:\/\/www.rarom.ro\/wp-content\/uploads\/2017\/06\/Prezentare_pagini226.jpg\" alt=\"Prezentare_pagini226\" width=\"250\" height=\"165\" \/><\/a>Audi face \u00eenc\u0103 un pas spre atingerea obiectivului de a produce un SUV electric. Versiunea de serie a noului crossover nu va intra \u00een produc\u0163ie pentru cel pu\u0163in un an de-acum \u00eencolo, dar marca german\u0103 deja ne arat\u0103 viitorul s\u0103u SUV-coupe sub forma conceptului Audi e-tron Sportback. [\u2026]<\/p>\n<p>&nbsp;<\/p>\n<p>&nbsp;<\/p>\n<p>&nbsp;<\/p>\n","protected":false},"excerpt":{"rendered":"<p>Audi e-tron Sportback Audi face \u00eenc\u0103 un pas spre atingerea obiectivului de a produce un SUV electric. Versiunea de serie a noului crossover nu va intra \u00een produc\u0163ie pentru cel pu\u0163in un an de-acum \u00eencolo, dar marca german\u0103 deja ne arat\u0103 viitorul s\u0103u SUV-coupe sub forma conceptului Audi e-tron Sportback. [\u2026] &nbsp; &nbsp; &nbsp;<\/p>\n","protected":false},"author":3,"featured_media":0,"parent":4591,"menu_order":3,"comment_status":"closed","ping_status":"closed","template":"","meta":{"_acf_changed":false,"footnotes":""},"class_list":["post-4634","page","type-page","status-publish","hentry"],"acf":[],"_links":{"self":[{"href":"https:\/\/www.rarom.ro\/index.php?rest_route=\/wp\/v2\/pages\/4634","targetHints":{"allow":["GET"]}}],"collection":[{"href":"https:\/\/www.rarom.ro\/index.php?rest_route=\/wp\/v2\/pages"}],"about":[{"href":"https:\/\/www.rarom.ro\/index.php?rest_route=\/wp\/v2\/types\/page"}],"author":[{"embeddable":true,"href":"https:\/\/www.rarom.ro\/index.php?rest_route=\/wp\/v2\/users\/3"}],"replies":[{"embeddable":true,"href":"https:\/\/www.rarom.ro\/index.php?rest_route=%2Fwp%2Fv2%2Fcomments&post=4634"}],"version-history":[{"count":1,"href":"https:\/\/www.rarom.ro\/index.php?rest_route=\/wp\/v2\/pages\/4634\/revisions"}],"predecessor-version":[{"id":4639,"href":"https:\/\/www.rarom.ro\/index.php?rest_route=\/wp\/v2\/pages\/4634\/revisions\/4639"}],"up":[{"embeddable":true,"href":"https:\/\/www.rarom.ro\/index.php?rest_route=\/wp\/v2\/pages\/4591"}],"wp:attachment":[{"href":"https:\/\/www.rarom.ro\/index.php?rest_route=%2Fwp%2Fv2%2Fmedia&parent=4634"}],"curies":[{"name":"wp","href":"https:\/\/api.w.org\/{rel}","templated":true}]}}