{"id":4628,"date":"2017-06-09T09:24:54","date_gmt":"2017-06-09T06:24:54","guid":{"rendered":"https:\/\/www.rarom.ro\/?page_id=4628"},"modified":"2017-06-09T09:24:54","modified_gmt":"2017-06-09T06:24:54","slug":"interviu","status":"publish","type":"page","link":"https:\/\/www.rarom.ro\/?page_id=4628","title":{"rendered":"Interviu"},"content":{"rendered":"<p><strong>Wilmark Rizzo Hernandez<\/strong><\/p>\n<p><a href=\"https:\/\/www.rarom.ro\/wp-content\/uploads\/2017\/06\/Interviu_mare226.jpg\"><img loading=\"lazy\" decoding=\"async\" class=\"aligncenter size-full wp-image-4629\" src=\"https:\/\/www.rarom.ro\/wp-content\/uploads\/2017\/06\/Interviu_mare226.jpg\" alt=\"Interviu_mare226\" width=\"730\" height=\"450\" srcset=\"https:\/\/www.rarom.ro\/wp-content\/uploads\/2017\/06\/Interviu_mare226.jpg 730w, https:\/\/www.rarom.ro\/wp-content\/uploads\/2017\/06\/Interviu_mare226-300x185.jpg 300w\" sizes=\"auto, (max-width: 730px) 100vw, 730px\" \/><\/a><\/p>\n<p style=\"text-align: justify;\"><a href=\"https:\/\/www.rarom.ro\/wp-content\/uploads\/2017\/06\/Interviu_pagini226.jpg\"><img loading=\"lazy\" decoding=\"async\" class=\"size-full wp-image-4631 alignleft\" src=\"https:\/\/www.rarom.ro\/wp-content\/uploads\/2017\/06\/Interviu_pagini226.jpg\" alt=\"Interviu_pagini226\" width=\"250\" height=\"165\" \/><\/a>Wilmark Rizzo Hernandez a venit \u00een Rom\u00e2nia, din Columbia natal\u0103, hot\u0103r\u00e2t s\u0103 se fac\u0103 inginer petrolist. Destinul a avut alt plan. A fost DJ la radio \u015fi a lucrat \u00een emisiuni tv de succes unde a cucerit audien\u0163a cu un accent special, decupat parc\u0103 din telenovele, dar \u015fi cu stilul s\u0103u relaxat, inocent \u015fi glume\u0163. Acum conduce o \u015fcoal\u0103 de dans, organizeaz\u0103 un festival de salsa \u015fi are o tolb\u0103 de vise. S\u0103-l l\u0103s\u0103m pe Wilmark s\u0103 ne conduc\u0103 printre planurile sale, prin via\u0163a de familie, dar s\u0103-i afl\u0103m \u015fi preferin\u0163ele \u00een materie de ma\u015fini. [\u2026]<\/p>\n","protected":false},"excerpt":{"rendered":"<p>Wilmark Rizzo Hernandez Wilmark Rizzo Hernandez a venit \u00een Rom\u00e2nia, din Columbia natal\u0103, hot\u0103r\u00e2t s\u0103 se fac\u0103 inginer petrolist. Destinul a avut alt plan. A fost DJ la radio \u015fi a lucrat \u00een emisiuni tv de succes unde a cucerit audien\u0163a cu un accent special, decupat parc\u0103 din telenovele, dar \u015fi cu stilul s\u0103u relaxat, [&hellip;]<\/p>\n","protected":false},"author":3,"featured_media":0,"parent":4591,"menu_order":2,"comment_status":"closed","ping_status":"closed","template":"","meta":{"_acf_changed":false,"footnotes":""},"class_list":["post-4628","page","type-page","status-publish","hentry"],"acf":[],"_links":{"self":[{"href":"https:\/\/www.rarom.ro\/index.php?rest_route=\/wp\/v2\/pages\/4628","targetHints":{"allow":["GET"]}}],"collection":[{"href":"https:\/\/www.rarom.ro\/index.php?rest_route=\/wp\/v2\/pages"}],"about":[{"href":"https:\/\/www.rarom.ro\/index.php?rest_route=\/wp\/v2\/types\/page"}],"author":[{"embeddable":true,"href":"https:\/\/www.rarom.ro\/index.php?rest_route=\/wp\/v2\/users\/3"}],"replies":[{"embeddable":true,"href":"https:\/\/www.rarom.ro\/index.php?rest_route=%2Fwp%2Fv2%2Fcomments&post=4628"}],"version-history":[{"count":1,"href":"https:\/\/www.rarom.ro\/index.php?rest_route=\/wp\/v2\/pages\/4628\/revisions"}],"predecessor-version":[{"id":4633,"href":"https:\/\/www.rarom.ro\/index.php?rest_route=\/wp\/v2\/pages\/4628\/revisions\/4633"}],"up":[{"embeddable":true,"href":"https:\/\/www.rarom.ro\/index.php?rest_route=\/wp\/v2\/pages\/4591"}],"wp:attachment":[{"href":"https:\/\/www.rarom.ro\/index.php?rest_route=%2Fwp%2Fv2%2Fmedia&parent=4628"}],"curies":[{"name":"wp","href":"https:\/\/api.w.org\/{rel}","templated":true}]}}