{"id":4618,"date":"2017-06-09T09:22:58","date_gmt":"2017-06-09T06:22:58","guid":{"rendered":"https:\/\/www.rarom.ro\/?page_id=4618"},"modified":"2017-06-09T09:22:58","modified_gmt":"2017-06-09T06:22:58","slug":"alfa-romeo-stelvio","status":"publish","type":"page","link":"https:\/\/www.rarom.ro\/?page_id=4618","title":{"rendered":"Alfa Romeo Stelvio"},"content":{"rendered":"<p><strong>Test: Alfa Romeo Stelvio<\/strong><\/p>\n<p><a href=\"https:\/\/www.rarom.ro\/wp-content\/uploads\/2017\/06\/TestAlfa_-pagini2261.jpg\"><br \/>\n<\/a> <a href=\"https:\/\/www.rarom.ro\/wp-content\/uploads\/2017\/06\/TestAlfa_mare226.jpg\"><img loading=\"lazy\" decoding=\"async\" class=\"aligncenter size-full wp-image-4625\" src=\"https:\/\/www.rarom.ro\/wp-content\/uploads\/2017\/06\/TestAlfa_mare226.jpg\" alt=\"TestAlfa_mare226\" width=\"730\" height=\"450\" srcset=\"https:\/\/www.rarom.ro\/wp-content\/uploads\/2017\/06\/TestAlfa_mare226.jpg 730w, https:\/\/www.rarom.ro\/wp-content\/uploads\/2017\/06\/TestAlfa_mare226-300x185.jpg 300w\" sizes=\"auto, (max-width: 730px) 100vw, 730px\" \/><\/a><\/p>\n<p><a href=\"https:\/\/www.rarom.ro\/wp-content\/uploads\/2017\/06\/TestAlfa_mare226.jpg\"><img loading=\"lazy\" decoding=\"async\" class=\"size-full wp-image-4623 alignleft\" src=\"https:\/\/www.rarom.ro\/wp-content\/uploads\/2017\/06\/TestAlfa_-pagini2261.jpg\" alt=\"TestAlfa_ pagini226\" width=\"250\" height=\"165\" \/><\/a><\/p>\n<p style=\"text-align: justify;\">\u00cen cadrul evenimentului de lansare de pe circuitul de la Ad\u00e2ncata ne-am \u00eent\u00e2lnit cu Stelvio, cel dint\u00e2i SUV din istoria m\u0103rcii italiene. [\u2026]<\/p>\n<p>&nbsp;<br \/>\n&nbsp;<br \/>\n&nbsp;<br \/>\n&nbsp;<\/p>\n","protected":false},"excerpt":{"rendered":"<p>Test: Alfa Romeo Stelvio \u00cen cadrul evenimentului de lansare de pe circuitul de la Ad\u00e2ncata ne-am \u00eent\u00e2lnit cu Stelvio, cel dint\u00e2i SUV din istoria m\u0103rcii italiene. [\u2026] &nbsp; &nbsp; &nbsp; &nbsp;<\/p>\n","protected":false},"author":3,"featured_media":0,"parent":4595,"menu_order":4,"comment_status":"closed","ping_status":"closed","template":"","meta":{"_acf_changed":false,"footnotes":""},"class_list":["post-4618","page","type-page","status-publish","hentry"],"acf":[],"_links":{"self":[{"href":"https:\/\/www.rarom.ro\/index.php?rest_route=\/wp\/v2\/pages\/4618","targetHints":{"allow":["GET"]}}],"collection":[{"href":"https:\/\/www.rarom.ro\/index.php?rest_route=\/wp\/v2\/pages"}],"about":[{"href":"https:\/\/www.rarom.ro\/index.php?rest_route=\/wp\/v2\/types\/page"}],"author":[{"embeddable":true,"href":"https:\/\/www.rarom.ro\/index.php?rest_route=\/wp\/v2\/users\/3"}],"replies":[{"embeddable":true,"href":"https:\/\/www.rarom.ro\/index.php?rest_route=%2Fwp%2Fv2%2Fcomments&post=4618"}],"version-history":[{"count":1,"href":"https:\/\/www.rarom.ro\/index.php?rest_route=\/wp\/v2\/pages\/4618\/revisions"}],"predecessor-version":[{"id":4627,"href":"https:\/\/www.rarom.ro\/index.php?rest_route=\/wp\/v2\/pages\/4618\/revisions\/4627"}],"up":[{"embeddable":true,"href":"https:\/\/www.rarom.ro\/index.php?rest_route=\/wp\/v2\/pages\/4595"}],"wp:attachment":[{"href":"https:\/\/www.rarom.ro\/index.php?rest_route=%2Fwp%2Fv2%2Fmedia&parent=4618"}],"curies":[{"name":"wp","href":"https:\/\/api.w.org\/{rel}","templated":true}]}}