{"id":4583,"date":"2017-06-07T08:47:04","date_gmt":"2017-06-07T05:47:04","guid":{"rendered":"https:\/\/www.rarom.ro\/?page_id=4583"},"modified":"2026-01-15T11:13:22","modified_gmt":"2026-01-15T09:13:22","slug":"declaratii-de-avere-si-interese-2015","status":"publish","type":"page","link":"https:\/\/www.rarom.ro\/?page_id=4583","title":{"rendered":"Declara\u0163ii de avere \u015fi interese 2015"},"content":{"rendered":"<table border=\"1\" width=\"100%\" cellspacing=\"5\">\n<tbody>\n<tr align=\"center\" valign=\"middle\">\n<td width=\"4%\">\n<div align=\"center\">Nr. crt.<\/div>\n<\/td>\n<td width=\"31%\">\n<div align=\"center\">Numele \u015fi prenumele<\/div>\n<\/td>\n<td width=\"35%\">\n<div align=\"center\">Calitatea<\/div>\n<\/td>\n<td width=\"30%\">\n<div align=\"center\">Declara\u0163ii de avere \u015fi interese<\/div>\n<\/td>\n<\/tr>\n<tr>\n<td>\n<div align=\"center\">1.<\/div>\n<\/td>\n<td>Coiciu Dumitru<\/td>\n<td>pre\u015fedinte CA<\/td>\n<td>&#8211; <a href=\"cs-uploads\/Coiciu_Dumitru1-2015.pdf\" target=\"_blank\" rel=\"noopener noreferrer\">declara\u0163ie\u00a0de avere<\/a><br \/>\n&#8211; <a href=\"cs-uploads\/Coiciu_Dumitru2-2015.pdf\" target=\"_blank\" rel=\"noopener noreferrer\">declara\u0163ie\u00a0de interese<\/a><\/td>\n<\/tr>\n<tr>\n<td>\n<div align=\"center\">2.<\/div>\n<\/td>\n<td>Supuran Sorin<\/td>\n<td>membru &#8211; reprezentant MT<\/td>\n<td>&#8211; <a href=\"cs-uploads\/Supuran_Sorin1-2015.pdf\" target=\"_blank\" rel=\"noopener noreferrer\">declara\u0163ie de avere<\/a><br \/>\n&#8211; <a href=\"cs-uploads\/Supuran_Sorin2-2015.pdf\" target=\"_blank\" rel=\"noopener noreferrer\">declara\u0163ie de interese<\/a><\/td>\n<\/tr>\n<tr>\n<td>\n<div align=\"center\">3.<\/div>\n<\/td>\n<td>Dinc\u0103 George-Adrian<\/td>\n<td>membru \u015fi Director General<\/td>\n<td>&#8211; <a href=\"cs-uploads\/George_Dinca1-2015.pdf\" target=\"_blank\" rel=\"noopener noreferrer\">declara\u0163ie de avere<\/a><br \/>\n&#8211; <a href=\"cs-uploads\/George_Dinca2-2015.pdf\" target=\"_blank\" rel=\"noopener noreferrer\">declara\u0163ie de interese<\/a><\/td>\n<\/tr>\n<tr>\n<td>\n<div align=\"center\">4.<\/div>\n<\/td>\n<td>Mavrodin Tiberiu Valentin<\/td>\n<td>membru &#8211; reprezentant MFP<\/td>\n<td>&#8211; <a href=\"cs-uploads\/Mavrodin_Tiberiu1-2015.pdf\" target=\"_blank\" rel=\"noopener noreferrer\">declara\u0163ie\u00a0de avere<\/a><br \/>\n&#8211; <a href=\"cs-uploads\/Mavrodin_Tiberiu2-2015.pdf\" target=\"_blank\" rel=\"noopener noreferrer\">declara\u0163ie\u00a0de interese<\/a><\/td>\n<\/tr>\n<tr>\n<td>\n<div align=\"center\">5.<\/div>\n<\/td>\n<td>Ivan Marius Lauren\u0163iu<\/td>\n<td>membru provizoriu<\/td>\n<td>&#8211; <a href=\"cs-uploads\/Ivan_Marius1-2015.pdf\" target=\"_blank\" rel=\"noopener noreferrer\">declara\u0163ie\u00a0de avere<\/a><br \/>\n&#8211; <a href=\"cs-uploads\/Ivan_Marius2-2015.pdf\" target=\"_blank\" rel=\"noopener noreferrer\">declara\u0163ie\u00a0de interese<\/a><\/td>\n<\/tr>\n<tr>\n<td>\n<div align=\"center\">6.<\/div>\n<\/td>\n<td>Radu Virgil<\/td>\n<td>membru provizoriu<\/td>\n<td>\u00a0&#8211;<\/td>\n<\/tr>\n<\/tbody>\n<\/table>\n<p class=\"p1\">1. Dima Marin \u2013 pre\u015fedinte CA p\u00e2n\u0103 la data de 01.05.2017<\/p>\n<p class=\"p3\"><span class=\"s2\">\u2013 <a href=\"https:\/\/www.rarom.ro\/cs-uploads\/Dima_Marin1-2015.pdf\" target=\"_blank\" rel=\"noopener noreferrer\"><span class=\"s3\">Declara\u0163ie de avere<\/span><\/a> (format pdf)<\/span><\/p>\n<p class=\"p3\"><span class=\"s2\">\u2013 <a href=\"https:\/\/www.rarom.ro\/cs-uploads\/Dima_Marin2-2015.pdf\" target=\"_blank\" rel=\"noopener noreferrer\"><span class=\"s3\">Declara\u0163ie de interese<\/span><\/a> (format pdf)<\/span><\/p>\n","protected":false},"excerpt":{"rendered":"<p>Nr. crt. Numele \u015fi prenumele Calitatea Declara\u0163ii de avere \u015fi interese 1. Coiciu Dumitru pre\u015fedinte CA &#8211; declara\u0163ie\u00a0de avere &#8211; declara\u0163ie\u00a0de interese 2. Supuran Sorin membru &#8211; reprezentant MT &#8211; declara\u0163ie de avere &#8211; declara\u0163ie de interese 3. Dinc\u0103 George-Adrian membru \u015fi Director General &#8211; declara\u0163ie de avere &#8211; declara\u0163ie de interese 4. Mavrodin Tiberiu [&hellip;]<\/p>\n","protected":false},"author":3,"featured_media":0,"parent":1297,"menu_order":9986,"comment_status":"closed","ping_status":"closed","template":"","meta":{"_acf_changed":false,"footnotes":""},"class_list":["post-4583","page","type-page","status-publish","hentry"],"acf":[],"_links":{"self":[{"href":"https:\/\/www.rarom.ro\/index.php?rest_route=\/wp\/v2\/pages\/4583","targetHints":{"allow":["GET"]}}],"collection":[{"href":"https:\/\/www.rarom.ro\/index.php?rest_route=\/wp\/v2\/pages"}],"about":[{"href":"https:\/\/www.rarom.ro\/index.php?rest_route=\/wp\/v2\/types\/page"}],"author":[{"embeddable":true,"href":"https:\/\/www.rarom.ro\/index.php?rest_route=\/wp\/v2\/users\/3"}],"replies":[{"embeddable":true,"href":"https:\/\/www.rarom.ro\/index.php?rest_route=%2Fwp%2Fv2%2Fcomments&post=4583"}],"version-history":[{"count":8,"href":"https:\/\/www.rarom.ro\/index.php?rest_route=\/wp\/v2\/pages\/4583\/revisions"}],"predecessor-version":[{"id":296426,"href":"https:\/\/www.rarom.ro\/index.php?rest_route=\/wp\/v2\/pages\/4583\/revisions\/296426"}],"up":[{"embeddable":true,"href":"https:\/\/www.rarom.ro\/index.php?rest_route=\/wp\/v2\/pages\/1297"}],"wp:attachment":[{"href":"https:\/\/www.rarom.ro\/index.php?rest_route=%2Fwp%2Fv2%2Fmedia&parent=4583"}],"curies":[{"name":"wp","href":"https:\/\/api.w.org\/{rel}","templated":true}]}}