{"id":4494,"date":"2017-05-03T10:52:18","date_gmt":"2017-05-03T07:52:18","guid":{"rendered":"https:\/\/www.rarom.ro\/?page_id=4494"},"modified":"2017-05-03T10:52:18","modified_gmt":"2017-05-03T07:52:18","slug":"tehno","status":"publish","type":"page","link":"https:\/\/www.rarom.ro\/?page_id=4494","title":{"rendered":"Tehno"},"content":{"rendered":"<p><strong>Cruise Control<\/strong><\/p>\n<p><a href=\"https:\/\/www.rarom.ro\/wp-content\/uploads\/2017\/05\/Tehno_mare225.jpg\"><img loading=\"lazy\" decoding=\"async\" class=\"aligncenter size-full wp-image-4495\" src=\"https:\/\/www.rarom.ro\/wp-content\/uploads\/2017\/05\/Tehno_mare225.jpg\" alt=\"Volkswagen Touareg\" width=\"730\" height=\"450\" srcset=\"https:\/\/www.rarom.ro\/wp-content\/uploads\/2017\/05\/Tehno_mare225.jpg 730w, https:\/\/www.rarom.ro\/wp-content\/uploads\/2017\/05\/Tehno_mare225-300x185.jpg 300w\" sizes=\"auto, (max-width: 730px) 100vw, 730px\" \/><\/a><\/p>\n<p style=\"text-align: justify;\"><a href=\"https:\/\/www.rarom.ro\/wp-content\/uploads\/2017\/05\/Tehno_pagini225.jpg\"><img loading=\"lazy\" decoding=\"async\" class=\"size-full wp-image-4497 alignleft\" src=\"https:\/\/www.rarom.ro\/wp-content\/uploads\/2017\/05\/Tehno_pagini225.jpg\" alt=\"Tehno_pagini225\" width=\"250\" height=\"165\" \/><\/a>La ora actual\u0103 Cruise Control a devenit o component\u0103 standard pentru o mare parte a modelelor de automobile de pe pia\u0163\u0103 \u015fi reprezint\u0103 un mare plus pentru cei care fac deplas\u0103ri pe distan\u0163e lungi, cum sunt cele pe autostrad\u0103. [&#8230;]<\/p>\n","protected":false},"excerpt":{"rendered":"<p>Cruise Control La ora actual\u0103 Cruise Control a devenit o component\u0103 standard pentru o mare parte a modelelor de automobile de pe pia\u0163\u0103 \u015fi reprezint\u0103 un mare plus pentru cei care fac deplas\u0103ri pe distan\u0163e lungi, cum sunt cele pe autostrad\u0103. [&#8230;]<\/p>\n","protected":false},"author":3,"featured_media":0,"parent":4436,"menu_order":6,"comment_status":"closed","ping_status":"closed","template":"","meta":{"_acf_changed":false,"footnotes":""},"class_list":["post-4494","page","type-page","status-publish","hentry"],"acf":[],"_links":{"self":[{"href":"https:\/\/www.rarom.ro\/index.php?rest_route=\/wp\/v2\/pages\/4494","targetHints":{"allow":["GET"]}}],"collection":[{"href":"https:\/\/www.rarom.ro\/index.php?rest_route=\/wp\/v2\/pages"}],"about":[{"href":"https:\/\/www.rarom.ro\/index.php?rest_route=\/wp\/v2\/types\/page"}],"author":[{"embeddable":true,"href":"https:\/\/www.rarom.ro\/index.php?rest_route=\/wp\/v2\/users\/3"}],"replies":[{"embeddable":true,"href":"https:\/\/www.rarom.ro\/index.php?rest_route=%2Fwp%2Fv2%2Fcomments&post=4494"}],"version-history":[{"count":1,"href":"https:\/\/www.rarom.ro\/index.php?rest_route=\/wp\/v2\/pages\/4494\/revisions"}],"predecessor-version":[{"id":4499,"href":"https:\/\/www.rarom.ro\/index.php?rest_route=\/wp\/v2\/pages\/4494\/revisions\/4499"}],"up":[{"embeddable":true,"href":"https:\/\/www.rarom.ro\/index.php?rest_route=\/wp\/v2\/pages\/4436"}],"wp:attachment":[{"href":"https:\/\/www.rarom.ro\/index.php?rest_route=%2Fwp%2Fv2%2Fmedia&parent=4494"}],"curies":[{"name":"wp","href":"https:\/\/api.w.org\/{rel}","templated":true}]}}