{"id":4482,"date":"2017-05-03T10:40:36","date_gmt":"2017-05-03T07:40:36","guid":{"rendered":"https:\/\/www.rarom.ro\/?page_id=4482"},"modified":"2017-05-03T10:40:36","modified_gmt":"2017-05-03T07:40:36","slug":"magazin","status":"publish","type":"page","link":"https:\/\/www.rarom.ro\/?page_id=4482","title":{"rendered":"Magazin"},"content":{"rendered":"<p><strong>Protec\u0163ii pentru motocicli\u015fti<\/strong><\/p>\n<p><a href=\"https:\/\/www.rarom.ro\/wp-content\/uploads\/2017\/05\/Magazin_mare225.jpg\"><img loading=\"lazy\" decoding=\"async\" class=\"aligncenter size-full wp-image-4483\" src=\"https:\/\/www.rarom.ro\/wp-content\/uploads\/2017\/05\/Magazin_mare225.jpg\" alt=\"Magazin_mare225\" width=\"730\" height=\"450\" srcset=\"https:\/\/www.rarom.ro\/wp-content\/uploads\/2017\/05\/Magazin_mare225.jpg 730w, https:\/\/www.rarom.ro\/wp-content\/uploads\/2017\/05\/Magazin_mare225-300x185.jpg 300w\" sizes=\"auto, (max-width: 730px) 100vw, 730px\" \/><\/a><\/p>\n<p style=\"text-align: justify;\"><a href=\"https:\/\/www.rarom.ro\/wp-content\/uploads\/2017\/05\/Magazin_pagini225.jpg\"><img loading=\"lazy\" decoding=\"async\" class=\"size-full wp-image-4485 alignleft\" src=\"https:\/\/www.rarom.ro\/wp-content\/uploads\/2017\/05\/Magazin_pagini225.jpg\" alt=\"Magazin_pagini225\" width=\"250\" height=\"165\" \/><\/a>Mersul pe motociclet\u0103 este senza\u0163ional, grozav, pl\u0103cut, super \u015fi cred c\u0103 mai pot ad\u0103uga \u00eenc\u0103 zece adjective care s\u0103 \u00eel caracterizeze la modul elogios. Dar to\u0163i cei care \u00eel laud\u0103 \u015fi care \u00eel \u015fi practic\u0103 recunosc c\u0103 mai exist\u0103 un adjectiv care le umbre\u015fte pe toate celelalte: periculos. [&#8230;]<\/p>\n","protected":false},"excerpt":{"rendered":"<p>Protec\u0163ii pentru motocicli\u015fti Mersul pe motociclet\u0103 este senza\u0163ional, grozav, pl\u0103cut, super \u015fi cred c\u0103 mai pot ad\u0103uga \u00eenc\u0103 zece adjective care s\u0103 \u00eel caracterizeze la modul elogios. Dar to\u0163i cei care \u00eel laud\u0103 \u015fi care \u00eel \u015fi practic\u0103 recunosc c\u0103 mai exist\u0103 un adjectiv care le umbre\u015fte pe toate celelalte: periculos. [&#8230;]<\/p>\n","protected":false},"author":3,"featured_media":0,"parent":4436,"menu_order":4,"comment_status":"closed","ping_status":"closed","template":"","meta":{"_acf_changed":false,"footnotes":""},"class_list":["post-4482","page","type-page","status-publish","hentry"],"acf":[],"_links":{"self":[{"href":"https:\/\/www.rarom.ro\/index.php?rest_route=\/wp\/v2\/pages\/4482","targetHints":{"allow":["GET"]}}],"collection":[{"href":"https:\/\/www.rarom.ro\/index.php?rest_route=\/wp\/v2\/pages"}],"about":[{"href":"https:\/\/www.rarom.ro\/index.php?rest_route=\/wp\/v2\/types\/page"}],"author":[{"embeddable":true,"href":"https:\/\/www.rarom.ro\/index.php?rest_route=\/wp\/v2\/users\/3"}],"replies":[{"embeddable":true,"href":"https:\/\/www.rarom.ro\/index.php?rest_route=%2Fwp%2Fv2%2Fcomments&post=4482"}],"version-history":[{"count":1,"href":"https:\/\/www.rarom.ro\/index.php?rest_route=\/wp\/v2\/pages\/4482\/revisions"}],"predecessor-version":[{"id":4487,"href":"https:\/\/www.rarom.ro\/index.php?rest_route=\/wp\/v2\/pages\/4482\/revisions\/4487"}],"up":[{"embeddable":true,"href":"https:\/\/www.rarom.ro\/index.php?rest_route=\/wp\/v2\/pages\/4436"}],"wp:attachment":[{"href":"https:\/\/www.rarom.ro\/index.php?rest_route=%2Fwp%2Fv2%2Fmedia&parent=4482"}],"curies":[{"name":"wp","href":"https:\/\/api.w.org\/{rel}","templated":true}]}}