{"id":4476,"date":"2017-05-03T10:36:42","date_gmt":"2017-05-03T07:36:42","guid":{"rendered":"https:\/\/www.rarom.ro\/?page_id=4476"},"modified":"2017-05-03T10:36:42","modified_gmt":"2017-05-03T07:36:42","slug":"prezentare","status":"publish","type":"page","link":"https:\/\/www.rarom.ro\/?page_id=4476","title":{"rendered":"Prezentare"},"content":{"rendered":"<p><strong>Volkswagen Sedric<\/strong><\/p>\n<p><a href=\"https:\/\/www.rarom.ro\/wp-content\/uploads\/2017\/05\/Prezentare_mare225.jpg\"><img loading=\"lazy\" decoding=\"async\" class=\"aligncenter size-full wp-image-4477\" src=\"https:\/\/www.rarom.ro\/wp-content\/uploads\/2017\/05\/Prezentare_mare225.jpg\" alt=\"SEDRIC ? Leichte Keilform und schr\u00e4ge Front mit interaktiven LED-Matrix-Scheinwerfern. Frontscheibe und Frontmaske sind zu einem Element zusammengefasst.\" width=\"730\" height=\"450\" srcset=\"https:\/\/www.rarom.ro\/wp-content\/uploads\/2017\/05\/Prezentare_mare225.jpg 730w, https:\/\/www.rarom.ro\/wp-content\/uploads\/2017\/05\/Prezentare_mare225-300x185.jpg 300w\" sizes=\"auto, (max-width: 730px) 100vw, 730px\" \/><\/a><\/p>\n<p style=\"text-align: justify;\"><a href=\"https:\/\/www.rarom.ro\/wp-content\/uploads\/2017\/05\/Prezentare_pagini225.jpg\"><img loading=\"lazy\" decoding=\"async\" class=\"size-full wp-image-4479 alignleft\" src=\"https:\/\/www.rarom.ro\/wp-content\/uploads\/2017\/05\/Prezentare_pagini225.jpg\" alt=\"Prezentare_pagini225\" width=\"250\" height=\"165\" \/><\/a>Poate v\u0103 mai aduce\u0163i aminte \u00een filmele SF c\u00e2nd un personaj urca \u00eentr-un automobil \u015fi-i arunca din zbor num\u0103rul str\u0103zii unde trebuia s\u0103 ajung\u0103, iar acesta \u00eel ducea \u00een siguran\u0163\u0103 la destina\u0163ie. Ei bine, VW s-a g\u00e2ndit deja la primul vehicul al grupului pentru nivelul 5 al conducerii autonome. Dar nu a pomenit prea multe despre ce tehnologii va folosi. [&#8230;]<\/p>\n","protected":false},"excerpt":{"rendered":"<p>Volkswagen Sedric Poate v\u0103 mai aduce\u0163i aminte \u00een filmele SF c\u00e2nd un personaj urca \u00eentr-un automobil \u015fi-i arunca din zbor num\u0103rul str\u0103zii unde trebuia s\u0103 ajung\u0103, iar acesta \u00eel ducea \u00een siguran\u0163\u0103 la destina\u0163ie. Ei bine, VW s-a g\u00e2ndit deja la primul vehicul al grupului pentru nivelul 5 al conducerii autonome. Dar nu a pomenit [&hellip;]<\/p>\n","protected":false},"author":3,"featured_media":0,"parent":4436,"menu_order":3,"comment_status":"closed","ping_status":"closed","template":"","meta":{"_acf_changed":false,"footnotes":""},"class_list":["post-4476","page","type-page","status-publish","hentry"],"acf":[],"_links":{"self":[{"href":"https:\/\/www.rarom.ro\/index.php?rest_route=\/wp\/v2\/pages\/4476","targetHints":{"allow":["GET"]}}],"collection":[{"href":"https:\/\/www.rarom.ro\/index.php?rest_route=\/wp\/v2\/pages"}],"about":[{"href":"https:\/\/www.rarom.ro\/index.php?rest_route=\/wp\/v2\/types\/page"}],"author":[{"embeddable":true,"href":"https:\/\/www.rarom.ro\/index.php?rest_route=\/wp\/v2\/users\/3"}],"replies":[{"embeddable":true,"href":"https:\/\/www.rarom.ro\/index.php?rest_route=%2Fwp%2Fv2%2Fcomments&post=4476"}],"version-history":[{"count":1,"href":"https:\/\/www.rarom.ro\/index.php?rest_route=\/wp\/v2\/pages\/4476\/revisions"}],"predecessor-version":[{"id":4481,"href":"https:\/\/www.rarom.ro\/index.php?rest_route=\/wp\/v2\/pages\/4476\/revisions\/4481"}],"up":[{"embeddable":true,"href":"https:\/\/www.rarom.ro\/index.php?rest_route=\/wp\/v2\/pages\/4436"}],"wp:attachment":[{"href":"https:\/\/www.rarom.ro\/index.php?rest_route=%2Fwp%2Fv2%2Fmedia&parent=4476"}],"curies":[{"name":"wp","href":"https:\/\/api.w.org\/{rel}","templated":true}]}}