{"id":4470,"date":"2017-05-03T10:24:34","date_gmt":"2017-05-03T07:24:34","guid":{"rendered":"https:\/\/www.rarom.ro\/?page_id=4470"},"modified":"2017-05-03T10:24:34","modified_gmt":"2017-05-03T07:24:34","slug":"interviu","status":"publish","type":"page","link":"https:\/\/www.rarom.ro\/?page_id=4470","title":{"rendered":"Interviu"},"content":{"rendered":"<p><strong>Florin R\u0103ducioiu<\/strong><\/p>\n<p><a href=\"https:\/\/www.rarom.ro\/wp-content\/uploads\/2017\/05\/Interviu_mare225.jpg\"><img loading=\"lazy\" decoding=\"async\" class=\"aligncenter size-full wp-image-4471\" src=\"https:\/\/www.rarom.ro\/wp-content\/uploads\/2017\/05\/Interviu_mare225.jpg\" alt=\"Interviu_mare225\" width=\"730\" height=\"450\" srcset=\"https:\/\/www.rarom.ro\/wp-content\/uploads\/2017\/05\/Interviu_mare225.jpg 730w, https:\/\/www.rarom.ro\/wp-content\/uploads\/2017\/05\/Interviu_mare225-300x185.jpg 300w\" sizes=\"auto, (max-width: 730px) 100vw, 730px\" \/><\/a><\/p>\n<p style=\"text-align: justify;\"><a href=\"https:\/\/www.rarom.ro\/wp-content\/uploads\/2017\/05\/Interviu_pagini225.jpg\"><img loading=\"lazy\" decoding=\"async\" class=\"size-full wp-image-4473 alignleft\" src=\"https:\/\/www.rarom.ro\/wp-content\/uploads\/2017\/05\/Interviu_pagini225.jpg\" alt=\"Interviu_pagini225\" width=\"250\" height=\"165\" \/><\/a>&#8222;Aveam un poster cu tine, c\u00e2t toat\u0103 u\u015fa din camera mea&#8221; spune f\u00e2st\u00e2cit\u0103, z\u00e2mbind melan\u00adcolic, domni\u015foara \u00eembujorat\u0103 de la cafenea. O \u00eent\u00e2lnire cu Florin R\u0103ducioiu nu este deloc o &#8222;misiune u\u015foar\u0103&#8221;. Oamenii \u00eel recunosc rapid, \u00eel opresc pentru poze \u015fi vor s\u0103 afle povestea golurilor de la Mondialul din `94. &#8222;Altul ca tine, nu mai vedem&#8221; ofteaz\u0103 un micro\u00adbist. Florin z\u00e2mbe\u015fte \u015fi \u00eencepe s\u0103 povesteasc\u0103. Ne-a vorbit despre bucuriile \u015fi am\u0103r\u0103ciunile din fotbal, despre cum a ajuns un copil din Colentina \u00een echipa fantastic\u0103 a lui Milan, dar \u015fi despre femei \u015fi ma\u015fini frumoase&#8230; [&#8230;]<\/p>\n","protected":false},"excerpt":{"rendered":"<p>Florin R\u0103ducioiu &#8222;Aveam un poster cu tine, c\u00e2t toat\u0103 u\u015fa din camera mea&#8221; spune f\u00e2st\u00e2cit\u0103, z\u00e2mbind melan\u00adcolic, domni\u015foara \u00eembujorat\u0103 de la cafenea. O \u00eent\u00e2lnire cu Florin R\u0103ducioiu nu este deloc o &#8222;misiune u\u015foar\u0103&#8221;. Oamenii \u00eel recunosc rapid, \u00eel opresc pentru poze \u015fi vor s\u0103 afle povestea golurilor de la Mondialul din `94. &#8222;Altul ca tine, [&hellip;]<\/p>\n","protected":false},"author":3,"featured_media":0,"parent":4436,"menu_order":2,"comment_status":"closed","ping_status":"closed","template":"","meta":{"_acf_changed":false,"footnotes":""},"class_list":["post-4470","page","type-page","status-publish","hentry"],"acf":[],"_links":{"self":[{"href":"https:\/\/www.rarom.ro\/index.php?rest_route=\/wp\/v2\/pages\/4470","targetHints":{"allow":["GET"]}}],"collection":[{"href":"https:\/\/www.rarom.ro\/index.php?rest_route=\/wp\/v2\/pages"}],"about":[{"href":"https:\/\/www.rarom.ro\/index.php?rest_route=\/wp\/v2\/types\/page"}],"author":[{"embeddable":true,"href":"https:\/\/www.rarom.ro\/index.php?rest_route=\/wp\/v2\/users\/3"}],"replies":[{"embeddable":true,"href":"https:\/\/www.rarom.ro\/index.php?rest_route=%2Fwp%2Fv2%2Fcomments&post=4470"}],"version-history":[{"count":1,"href":"https:\/\/www.rarom.ro\/index.php?rest_route=\/wp\/v2\/pages\/4470\/revisions"}],"predecessor-version":[{"id":4475,"href":"https:\/\/www.rarom.ro\/index.php?rest_route=\/wp\/v2\/pages\/4470\/revisions\/4475"}],"up":[{"embeddable":true,"href":"https:\/\/www.rarom.ro\/index.php?rest_route=\/wp\/v2\/pages\/4436"}],"wp:attachment":[{"href":"https:\/\/www.rarom.ro\/index.php?rest_route=%2Fwp%2Fv2%2Fmedia&parent=4470"}],"curies":[{"name":"wp","href":"https:\/\/api.w.org\/{rel}","templated":true}]}}