{"id":4464,"date":"2017-05-03T10:20:51","date_gmt":"2017-05-03T07:20:51","guid":{"rendered":"https:\/\/www.rarom.ro\/?page_id=4464"},"modified":"2017-05-03T10:20:51","modified_gmt":"2017-05-03T07:20:51","slug":"citroen-c3","status":"publish","type":"page","link":"https:\/\/www.rarom.ro\/?page_id=4464","title":{"rendered":"Citroen C3"},"content":{"rendered":"<p><strong>Test: Citroen C3<\/strong><\/p>\n<p><a href=\"https:\/\/www.rarom.ro\/wp-content\/uploads\/2017\/05\/TestCitroen_mare225.jpg\"><img loading=\"lazy\" decoding=\"async\" class=\"aligncenter size-full wp-image-4465\" src=\"https:\/\/www.rarom.ro\/wp-content\/uploads\/2017\/05\/TestCitroen_mare225.jpg\" alt=\"TestCitroen_mare225\" width=\"730\" height=\"450\" srcset=\"https:\/\/www.rarom.ro\/wp-content\/uploads\/2017\/05\/TestCitroen_mare225.jpg 730w, https:\/\/www.rarom.ro\/wp-content\/uploads\/2017\/05\/TestCitroen_mare225-300x185.jpg 300w\" sizes=\"auto, (max-width: 730px) 100vw, 730px\" \/><\/a><\/p>\n<p style=\"text-align: justify;\"><a href=\"https:\/\/www.rarom.ro\/wp-content\/uploads\/2017\/05\/TestCitroen_pagini225.jpg\"><img loading=\"lazy\" decoding=\"async\" class=\"size-full wp-image-4467 alignleft\" src=\"https:\/\/www.rarom.ro\/wp-content\/uploads\/2017\/05\/TestCitroen_pagini225.jpg\" alt=\"TestCitroen_pagini225\" width=\"250\" height=\"165\" \/><\/a>Nimic de spus: noul Citroen C3 \u015ftie s\u0103 se fac\u0103 remarcat. Caroseria vopsit\u0103 \u00een dou\u0103 culori, protec\u0163iile laterale cauciucate, jantele de aliaj de 17 inci, trei blocuri optice suprapuse sau decupajul discret al plafonului, toate \u00eel personalizeaz\u0103 de o asemenea manier\u0103 \u00eenc\u00e2t este greu s\u0103 nu \u00eel urm\u0103re\u015fti cu privirea dac\u0103 te intersectezi cu el pe undeva. [&#8230;]<\/p>\n","protected":false},"excerpt":{"rendered":"<p>Test: Citroen C3 Nimic de spus: noul Citroen C3 \u015ftie s\u0103 se fac\u0103 remarcat. Caroseria vopsit\u0103 \u00een dou\u0103 culori, protec\u0163iile laterale cauciucate, jantele de aliaj de 17 inci, trei blocuri optice suprapuse sau decupajul discret al plafonului, toate \u00eel personalizeaz\u0103 de o asemenea manier\u0103 \u00eenc\u00e2t este greu s\u0103 nu \u00eel urm\u0103re\u015fti cu privirea dac\u0103 te [&hellip;]<\/p>\n","protected":false},"author":3,"featured_media":0,"parent":4440,"menu_order":4,"comment_status":"closed","ping_status":"closed","template":"","meta":{"_acf_changed":false,"footnotes":""},"class_list":["post-4464","page","type-page","status-publish","hentry"],"acf":[],"_links":{"self":[{"href":"https:\/\/www.rarom.ro\/index.php?rest_route=\/wp\/v2\/pages\/4464","targetHints":{"allow":["GET"]}}],"collection":[{"href":"https:\/\/www.rarom.ro\/index.php?rest_route=\/wp\/v2\/pages"}],"about":[{"href":"https:\/\/www.rarom.ro\/index.php?rest_route=\/wp\/v2\/types\/page"}],"author":[{"embeddable":true,"href":"https:\/\/www.rarom.ro\/index.php?rest_route=\/wp\/v2\/users\/3"}],"replies":[{"embeddable":true,"href":"https:\/\/www.rarom.ro\/index.php?rest_route=%2Fwp%2Fv2%2Fcomments&post=4464"}],"version-history":[{"count":1,"href":"https:\/\/www.rarom.ro\/index.php?rest_route=\/wp\/v2\/pages\/4464\/revisions"}],"predecessor-version":[{"id":4469,"href":"https:\/\/www.rarom.ro\/index.php?rest_route=\/wp\/v2\/pages\/4464\/revisions\/4469"}],"up":[{"embeddable":true,"href":"https:\/\/www.rarom.ro\/index.php?rest_route=\/wp\/v2\/pages\/4440"}],"wp:attachment":[{"href":"https:\/\/www.rarom.ro\/index.php?rest_route=%2Fwp%2Fv2%2Fmedia&parent=4464"}],"curies":[{"name":"wp","href":"https:\/\/api.w.org\/{rel}","templated":true}]}}